{"id":2162,"date":"2024-01-11T13:57:50","date_gmt":"2024-01-11T13:57:50","guid":{"rendered":"https:\/\/europak.net\/product\/pacco-aluminijumska-folija-20-m-2\/"},"modified":"2024-02-02T12:54:16","modified_gmt":"2024-02-02T12:54:16","slug":"pacco-alufolie-20-m2","status":"publish","type":"product","link":"https:\/\/europak.net\/de\/proizvod\/pacco-aluminijumska-folija-20-m-2\/","title":{"rendered":"Pacco Alufolie 20 m"},"content":{"rendered":"<ul>\n<li>Langlebige, starke und widerstandsf\u00e4hige Aluminiumfolie<\/li>\n<li>Zum Verpacken und Aufbewahren im K\u00fchlschrank<\/li>\n<li>Zum Backen im Ofen und auf dem Grill<\/li>\n<li>H\u00e4lt Lebensmittel frisch<\/li>\n<\/ul>","protected":false},"excerpt":{"rendered":"<p>Kendo-Aluminiumfolie ist ideal f\u00fcr das allt\u00e4gliche Verpacken, Aufbewahren und Backen von Lebensmitteln. Dank der au\u00dfergew\u00f6hnlichen Qualit\u00e4t von Aluminium h\u00e4lt Kendo-Folie Lebensmittel frisch und sch\u00fctzt sie gleichzeitig vor Licht und unangenehmen Ger\u00fcchen. Es ist in mehreren Gr\u00f6\u00dfen erh\u00e4ltlich, um den Bed\u00fcrfnissen aller Benutzer gerecht zu werden. Gerichte, die in dieser Folie zubereitet und gelagert werden, behalten ihren nat\u00fcrlichen Geschmack und ihr nat\u00fcrliches Aroma, werden gleichm\u00e4\u00dfig gebacken, verschmutzen weder den Ofen noch den Grill, und die gelagerten Lebensmittel trocknen nicht aus, verlieren nicht ihren Geschmack und behalten ihre Temperatur f\u00fcr eine Weile lange Zeit.<\/p>","protected":false},"featured_media":0,"comment_status":"open","ping_status":"closed","template":"","meta":{"site-sidebar-layout":"default","site-content-layout":"","ast-site-content-layout":"default","site-content-style":"default","site-sidebar-style":"default","ast-global-header-display":"","ast-banner-title-visibility":"","ast-main-header-display":"","ast-hfb-above-header-display":"","ast-hfb-below-header-display":"","ast-hfb-mobile-header-display":"","site-post-title":"","ast-breadcrumbs-content":"","ast-featured-img":"","footer-sml-layout":"","ast-disable-related-posts":"","theme-transparent-header-meta":"default","adv-header-id-meta":"","stick-header-meta":"","header-above-stick-meta":"","header-main-stick-meta":"","header-below-stick-meta":"","astra-migrate-meta-layouts":"set","ast-page-background-enabled":"default","ast-page-background-meta":{"desktop":{"background-color":"var(--ast-global-color-4)","background-image":"","background-repeat":"repeat","background-position":"center center","background-size":"auto","background-attachment":"scroll","background-type":"","background-media":"","overlay-type":"","overlay-color":"","overlay-opacity":"","overlay-gradient":""},"tablet":{"background-color":"","background-image":"","background-repeat":"repeat","background-position":"center center","background-size":"auto","background-attachment":"scroll","background-type":"","background-media":"","overlay-type":"","overlay-color":"","overlay-opacity":"","overlay-gradient":""},"mobile":{"background-color":"","background-image":"","background-repeat":"repeat","background-position":"center center","background-size":"auto","background-attachment":"scroll","background-type":"","background-media":"","overlay-type":"","overlay-color":"","overlay-opacity":"","overlay-gradient":""}},"ast-content-background-meta":{"desktop":{"background-color":"var(--ast-global-color-5)","background-image":"","background-repeat":"repeat","background-position":"center center","background-size":"auto","background-attachment":"scroll","background-type":"","background-media":"","overlay-type":"","overlay-color":"","overlay-opacity":"","overlay-gradient":""},"tablet":{"background-color":"var(--ast-global-color-5)","background-image":"","background-repeat":"repeat","background-position":"center center","background-size":"auto","background-attachment":"scroll","background-type":"","background-media":"","overlay-type":"","overlay-color":"","overlay-opacity":"","overlay-gradient":""},"mobile":{"background-color":"var(--ast-global-color-5)","background-image":"","background-repeat":"repeat","background-position":"center center","background-size":"auto","background-attachment":"scroll","background-type":"","background-media":"","overlay-type":"","overlay-color":"","overlay-opacity":"","overlay-gradient":""}}},"product_brand":[],"product_cat":[38,35],"product_tag":[],"class_list":{"0":"post-2162","1":"product","2":"type-product","3":"status-publish","5":"product_cat-pacco","6":"product_cat-pakovanje-hrane","7":"desktop-align-left","8":"tablet-align-left","9":"mobile-align-left","11":"first","12":"instock","13":"shipping-taxable","14":"product-type-simple"},"_links":{"self":[{"href":"https:\/\/europak.net\/de\/wp-json\/wp\/v2\/product\/2162","targetHints":{"allow":["GET"]}}],"collection":[{"href":"https:\/\/europak.net\/de\/wp-json\/wp\/v2\/product"}],"about":[{"href":"https:\/\/europak.net\/de\/wp-json\/wp\/v2\/types\/product"}],"replies":[{"embeddable":true,"href":"https:\/\/europak.net\/de\/wp-json\/wp\/v2\/comments?post=2162"}],"wp:attachment":[{"href":"https:\/\/europak.net\/de\/wp-json\/wp\/v2\/media?parent=2162"}],"wp:term":[{"taxonomy":"product_brand","embeddable":true,"href":"https:\/\/europak.net\/de\/wp-json\/wp\/v2\/product_brand?post=2162"},{"taxonomy":"product_cat","embeddable":true,"href":"https:\/\/europak.net\/de\/wp-json\/wp\/v2\/product_cat?post=2162"},{"taxonomy":"product_tag","embeddable":true,"href":"https:\/\/europak.net\/de\/wp-json\/wp\/v2\/product_tag?post=2162"}],"curies":[{"name":"wp","href":"https:\/\/api.w.org\/{rel}","templated":true}]}}