{"id":2228,"date":"2024-01-12T10:57:54","date_gmt":"2024-01-12T10:57:54","guid":{"rendered":"https:\/\/europak.net\/product\/sundjer-abrazivni-2-1-zuto-cvece\/"},"modified":"2024-02-02T14:18:39","modified_gmt":"2024-02-02T14:18:39","slug":"scheuerschwamm-2-1-gelbe-bluten","status":"publish","type":"product","link":"https:\/\/europak.net\/de\/proizvod\/sundjer-abrazivni-2-1-zuto-cvece\/","title":{"rendered":"Schwammschleifmittel 2\/1 gelbe Bl\u00fcten"},"content":{"rendered":"<ul>\n<li>Vierlagiger Schwamm f\u00fcr effiziente Reinigung<\/li>\n<li>Entwickelt, um alle Arten von Schmutz m\u00fchelos zu entfernen<\/li>\n<li>Erh\u00e4ltlich in einer Vielzahl erfrischender fruchtiger und blumiger D\u00fcfte<\/li>\n<li>Die auf dem Tuch aufgedruckten Blumen passen zum Duft des Schwamms<\/li>\n<li>Der hocheffiziente Schleifteil reinigt hartn\u00e4ckigen Schmutz<\/li>\n<li>Lang anhaltende Leistung<\/li>\n<\/ul>","protected":false},"excerpt":{"rendered":"<p>Unser innovativer 4-lagiger Kendo-Duftschwamm ist eine echte Revolution in der Reinigung! Entwickelt, um empfindliche Oberfl\u00e4chen gleichzeitig kraftvoll zu reinigen und zu pflegen. Es besteht aus zwei Arten von Schw\u00e4mmen zur effektiven Reinigung, bedruckten T\u00fcchern mit entsprechenden D\u00fcften f\u00fcr ein Frischegef\u00fchl und einem abrasiven Teil zur Bek\u00e4mpfung hartn\u00e4ckiger Verschmutzungen. Verbessern Sie Ihr Reinigungserlebnis und bringen Sie bei jeder Bewegung einen wunderbaren Duft in Ihre K\u00fcche.<\/p>","protected":false},"featured_media":2293,"comment_status":"open","ping_status":"closed","template":"","meta":{"site-sidebar-layout":"default","site-content-layout":"","ast-site-content-layout":"default","site-content-style":"default","site-sidebar-style":"default","ast-global-header-display":"","ast-banner-title-visibility":"","ast-main-header-display":"","ast-hfb-above-header-display":"","ast-hfb-below-header-display":"","ast-hfb-mobile-header-display":"","site-post-title":"","ast-breadcrumbs-content":"","ast-featured-img":"","footer-sml-layout":"","ast-disable-related-posts":"","theme-transparent-header-meta":"default","adv-header-id-meta":"","stick-header-meta":"","header-above-stick-meta":"","header-main-stick-meta":"","header-below-stick-meta":"","astra-migrate-meta-layouts":"set","ast-page-background-enabled":"default","ast-page-background-meta":{"desktop":{"background-color":"var(--ast-global-color-4)","background-image":"","background-repeat":"repeat","background-position":"center center","background-size":"auto","background-attachment":"scroll","background-type":"","background-media":"","overlay-type":"","overlay-color":"","overlay-opacity":"","overlay-gradient":""},"tablet":{"background-color":"","background-image":"","background-repeat":"repeat","background-position":"center center","background-size":"auto","background-attachment":"scroll","background-type":"","background-media":"","overlay-type":"","overlay-color":"","overlay-opacity":"","overlay-gradient":""},"mobile":{"background-color":"","background-image":"","background-repeat":"repeat","background-position":"center center","background-size":"auto","background-attachment":"scroll","background-type":"","background-media":"","overlay-type":"","overlay-color":"","overlay-opacity":"","overlay-gradient":""}},"ast-content-background-meta":{"desktop":{"background-color":"var(--ast-global-color-5)","background-image":"","background-repeat":"repeat","background-position":"center center","background-size":"auto","background-attachment":"scroll","background-type":"","background-media":"","overlay-type":"","overlay-color":"","overlay-opacity":"","overlay-gradient":""},"tablet":{"background-color":"var(--ast-global-color-5)","background-image":"","background-repeat":"repeat","background-position":"center center","background-size":"auto","background-attachment":"scroll","background-type":"","background-media":"","overlay-type":"","overlay-color":"","overlay-opacity":"","overlay-gradient":""},"mobile":{"background-color":"var(--ast-global-color-5)","background-image":"","background-repeat":"repeat","background-position":"center center","background-size":"auto","background-attachment":"scroll","background-type":"","background-media":"","overlay-type":"","overlay-color":"","overlay-opacity":"","overlay-gradient":""}}},"product_brand":[],"product_cat":[21,22],"product_tag":[],"class_list":{"0":"post-2228","1":"product","2":"type-product","3":"status-publish","4":"has-post-thumbnail","6":"product_cat-kendo","7":"product_cat-sunderi","8":"desktop-align-left","9":"tablet-align-left","10":"mobile-align-left","12":"first","13":"instock","14":"shipping-taxable","15":"product-type-simple"},"_links":{"self":[{"href":"https:\/\/europak.net\/de\/wp-json\/wp\/v2\/product\/2228","targetHints":{"allow":["GET"]}}],"collection":[{"href":"https:\/\/europak.net\/de\/wp-json\/wp\/v2\/product"}],"about":[{"href":"https:\/\/europak.net\/de\/wp-json\/wp\/v2\/types\/product"}],"replies":[{"embeddable":true,"href":"https:\/\/europak.net\/de\/wp-json\/wp\/v2\/comments?post=2228"}],"wp:featuredmedia":[{"embeddable":true,"href":"https:\/\/europak.net\/de\/wp-json\/wp\/v2\/media\/2293"}],"wp:attachment":[{"href":"https:\/\/europak.net\/de\/wp-json\/wp\/v2\/media?parent=2228"}],"wp:term":[{"taxonomy":"product_brand","embeddable":true,"href":"https:\/\/europak.net\/de\/wp-json\/wp\/v2\/product_brand?post=2228"},{"taxonomy":"product_cat","embeddable":true,"href":"https:\/\/europak.net\/de\/wp-json\/wp\/v2\/product_cat?post=2228"},{"taxonomy":"product_tag","embeddable":true,"href":"https:\/\/europak.net\/de\/wp-json\/wp\/v2\/product_tag?post=2228"}],"curies":[{"name":"wp","href":"https:\/\/api.w.org\/{rel}","templated":true}]}}