{"id":2265,"date":"2024-01-12T10:58:18","date_gmt":"2024-01-12T10:58:18","guid":{"rendered":"https:\/\/europak.net\/product\/kendo-set-za-sudoper\/"},"modified":"2024-02-02T14:07:26","modified_gmt":"2024-02-02T14:07:26","slug":"kendo-spulbecken-set","status":"publish","type":"product","link":"https:\/\/europak.net\/de\/proizvod\/kendo-set-za-sudoper\/","title":{"rendered":"Kendo-Set f\u00fcr Waschbecken"},"content":{"rendered":"<ul>\n<li>Eingebauter Waschmittelspender und zwei Vorratsbeh\u00e4lter<\/li>\n<li>Die Schwammablage erm\u00f6glicht das Trocknen an der Luft und beugt so der Bildung von Bakterien und unangenehmen Ger\u00fcchen vor<\/li>\n<li>Ein Beh\u00e4lter f\u00fcr Schw\u00e4mme und Dr\u00e4hte sowie ein Sp\u00fclmittelspender an einem Ort<\/li>\n<li>Es hilft, Ordnung in Ihrer K\u00fcche zu halten und spart Zeit und M\u00fche beim Geschirrsp\u00fclen<\/li>\n<\/ul>","protected":false},"excerpt":{"rendered":"<p>Das Sp\u00fclbeckenset ist eine praktische L\u00f6sung, die Platz spart und Ihre K\u00fcche organisiert und sauber macht. Er vereint die Funktionen eines Sp\u00fclmittelspenders und eines Schwamm- und Drahthalters in einem. Diese Art von Produkt wurde entwickelt, um das Geschirrsp\u00fclen und die K\u00fcchenreinigung effizienter zu gestalten, indem das Wesentliche neben der Sp\u00fcle griffbereit aufbewahrt wird.<\/p>","protected":false},"featured_media":2432,"comment_status":"open","ping_status":"closed","template":"","meta":{"site-sidebar-layout":"default","site-content-layout":"","ast-site-content-layout":"default","site-content-style":"default","site-sidebar-style":"default","ast-global-header-display":"","ast-banner-title-visibility":"","ast-main-header-display":"","ast-hfb-above-header-display":"","ast-hfb-below-header-display":"","ast-hfb-mobile-header-display":"","site-post-title":"","ast-breadcrumbs-content":"","ast-featured-img":"","footer-sml-layout":"","ast-disable-related-posts":"","theme-transparent-header-meta":"default","adv-header-id-meta":"","stick-header-meta":"","header-above-stick-meta":"","header-main-stick-meta":"","header-below-stick-meta":"","astra-migrate-meta-layouts":"set","ast-page-background-enabled":"default","ast-page-background-meta":{"desktop":{"background-color":"var(--ast-global-color-4)","background-image":"","background-repeat":"repeat","background-position":"center center","background-size":"auto","background-attachment":"scroll","background-type":"","background-media":"","overlay-type":"","overlay-color":"","overlay-opacity":"","overlay-gradient":""},"tablet":{"background-color":"","background-image":"","background-repeat":"repeat","background-position":"center center","background-size":"auto","background-attachment":"scroll","background-type":"","background-media":"","overlay-type":"","overlay-color":"","overlay-opacity":"","overlay-gradient":""},"mobile":{"background-color":"","background-image":"","background-repeat":"repeat","background-position":"center center","background-size":"auto","background-attachment":"scroll","background-type":"","background-media":"","overlay-type":"","overlay-color":"","overlay-opacity":"","overlay-gradient":""}},"ast-content-background-meta":{"desktop":{"background-color":"var(--ast-global-color-5)","background-image":"","background-repeat":"repeat","background-position":"center center","background-size":"auto","background-attachment":"scroll","background-type":"","background-media":"","overlay-type":"","overlay-color":"","overlay-opacity":"","overlay-gradient":""},"tablet":{"background-color":"var(--ast-global-color-5)","background-image":"","background-repeat":"repeat","background-position":"center center","background-size":"auto","background-attachment":"scroll","background-type":"","background-media":"","overlay-type":"","overlay-color":"","overlay-opacity":"","overlay-gradient":""},"mobile":{"background-color":"var(--ast-global-color-5)","background-image":"","background-repeat":"repeat","background-position":"center center","background-size":"auto","background-attachment":"scroll","background-type":"","background-media":"","overlay-type":"","overlay-color":"","overlay-opacity":"","overlay-gradient":""}}},"product_brand":[],"product_cat":[488,21],"product_tag":[],"class_list":{"0":"post-2265","1":"product","2":"type-product","3":"status-publish","4":"has-post-thumbnail","6":"product_cat-dispenzeri","7":"product_cat-kendo","8":"desktop-align-left","9":"tablet-align-left","10":"mobile-align-left","12":"first","13":"instock","14":"shipping-taxable","15":"product-type-simple"},"_links":{"self":[{"href":"https:\/\/europak.net\/de\/wp-json\/wp\/v2\/product\/2265","targetHints":{"allow":["GET"]}}],"collection":[{"href":"https:\/\/europak.net\/de\/wp-json\/wp\/v2\/product"}],"about":[{"href":"https:\/\/europak.net\/de\/wp-json\/wp\/v2\/types\/product"}],"replies":[{"embeddable":true,"href":"https:\/\/europak.net\/de\/wp-json\/wp\/v2\/comments?post=2265"}],"wp:featuredmedia":[{"embeddable":true,"href":"https:\/\/europak.net\/de\/wp-json\/wp\/v2\/media\/2432"}],"wp:attachment":[{"href":"https:\/\/europak.net\/de\/wp-json\/wp\/v2\/media?parent=2265"}],"wp:term":[{"taxonomy":"product_brand","embeddable":true,"href":"https:\/\/europak.net\/de\/wp-json\/wp\/v2\/product_brand?post=2265"},{"taxonomy":"product_cat","embeddable":true,"href":"https:\/\/europak.net\/de\/wp-json\/wp\/v2\/product_cat?post=2265"},{"taxonomy":"product_tag","embeddable":true,"href":"https:\/\/europak.net\/de\/wp-json\/wp\/v2\/product_tag?post=2265"}],"curies":[{"name":"wp","href":"https:\/\/api.w.org\/{rel}","templated":true}]}}