{"id":2274,"date":"2024-01-12T10:58:23","date_gmt":"2024-01-12T10:58:23","guid":{"rendered":"https:\/\/europak.net\/product\/perfetto-djubrovnik-set\/"},"modified":"2024-02-02T14:19:58","modified_gmt":"2024-02-02T14:19:58","slug":"perfetto-dubrovnik-set","status":"publish","type":"product","link":"https:\/\/europak.net\/de\/proizvod\/perfetto-djubrovnik-set\/","title":{"rendered":"Perfetto D\u00fcngerset"},"content":{"rendered":"<ul>\n<li>Funktionsset: ein Besen und ein ausreichend gro\u00dfer D\u00fcngerbeh\u00e4lter<\/li>\n<li>Lange Griffe f\u00fcr m\u00fchelose Reinigung<\/li>\n<li>Das Set besteht aus strapazierf\u00e4higem Kunststoff<\/li>\n<li>Das Klicksystem erm\u00f6glicht die einfache Befestigung des Besens an der Kelle zur platzsparenden Aufbewahrung.<\/li>\n<li>Sowohl der Besen als auch der D\u00fcngerstreuer verf\u00fcgen \u00fcber ein Loch im Griff, wodurch die Produkte an einem Haken aufgeh\u00e4ngt werden k\u00f6nnen<\/li>\n<\/ul>","protected":false},"excerpt":{"rendered":"<p>Universelles Reinigungsset, bestehend aus einem Besen und einer robusten, ausreichend gro\u00dfen Kehrschaufel. Dank des langen Stiels von Besen und Kehrschaufel l\u00e4sst sich bequem reinigen, ohne den R\u00fccken zu beugen. Das Set eignet sich perfekt f\u00fcr die Reinigung kleiner und gro\u00dfer Fl\u00e4chen in jedem Haushalt. Mit dem Klicksystem l\u00e4sst sich der Besen einfach an der Kehrschaufel befestigen und das Set platzsparend verstauen.<\/p>","protected":false},"featured_media":2405,"comment_status":"open","ping_status":"closed","template":"","meta":{"site-sidebar-layout":"default","site-content-layout":"","ast-site-content-layout":"default","site-content-style":"default","site-sidebar-style":"default","ast-global-header-display":"","ast-banner-title-visibility":"","ast-main-header-display":"","ast-hfb-above-header-display":"","ast-hfb-below-header-display":"","ast-hfb-mobile-header-display":"","site-post-title":"","ast-breadcrumbs-content":"","ast-featured-img":"","footer-sml-layout":"","ast-disable-related-posts":"","theme-transparent-header-meta":"default","adv-header-id-meta":"","stick-header-meta":"","header-above-stick-meta":"","header-main-stick-meta":"","header-below-stick-meta":"","astra-migrate-meta-layouts":"set","ast-page-background-enabled":"default","ast-page-background-meta":{"desktop":{"background-color":"var(--ast-global-color-4)","background-image":"","background-repeat":"repeat","background-position":"center center","background-size":"auto","background-attachment":"scroll","background-type":"","background-media":"","overlay-type":"","overlay-color":"","overlay-opacity":"","overlay-gradient":""},"tablet":{"background-color":"","background-image":"","background-repeat":"repeat","background-position":"center center","background-size":"auto","background-attachment":"scroll","background-type":"","background-media":"","overlay-type":"","overlay-color":"","overlay-opacity":"","overlay-gradient":""},"mobile":{"background-color":"","background-image":"","background-repeat":"repeat","background-position":"center center","background-size":"auto","background-attachment":"scroll","background-type":"","background-media":"","overlay-type":"","overlay-color":"","overlay-opacity":"","overlay-gradient":""}},"ast-content-background-meta":{"desktop":{"background-color":"var(--ast-global-color-5)","background-image":"","background-repeat":"repeat","background-position":"center center","background-size":"auto","background-attachment":"scroll","background-type":"","background-media":"","overlay-type":"","overlay-color":"","overlay-opacity":"","overlay-gradient":""},"tablet":{"background-color":"var(--ast-global-color-5)","background-image":"","background-repeat":"repeat","background-position":"center center","background-size":"auto","background-attachment":"scroll","background-type":"","background-media":"","overlay-type":"","overlay-color":"","overlay-opacity":"","overlay-gradient":""},"mobile":{"background-color":"var(--ast-global-color-5)","background-image":"","background-repeat":"repeat","background-position":"center center","background-size":"auto","background-attachment":"scroll","background-type":"","background-media":"","overlay-type":"","overlay-color":"","overlay-opacity":"","overlay-gradient":""}}},"product_brand":[],"product_cat":[21,30],"product_tag":[],"class_list":{"0":"post-2274","1":"product","2":"type-product","3":"status-publish","4":"has-post-thumbnail","6":"product_cat-kendo","7":"product_cat-nega-podova","8":"desktop-align-left","9":"tablet-align-left","10":"mobile-align-left","12":"first","13":"instock","14":"shipping-taxable","15":"product-type-simple"},"_links":{"self":[{"href":"https:\/\/europak.net\/de\/wp-json\/wp\/v2\/product\/2274","targetHints":{"allow":["GET"]}}],"collection":[{"href":"https:\/\/europak.net\/de\/wp-json\/wp\/v2\/product"}],"about":[{"href":"https:\/\/europak.net\/de\/wp-json\/wp\/v2\/types\/product"}],"replies":[{"embeddable":true,"href":"https:\/\/europak.net\/de\/wp-json\/wp\/v2\/comments?post=2274"}],"wp:featuredmedia":[{"embeddable":true,"href":"https:\/\/europak.net\/de\/wp-json\/wp\/v2\/media\/2405"}],"wp:attachment":[{"href":"https:\/\/europak.net\/de\/wp-json\/wp\/v2\/media?parent=2274"}],"wp:term":[{"taxonomy":"product_brand","embeddable":true,"href":"https:\/\/europak.net\/de\/wp-json\/wp\/v2\/product_brand?post=2274"},{"taxonomy":"product_cat","embeddable":true,"href":"https:\/\/europak.net\/de\/wp-json\/wp\/v2\/product_cat?post=2274"},{"taxonomy":"product_tag","embeddable":true,"href":"https:\/\/europak.net\/de\/wp-json\/wp\/v2\/product_tag?post=2274"}],"curies":[{"name":"wp","href":"https:\/\/api.w.org\/{rel}","templated":true}]}}