{"id":506,"date":"2023-03-22T19:50:26","date_gmt":"2023-03-22T19:50:26","guid":{"rendered":"https:\/\/europak.net\/?post_type=product&#038;p=506"},"modified":"2023-12-22T10:53:48","modified_gmt":"2023-12-22T10:53:48","slug":"papiertaschentucher-klassisch-10-1","status":"publish","type":"product","link":"https:\/\/europak.net\/de\/proizvod\/papirne-maramice-klasik-10-1\/","title":{"rendered":"Papiertaschent\u00fccher Classic 10\/1"},"content":{"rendered":"<ul>\n<li>100% Zellulose<\/li>\n<li>3 Schichten<\/li>\n<li>Geruchlos<\/li>\n<li>Die individuelle Taschenverpackung passt problemlos in Handtaschen, Schultaschen usw.<\/li>\n<li>Weich, hochwertig und saugf\u00e4hig<\/li>\n<\/ul>","protected":false},"excerpt":{"rendered":"<p>Kendo papirne maramice ne\u017eno i pa\u017eljivo brinu o va\u0161oj ko\u017ei. Ne sadr\u017ee miris te su stoga pogodne i za osetljivu ko\u017eu. Napravljene su od \u010diste celuloze, od tri sloja kvalitetnog papira \u0161to pru\u017ea izuzetan ose\u0107aj meko\u0107e. D\u017eepno pakovanje je veoma prakti\u010dno za kori\u0161\u0107enje i no\u0161enje &#8211; lako staju u ta\u0161ne, \u0161kolske torbe, u automobil i drugo.<\/p>","protected":false},"featured_media":679,"comment_status":"closed","ping_status":"closed","template":"","meta":{"site-sidebar-layout":"default","site-content-layout":"default","ast-site-content-layout":"default","site-content-style":"default","site-sidebar-style":"default","ast-global-header-display":"","ast-banner-title-visibility":"","ast-main-header-display":"","ast-hfb-above-header-display":"","ast-hfb-below-header-display":"","ast-hfb-mobile-header-display":"","site-post-title":"","ast-breadcrumbs-content":"","ast-featured-img":"","footer-sml-layout":"","ast-disable-related-posts":"","theme-transparent-header-meta":"default","adv-header-id-meta":"","stick-header-meta":"","header-above-stick-meta":"","header-main-stick-meta":"","header-below-stick-meta":"","astra-migrate-meta-layouts":"set","ast-page-background-enabled":"default","ast-page-background-meta":{"desktop":{"background-color":"var(--ast-global-color-4)","background-image":"","background-repeat":"repeat","background-position":"center center","background-size":"auto","background-attachment":"scroll","background-type":"","background-media":"","overlay-type":"","overlay-color":"","overlay-opacity":"","overlay-gradient":""},"tablet":{"background-color":"","background-image":"","background-repeat":"repeat","background-position":"center center","background-size":"auto","background-attachment":"scroll","background-type":"","background-media":"","overlay-type":"","overlay-color":"","overlay-opacity":"","overlay-gradient":""},"mobile":{"background-color":"","background-image":"","background-repeat":"repeat","background-position":"center center","background-size":"auto","background-attachment":"scroll","background-type":"","background-media":"","overlay-type":"","overlay-color":"","overlay-opacity":"","overlay-gradient":""}},"ast-content-background-meta":{"desktop":{"background-color":"var(--ast-global-color-5)","background-image":"","background-repeat":"repeat","background-position":"center center","background-size":"auto","background-attachment":"scroll","background-type":"","background-media":"","overlay-type":"","overlay-color":"","overlay-opacity":"","overlay-gradient":""},"tablet":{"background-color":"var(--ast-global-color-5)","background-image":"","background-repeat":"repeat","background-position":"center center","background-size":"auto","background-attachment":"scroll","background-type":"","background-media":"","overlay-type":"","overlay-color":"","overlay-opacity":"","overlay-gradient":""},"mobile":{"background-color":"var(--ast-global-color-5)","background-image":"","background-repeat":"repeat","background-position":"center center","background-size":"auto","background-attachment":"scroll","background-type":"","background-media":"","overlay-type":"","overlay-color":"","overlay-opacity":"","overlay-gradient":""}}},"product_brand":[],"product_cat":[21,23],"product_tag":[],"class_list":{"0":"post-506","1":"product","2":"type-product","3":"status-publish","4":"has-post-thumbnail","6":"product_cat-kendo","7":"product_cat-papirni-program","8":"desktop-align-left","9":"tablet-align-left","10":"mobile-align-left","12":"first","13":"instock","14":"shipping-taxable","15":"product-type-simple"},"_links":{"self":[{"href":"https:\/\/europak.net\/de\/wp-json\/wp\/v2\/product\/506","targetHints":{"allow":["GET"]}}],"collection":[{"href":"https:\/\/europak.net\/de\/wp-json\/wp\/v2\/product"}],"about":[{"href":"https:\/\/europak.net\/de\/wp-json\/wp\/v2\/types\/product"}],"replies":[{"embeddable":true,"href":"https:\/\/europak.net\/de\/wp-json\/wp\/v2\/comments?post=506"}],"wp:featuredmedia":[{"embeddable":true,"href":"https:\/\/europak.net\/de\/wp-json\/wp\/v2\/media\/679"}],"wp:attachment":[{"href":"https:\/\/europak.net\/de\/wp-json\/wp\/v2\/media?parent=506"}],"wp:term":[{"taxonomy":"product_brand","embeddable":true,"href":"https:\/\/europak.net\/de\/wp-json\/wp\/v2\/product_brand?post=506"},{"taxonomy":"product_cat","embeddable":true,"href":"https:\/\/europak.net\/de\/wp-json\/wp\/v2\/product_cat?post=506"},{"taxonomy":"product_tag","embeddable":true,"href":"https:\/\/europak.net\/de\/wp-json\/wp\/v2\/product_tag?post=506"}],"curies":[{"name":"wp","href":"https:\/\/api.w.org\/{rel}","templated":true}]}}