{"id":507,"date":"2021-03-22T19:50:26","date_gmt":"2021-03-22T19:50:26","guid":{"rendered":"https:\/\/europak.net\/?post_type=product&#038;p=507"},"modified":"2024-02-02T12:25:57","modified_gmt":"2024-02-02T12:25:57","slug":"papiertaschentucher-mit-duft-10-1","status":"publish","type":"product","link":"https:\/\/europak.net\/de\/proizvod\/papirne-maramice-sa-mirisom-10-1\/","title":{"rendered":"Duftende Papiertaschent\u00fccher 10\/1"},"content":{"rendered":"<ul>\n<li>100% Zellulose<\/li>\n<li>3 Schichten<\/li>\n<li>Mit angenehmen D\u00fcften: Minze, Lavendel, Erdbeere und Sensitiv<\/li>\n<li>Die individuelle Taschenverpackung passt problemlos in Handtaschen, Schultaschen usw.<\/li>\n<li>Weich, hochwertig und saugf\u00e4hig<\/li>\n<\/ul>","protected":false},"excerpt":{"rendered":"<p>Kendo-Papiertaschent\u00fccher pflegen Ihre Haut sanft und schonend. Es gibt sie in mehreren anregenden Geschmacksrichtungen \u2013 Minze, Lavendel, Erdbeere und Sensitiv. Diese Duftnoten wirken sich auch positiv auf die Stimmung aus, erfrischen, entspannen und lindern Erk\u00e4ltungssymptome. Sie bestehen aus reiner Zellulose und drei Lagen Qualit\u00e4tspapier, was f\u00fcr ein au\u00dfergew\u00f6hnlich weiches Gef\u00fchl sorgt. Der Taschenrucksack ist sehr praktisch in der Handhabung und beim Tragen. Sie passen problemlos in Handtaschen, Schultaschen, Autos und mehr.<\/p>","protected":false},"featured_media":705,"comment_status":"closed","ping_status":"closed","template":"","meta":{"site-sidebar-layout":"default","site-content-layout":"default","ast-site-content-layout":"default","site-content-style":"default","site-sidebar-style":"default","ast-global-header-display":"","ast-banner-title-visibility":"","ast-main-header-display":"","ast-hfb-above-header-display":"","ast-hfb-below-header-display":"","ast-hfb-mobile-header-display":"","site-post-title":"","ast-breadcrumbs-content":"","ast-featured-img":"","footer-sml-layout":"","ast-disable-related-posts":"","theme-transparent-header-meta":"default","adv-header-id-meta":"","stick-header-meta":"","header-above-stick-meta":"","header-main-stick-meta":"","header-below-stick-meta":"","astra-migrate-meta-layouts":"set","ast-page-background-enabled":"default","ast-page-background-meta":{"desktop":{"background-color":"var(--ast-global-color-4)","background-image":"","background-repeat":"repeat","background-position":"center center","background-size":"auto","background-attachment":"scroll","background-type":"","background-media":"","overlay-type":"","overlay-color":"","overlay-opacity":"","overlay-gradient":""},"tablet":{"background-color":"","background-image":"","background-repeat":"repeat","background-position":"center center","background-size":"auto","background-attachment":"scroll","background-type":"","background-media":"","overlay-type":"","overlay-color":"","overlay-opacity":"","overlay-gradient":""},"mobile":{"background-color":"","background-image":"","background-repeat":"repeat","background-position":"center center","background-size":"auto","background-attachment":"scroll","background-type":"","background-media":"","overlay-type":"","overlay-color":"","overlay-opacity":"","overlay-gradient":""}},"ast-content-background-meta":{"desktop":{"background-color":"var(--ast-global-color-5)","background-image":"","background-repeat":"repeat","background-position":"center center","background-size":"auto","background-attachment":"scroll","background-type":"","background-media":"","overlay-type":"","overlay-color":"","overlay-opacity":"","overlay-gradient":""},"tablet":{"background-color":"var(--ast-global-color-5)","background-image":"","background-repeat":"repeat","background-position":"center center","background-size":"auto","background-attachment":"scroll","background-type":"","background-media":"","overlay-type":"","overlay-color":"","overlay-opacity":"","overlay-gradient":""},"mobile":{"background-color":"var(--ast-global-color-5)","background-image":"","background-repeat":"repeat","background-position":"center center","background-size":"auto","background-attachment":"scroll","background-type":"","background-media":"","overlay-type":"","overlay-color":"","overlay-opacity":"","overlay-gradient":""}}},"product_brand":[],"product_cat":[21,23],"product_tag":[],"class_list":{"0":"post-507","1":"product","2":"type-product","3":"status-publish","4":"has-post-thumbnail","6":"product_cat-kendo","7":"product_cat-papirni-program","8":"desktop-align-left","9":"tablet-align-left","10":"mobile-align-left","12":"first","13":"instock","14":"shipping-taxable","15":"product-type-simple"},"_links":{"self":[{"href":"https:\/\/europak.net\/de\/wp-json\/wp\/v2\/product\/507","targetHints":{"allow":["GET"]}}],"collection":[{"href":"https:\/\/europak.net\/de\/wp-json\/wp\/v2\/product"}],"about":[{"href":"https:\/\/europak.net\/de\/wp-json\/wp\/v2\/types\/product"}],"replies":[{"embeddable":true,"href":"https:\/\/europak.net\/de\/wp-json\/wp\/v2\/comments?post=507"}],"wp:featuredmedia":[{"embeddable":true,"href":"https:\/\/europak.net\/de\/wp-json\/wp\/v2\/media\/705"}],"wp:attachment":[{"href":"https:\/\/europak.net\/de\/wp-json\/wp\/v2\/media?parent=507"}],"wp:term":[{"taxonomy":"product_brand","embeddable":true,"href":"https:\/\/europak.net\/de\/wp-json\/wp\/v2\/product_brand?post=507"},{"taxonomy":"product_cat","embeddable":true,"href":"https:\/\/europak.net\/de\/wp-json\/wp\/v2\/product_cat?post=507"},{"taxonomy":"product_tag","embeddable":true,"href":"https:\/\/europak.net\/de\/wp-json\/wp\/v2\/product_tag?post=507"}],"curies":[{"name":"wp","href":"https:\/\/api.w.org\/{rel}","templated":true}]}}