{"id":532,"date":"2023-03-22T19:50:27","date_gmt":"2023-03-22T19:50:27","guid":{"rendered":"https:\/\/europak.net\/?post_type=product&#038;p=532"},"modified":"2023-12-22T10:46:20","modified_gmt":"2023-12-22T10:46:20","slug":"perfetto-mehrzwecktuch-3-1","status":"publish","type":"product","link":"https:\/\/europak.net\/de\/proizvod\/perfetto-visenamenska-krpa-3-1\/","title":{"rendered":"Perfetto Mehrzwecktuch 3\/1"},"content":{"rendered":"<ul>\n<li>Die Gr\u00f6\u00dfe des Tuches betr\u00e4gt 38x40cm<\/li>\n<li>Extra Saugkraft<\/li>\n<li>Es l\u00e4sst sich schnell absp\u00fclen und trocknen<\/li>\n<li>F\u00fcr alle Arten von Oberfl\u00e4chen im Haushalt<\/li>\n<\/ul>","protected":false},"excerpt":{"rendered":"<p>Das Kendo-Mehrzwecktuch ist f\u00fcr die Reinigung der unterschiedlichsten Oberfl\u00e4chen im Haus bestimmt. Es nimmt Fl\u00fcssigkeiten perfekt auf, erm\u00f6glicht aber auch eine sehr schnelle Aufnahme aller Schmutzpartikel und ein einfaches Abwaschen. Das Mehrzwecktuch ist eine effiziente und wirtschaftliche Wahl zum Reinigen und Desinfizieren aller Oberfl\u00e4chen, auch empfindlicher.<\/p>","protected":false},"featured_media":691,"comment_status":"closed","ping_status":"closed","template":"","meta":{"site-sidebar-layout":"default","site-content-layout":"default","ast-site-content-layout":"default","site-content-style":"default","site-sidebar-style":"default","ast-global-header-display":"","ast-banner-title-visibility":"","ast-main-header-display":"","ast-hfb-above-header-display":"","ast-hfb-below-header-display":"","ast-hfb-mobile-header-display":"","site-post-title":"","ast-breadcrumbs-content":"","ast-featured-img":"","footer-sml-layout":"","ast-disable-related-posts":"","theme-transparent-header-meta":"default","adv-header-id-meta":"","stick-header-meta":"","header-above-stick-meta":"","header-main-stick-meta":"","header-below-stick-meta":"","astra-migrate-meta-layouts":"set","ast-page-background-enabled":"default","ast-page-background-meta":{"desktop":{"background-color":"var(--ast-global-color-4)","background-image":"","background-repeat":"repeat","background-position":"center center","background-size":"auto","background-attachment":"scroll","background-type":"","background-media":"","overlay-type":"","overlay-color":"","overlay-opacity":"","overlay-gradient":""},"tablet":{"background-color":"","background-image":"","background-repeat":"repeat","background-position":"center center","background-size":"auto","background-attachment":"scroll","background-type":"","background-media":"","overlay-type":"","overlay-color":"","overlay-opacity":"","overlay-gradient":""},"mobile":{"background-color":"","background-image":"","background-repeat":"repeat","background-position":"center center","background-size":"auto","background-attachment":"scroll","background-type":"","background-media":"","overlay-type":"","overlay-color":"","overlay-opacity":"","overlay-gradient":""}},"ast-content-background-meta":{"desktop":{"background-color":"var(--ast-global-color-5)","background-image":"","background-repeat":"repeat","background-position":"center center","background-size":"auto","background-attachment":"scroll","background-type":"","background-media":"","overlay-type":"","overlay-color":"","overlay-opacity":"","overlay-gradient":""},"tablet":{"background-color":"var(--ast-global-color-5)","background-image":"","background-repeat":"repeat","background-position":"center center","background-size":"auto","background-attachment":"scroll","background-type":"","background-media":"","overlay-type":"","overlay-color":"","overlay-opacity":"","overlay-gradient":""},"mobile":{"background-color":"var(--ast-global-color-5)","background-image":"","background-repeat":"repeat","background-position":"center center","background-size":"auto","background-attachment":"scroll","background-type":"","background-media":"","overlay-type":"","overlay-color":"","overlay-opacity":"","overlay-gradient":""}}},"product_brand":[],"product_cat":[25,24],"product_tag":[],"class_list":{"0":"post-532","1":"product","2":"type-product","3":"status-publish","4":"has-post-thumbnail","6":"product_cat-krpe","7":"product_cat-perfetto","8":"desktop-align-left","9":"tablet-align-left","10":"mobile-align-left","12":"first","13":"instock","14":"shipping-taxable","15":"product-type-simple"},"_links":{"self":[{"href":"https:\/\/europak.net\/de\/wp-json\/wp\/v2\/product\/532","targetHints":{"allow":["GET"]}}],"collection":[{"href":"https:\/\/europak.net\/de\/wp-json\/wp\/v2\/product"}],"about":[{"href":"https:\/\/europak.net\/de\/wp-json\/wp\/v2\/types\/product"}],"replies":[{"embeddable":true,"href":"https:\/\/europak.net\/de\/wp-json\/wp\/v2\/comments?post=532"}],"wp:featuredmedia":[{"embeddable":true,"href":"https:\/\/europak.net\/de\/wp-json\/wp\/v2\/media\/691"}],"wp:attachment":[{"href":"https:\/\/europak.net\/de\/wp-json\/wp\/v2\/media?parent=532"}],"wp:term":[{"taxonomy":"product_brand","embeddable":true,"href":"https:\/\/europak.net\/de\/wp-json\/wp\/v2\/product_brand?post=532"},{"taxonomy":"product_cat","embeddable":true,"href":"https:\/\/europak.net\/de\/wp-json\/wp\/v2\/product_cat?post=532"},{"taxonomy":"product_tag","embeddable":true,"href":"https:\/\/europak.net\/de\/wp-json\/wp\/v2\/product_tag?post=532"}],"curies":[{"name":"wp","href":"https:\/\/api.w.org\/{rel}","templated":true}]}}