{"id":544,"date":"2023-03-22T19:50:31","date_gmt":"2023-03-22T19:50:31","guid":{"rendered":"https:\/\/europak.net\/?post_type=product&#038;p=544"},"modified":"2023-12-22T10:05:12","modified_gmt":"2023-12-22T10:05:12","slug":"perfetto-inox-kissen-1-1","status":"publish","type":"product","link":"https:\/\/europak.net\/de\/proizvod\/perfetto-inox-jastuce-1-1\/","title":{"rendered":"Perfetto Edelstahlkissen 1\/1"},"content":{"rendered":"<ul>\n<li>Ein Penny wie ein Schwamm, ein Fisch wie ein Draht<\/li>\n<li>Mit einem speziellen Metallgewebe ummantelter Schwamm<\/li>\n<li>Zur Reinigung empfindlicher Oberfl\u00e4chen wie Teflon-, Edelstahl- und Porzellangeschirr<\/li>\n<li>Besch\u00e4digt die Schutzschicht von T\u00f6pfen und Pfannen nicht<\/li>\n<li>Hinterl\u00e4sst keine Spuren oder Flecken<\/li>\n<li>Langlebig und langlebig<\/li>\n<\/ul>","protected":false},"excerpt":{"rendered":"<p>Edelstahlpads sind zum Entfernen hartn\u00e4ckiger Ablagerungen von empfindlichen Oberfl\u00e4chen bestimmt. Der Schwamm ist mit einem speziellen Metallgewebe beschichtet, das das Waschen empfindlicher Oberfl\u00e4chen wie Teflon und Edelstahl erm\u00f6glicht. Geeignet zum Reinigen von Pfannen, Back\u00f6fen und anderen empfindlichen Oberfl\u00e4chen wie Porzellan und Glas. Besch\u00e4digt oder hinterl\u00e4sst keine Kratzer. Es wird mit Geschirrsp\u00fclmittel verwendet und l\u00e4sst sich leicht absp\u00fclen.<\/p>","protected":false},"featured_media":909,"comment_status":"closed","ping_status":"closed","template":"","meta":{"site-sidebar-layout":"default","site-content-layout":"default","ast-site-content-layout":"default","site-content-style":"default","site-sidebar-style":"default","ast-global-header-display":"","ast-banner-title-visibility":"","ast-main-header-display":"","ast-hfb-above-header-display":"","ast-hfb-below-header-display":"","ast-hfb-mobile-header-display":"","site-post-title":"","ast-breadcrumbs-content":"","ast-featured-img":"","footer-sml-layout":"","ast-disable-related-posts":"","theme-transparent-header-meta":"default","adv-header-id-meta":"","stick-header-meta":"","header-above-stick-meta":"","header-main-stick-meta":"","header-below-stick-meta":"","astra-migrate-meta-layouts":"set","ast-page-background-enabled":"default","ast-page-background-meta":{"desktop":{"background-color":"var(--ast-global-color-4)","background-image":"","background-repeat":"repeat","background-position":"center center","background-size":"auto","background-attachment":"scroll","background-type":"","background-media":"","overlay-type":"","overlay-color":"","overlay-opacity":"","overlay-gradient":""},"tablet":{"background-color":"","background-image":"","background-repeat":"repeat","background-position":"center center","background-size":"auto","background-attachment":"scroll","background-type":"","background-media":"","overlay-type":"","overlay-color":"","overlay-opacity":"","overlay-gradient":""},"mobile":{"background-color":"","background-image":"","background-repeat":"repeat","background-position":"center center","background-size":"auto","background-attachment":"scroll","background-type":"","background-media":"","overlay-type":"","overlay-color":"","overlay-opacity":"","overlay-gradient":""}},"ast-content-background-meta":{"desktop":{"background-color":"var(--ast-global-color-5)","background-image":"","background-repeat":"repeat","background-position":"center center","background-size":"auto","background-attachment":"scroll","background-type":"","background-media":"","overlay-type":"","overlay-color":"","overlay-opacity":"","overlay-gradient":""},"tablet":{"background-color":"var(--ast-global-color-5)","background-image":"","background-repeat":"repeat","background-position":"center center","background-size":"auto","background-attachment":"scroll","background-type":"","background-media":"","overlay-type":"","overlay-color":"","overlay-opacity":"","overlay-gradient":""},"mobile":{"background-color":"var(--ast-global-color-5)","background-image":"","background-repeat":"repeat","background-position":"center center","background-size":"auto","background-attachment":"scroll","background-type":"","background-media":"","overlay-type":"","overlay-color":"","overlay-opacity":"","overlay-gradient":""}}},"product_brand":[],"product_cat":[24,28],"product_tag":[],"class_list":{"0":"post-544","1":"product","2":"type-product","3":"status-publish","4":"has-post-thumbnail","6":"product_cat-perfetto","7":"product_cat-zice","8":"desktop-align-left","9":"tablet-align-left","10":"mobile-align-left","12":"first","13":"instock","14":"shipping-taxable","15":"product-type-simple"},"_links":{"self":[{"href":"https:\/\/europak.net\/de\/wp-json\/wp\/v2\/product\/544","targetHints":{"allow":["GET"]}}],"collection":[{"href":"https:\/\/europak.net\/de\/wp-json\/wp\/v2\/product"}],"about":[{"href":"https:\/\/europak.net\/de\/wp-json\/wp\/v2\/types\/product"}],"replies":[{"embeddable":true,"href":"https:\/\/europak.net\/de\/wp-json\/wp\/v2\/comments?post=544"}],"wp:featuredmedia":[{"embeddable":true,"href":"https:\/\/europak.net\/de\/wp-json\/wp\/v2\/media\/909"}],"wp:attachment":[{"href":"https:\/\/europak.net\/de\/wp-json\/wp\/v2\/media?parent=544"}],"wp:term":[{"taxonomy":"product_brand","embeddable":true,"href":"https:\/\/europak.net\/de\/wp-json\/wp\/v2\/product_brand?post=544"},{"taxonomy":"product_cat","embeddable":true,"href":"https:\/\/europak.net\/de\/wp-json\/wp\/v2\/product_cat?post=544"},{"taxonomy":"product_tag","embeddable":true,"href":"https:\/\/europak.net\/de\/wp-json\/wp\/v2\/product_tag?post=544"}],"curies":[{"name":"wp","href":"https:\/\/api.w.org\/{rel}","templated":true}]}}