{"id":550,"date":"2023-03-22T19:50:34","date_gmt":"2023-03-22T19:50:34","guid":{"rendered":"https:\/\/europak.net\/?post_type=product&#038;p=550"},"modified":"2023-12-22T10:01:22","modified_gmt":"2023-12-22T10:01:22","slug":"kendo-baumwollmopp-170-g","status":"publish","type":"product","link":"https:\/\/europak.net\/de\/proizvod\/kendo-pamucni-mop-170-g\/","title":{"rendered":"Kendo Baumwollmopp 170 g"},"content":{"rendered":"<ul>\n<li>Die hochwertigsten Baumwollquasten<\/li>\n<li>Extrem strapazierf\u00e4hige Baumwolle<\/li>\n<li>Sehr saugf\u00e4hig<\/li>\n<li>Zur Reinigung von Fliesen, Laminat und Terrakotta<\/li>\n<li>Es kann mit Waschmitteln und anderen Reinigungsmitteln verwendet werden<\/li>\n<\/ul>","protected":false},"excerpt":{"rendered":"<p>Baumwollmopp mit Fransen eignet sich f\u00fcr die Nassreinigung von mittel- und stark verschmutzten Innenb\u00f6den (in Krankenh\u00e4usern, Hotels, B\u00fcros usw.). Es h\u00e4lt den Schmutz fest, bis er abgewaschen wird, und verteilt ihn nicht auf der gereinigten Oberfl\u00e4che. Es ist f\u00fcr den Einsatz mit Reinigungsmitteln geeignet. Zur Reinigung von Fliesen, Laminat, Gussb\u00f6den und Terrakotta.<\/p>","protected":false},"featured_media":0,"comment_status":"closed","ping_status":"closed","template":"","meta":{"site-sidebar-layout":"default","site-content-layout":"default","ast-site-content-layout":"default","site-content-style":"default","site-sidebar-style":"default","ast-global-header-display":"","ast-banner-title-visibility":"","ast-main-header-display":"","ast-hfb-above-header-display":"","ast-hfb-below-header-display":"","ast-hfb-mobile-header-display":"","site-post-title":"","ast-breadcrumbs-content":"","ast-featured-img":"","footer-sml-layout":"","ast-disable-related-posts":"","theme-transparent-header-meta":"default","adv-header-id-meta":"","stick-header-meta":"","header-above-stick-meta":"","header-main-stick-meta":"","header-below-stick-meta":"","astra-migrate-meta-layouts":"set","ast-page-background-enabled":"default","ast-page-background-meta":{"desktop":{"background-color":"var(--ast-global-color-4)","background-image":"","background-repeat":"repeat","background-position":"center center","background-size":"auto","background-attachment":"scroll","background-type":"","background-media":"","overlay-type":"","overlay-color":"","overlay-opacity":"","overlay-gradient":""},"tablet":{"background-color":"","background-image":"","background-repeat":"repeat","background-position":"center center","background-size":"auto","background-attachment":"scroll","background-type":"","background-media":"","overlay-type":"","overlay-color":"","overlay-opacity":"","overlay-gradient":""},"mobile":{"background-color":"","background-image":"","background-repeat":"repeat","background-position":"center center","background-size":"auto","background-attachment":"scroll","background-type":"","background-media":"","overlay-type":"","overlay-color":"","overlay-opacity":"","overlay-gradient":""}},"ast-content-background-meta":{"desktop":{"background-color":"var(--ast-global-color-5)","background-image":"","background-repeat":"repeat","background-position":"center center","background-size":"auto","background-attachment":"scroll","background-type":"","background-media":"","overlay-type":"","overlay-color":"","overlay-opacity":"","overlay-gradient":""},"tablet":{"background-color":"var(--ast-global-color-5)","background-image":"","background-repeat":"repeat","background-position":"center center","background-size":"auto","background-attachment":"scroll","background-type":"","background-media":"","overlay-type":"","overlay-color":"","overlay-opacity":"","overlay-gradient":""},"mobile":{"background-color":"var(--ast-global-color-5)","background-image":"","background-repeat":"repeat","background-position":"center center","background-size":"auto","background-attachment":"scroll","background-type":"","background-media":"","overlay-type":"","overlay-color":"","overlay-opacity":"","overlay-gradient":""}}},"product_brand":[],"product_cat":[21,30],"product_tag":[],"class_list":{"0":"post-550","1":"product","2":"type-product","3":"status-publish","5":"product_cat-kendo","6":"product_cat-nega-podova","7":"desktop-align-left","8":"tablet-align-left","9":"mobile-align-left","11":"first","12":"instock","13":"shipping-taxable","14":"product-type-simple"},"_links":{"self":[{"href":"https:\/\/europak.net\/de\/wp-json\/wp\/v2\/product\/550","targetHints":{"allow":["GET"]}}],"collection":[{"href":"https:\/\/europak.net\/de\/wp-json\/wp\/v2\/product"}],"about":[{"href":"https:\/\/europak.net\/de\/wp-json\/wp\/v2\/types\/product"}],"replies":[{"embeddable":true,"href":"https:\/\/europak.net\/de\/wp-json\/wp\/v2\/comments?post=550"}],"wp:attachment":[{"href":"https:\/\/europak.net\/de\/wp-json\/wp\/v2\/media?parent=550"}],"wp:term":[{"taxonomy":"product_brand","embeddable":true,"href":"https:\/\/europak.net\/de\/wp-json\/wp\/v2\/product_brand?post=550"},{"taxonomy":"product_cat","embeddable":true,"href":"https:\/\/europak.net\/de\/wp-json\/wp\/v2\/product_cat?post=550"},{"taxonomy":"product_tag","embeddable":true,"href":"https:\/\/europak.net\/de\/wp-json\/wp\/v2\/product_tag?post=550"}],"curies":[{"name":"wp","href":"https:\/\/api.w.org\/{rel}","templated":true}]}}