{"id":558,"date":"2023-03-22T19:50:39","date_gmt":"2023-03-22T19:50:39","guid":{"rendered":"https:\/\/europak.net\/?post_type=product&#038;p=558"},"modified":"2023-12-22T09:47:18","modified_gmt":"2023-12-22T09:47:18","slug":"kendo-magnetisches-mikrofaser-mopp-set","status":"publish","type":"product","link":"https:\/\/europak.net\/de\/proizvod\/kendo-magnentni-mikrofiber-mop-set\/","title":{"rendered":"Kendo magnetisches Mikrofaser-Mopp-Set"},"content":{"rendered":"<ul>\n<li>PRAKTISCHER VERSCHLUSS: Dank des Magnetverschlusses l\u00e4sst sich der faltbare Wischmopphalter ganz einfach verriegeln.<\/li>\n<li>Der Teleskopgriff l\u00e4sst sich je nach K\u00f6rpergr\u00f6\u00dfe des Benutzers verstellen<\/li>\n<li>Ein extrem saugf\u00e4higes Mikrofasertuch, das den gesamten Schmutz aufnimmt<\/li>\n<li>Es erreicht die kleinsten schwer zug\u00e4nglichen Stellen wie Raumecken und unter den M\u00f6beln<\/li>\n<\/ul>","protected":false},"excerpt":{"rendered":"<p>Das Kendo-Mikrofaser-Magnetmopp-Set mit robustem Teleskopstiel und gro\u00dfem Moppkopf bietet eine einfache und schnelle M\u00f6glichkeit, B\u00f6den zu reinigen. Ein einfacher und funktioneller Mopp erreicht schwer zug\u00e4ngliche Stellen und sammelt den gesamten Schmutz. Geeignet f\u00fcr den trockenen Einsatz \u2013 zum Staubwischen oder nassen Einsatz \u2013 zum Reinigen von B\u00f6den. Das Mikrofasertuch ist \u00e4u\u00dferst saugf\u00e4hig und reinigt effektiv jeglichen Schmutz.<\/p>","protected":false},"featured_media":893,"comment_status":"closed","ping_status":"closed","template":"","meta":{"site-sidebar-layout":"default","site-content-layout":"default","ast-site-content-layout":"default","site-content-style":"default","site-sidebar-style":"default","ast-global-header-display":"","ast-banner-title-visibility":"","ast-main-header-display":"","ast-hfb-above-header-display":"","ast-hfb-below-header-display":"","ast-hfb-mobile-header-display":"","site-post-title":"","ast-breadcrumbs-content":"","ast-featured-img":"","footer-sml-layout":"","ast-disable-related-posts":"","theme-transparent-header-meta":"default","adv-header-id-meta":"","stick-header-meta":"","header-above-stick-meta":"","header-main-stick-meta":"","header-below-stick-meta":"","astra-migrate-meta-layouts":"set","ast-page-background-enabled":"default","ast-page-background-meta":{"desktop":{"background-color":"var(--ast-global-color-4)","background-image":"","background-repeat":"repeat","background-position":"center center","background-size":"auto","background-attachment":"scroll","background-type":"","background-media":"","overlay-type":"","overlay-color":"","overlay-opacity":"","overlay-gradient":""},"tablet":{"background-color":"","background-image":"","background-repeat":"repeat","background-position":"center center","background-size":"auto","background-attachment":"scroll","background-type":"","background-media":"","overlay-type":"","overlay-color":"","overlay-opacity":"","overlay-gradient":""},"mobile":{"background-color":"","background-image":"","background-repeat":"repeat","background-position":"center center","background-size":"auto","background-attachment":"scroll","background-type":"","background-media":"","overlay-type":"","overlay-color":"","overlay-opacity":"","overlay-gradient":""}},"ast-content-background-meta":{"desktop":{"background-color":"var(--ast-global-color-5)","background-image":"","background-repeat":"repeat","background-position":"center center","background-size":"auto","background-attachment":"scroll","background-type":"","background-media":"","overlay-type":"","overlay-color":"","overlay-opacity":"","overlay-gradient":""},"tablet":{"background-color":"var(--ast-global-color-5)","background-image":"","background-repeat":"repeat","background-position":"center center","background-size":"auto","background-attachment":"scroll","background-type":"","background-media":"","overlay-type":"","overlay-color":"","overlay-opacity":"","overlay-gradient":""},"mobile":{"background-color":"var(--ast-global-color-5)","background-image":"","background-repeat":"repeat","background-position":"center center","background-size":"auto","background-attachment":"scroll","background-type":"","background-media":"","overlay-type":"","overlay-color":"","overlay-opacity":"","overlay-gradient":""}}},"product_brand":[],"product_cat":[21,30],"product_tag":[],"class_list":{"0":"post-558","1":"product","2":"type-product","3":"status-publish","4":"has-post-thumbnail","6":"product_cat-kendo","7":"product_cat-nega-podova","8":"desktop-align-left","9":"tablet-align-left","10":"mobile-align-left","12":"first","13":"instock","14":"shipping-taxable","15":"product-type-simple"},"_links":{"self":[{"href":"https:\/\/europak.net\/de\/wp-json\/wp\/v2\/product\/558","targetHints":{"allow":["GET"]}}],"collection":[{"href":"https:\/\/europak.net\/de\/wp-json\/wp\/v2\/product"}],"about":[{"href":"https:\/\/europak.net\/de\/wp-json\/wp\/v2\/types\/product"}],"replies":[{"embeddable":true,"href":"https:\/\/europak.net\/de\/wp-json\/wp\/v2\/comments?post=558"}],"wp:featuredmedia":[{"embeddable":true,"href":"https:\/\/europak.net\/de\/wp-json\/wp\/v2\/media\/893"}],"wp:attachment":[{"href":"https:\/\/europak.net\/de\/wp-json\/wp\/v2\/media?parent=558"}],"wp:term":[{"taxonomy":"product_brand","embeddable":true,"href":"https:\/\/europak.net\/de\/wp-json\/wp\/v2\/product_brand?post=558"},{"taxonomy":"product_cat","embeddable":true,"href":"https:\/\/europak.net\/de\/wp-json\/wp\/v2\/product_cat?post=558"},{"taxonomy":"product_tag","embeddable":true,"href":"https:\/\/europak.net\/de\/wp-json\/wp\/v2\/product_tag?post=558"}],"curies":[{"name":"wp","href":"https:\/\/api.w.org\/{rel}","templated":true}]}}