{"id":564,"date":"2023-03-22T19:50:42","date_gmt":"2023-03-22T19:50:42","guid":{"rendered":"https:\/\/europak.net\/?post_type=product&#038;p=564"},"modified":"2023-12-22T09:35:58","modified_gmt":"2023-12-22T09:35:58","slug":"perfetto-nachfullpackung-fur-wischmopp-set","status":"publish","type":"product","link":"https:\/\/europak.net\/de\/proizvod\/perfetto-refil-za-mop-set\/","title":{"rendered":"Perfetto-Nachf\u00fcllung f\u00fcr Wischmopp-Set"},"content":{"rendered":"<ul>\n<li>Ein hochsaugf\u00e4higes Mikrofasertuch, das den gesamten Schmutz aufnimmt<\/li>\n<li>Zur Verwendung mit dem Perfetto-Moppset<\/li>\n<li>Es erreicht schwer zug\u00e4ngliche Stellen wie Raumecken und unter M\u00f6beln<\/li>\n<\/ul>","protected":false},"excerpt":{"rendered":"<p>Mit der Perfetto-Nachf\u00fcllpackung f\u00fcr Mikrofasermopps k\u00f6nnen Sie sich \u00fcber saubere B\u00f6den in Ihrem Zuhause freuen. Es wird mit dem Perfetto-Moppset verwendet, das schwer zug\u00e4ngliche Stellen erreicht und den gesamten Schmutz auff\u00e4ngt. Geeignet f\u00fcr den trockenen Einsatz \u2013 zum Staubwischen oder nassen Einsatz \u2013 zum Reinigen von B\u00f6den. Das Mikrofasertuch nimmt Schmutz gut auf und reinigt ihn effektiv.<\/p>","protected":false},"featured_media":905,"comment_status":"closed","ping_status":"closed","template":"","meta":{"site-sidebar-layout":"default","site-content-layout":"default","ast-site-content-layout":"default","site-content-style":"default","site-sidebar-style":"default","ast-global-header-display":"","ast-banner-title-visibility":"","ast-main-header-display":"","ast-hfb-above-header-display":"","ast-hfb-below-header-display":"","ast-hfb-mobile-header-display":"","site-post-title":"","ast-breadcrumbs-content":"","ast-featured-img":"","footer-sml-layout":"","ast-disable-related-posts":"","theme-transparent-header-meta":"default","adv-header-id-meta":"","stick-header-meta":"","header-above-stick-meta":"","header-main-stick-meta":"","header-below-stick-meta":"","astra-migrate-meta-layouts":"set","ast-page-background-enabled":"default","ast-page-background-meta":{"desktop":{"background-color":"var(--ast-global-color-4)","background-image":"","background-repeat":"repeat","background-position":"center center","background-size":"auto","background-attachment":"scroll","background-type":"","background-media":"","overlay-type":"","overlay-color":"","overlay-opacity":"","overlay-gradient":""},"tablet":{"background-color":"","background-image":"","background-repeat":"repeat","background-position":"center center","background-size":"auto","background-attachment":"scroll","background-type":"","background-media":"","overlay-type":"","overlay-color":"","overlay-opacity":"","overlay-gradient":""},"mobile":{"background-color":"","background-image":"","background-repeat":"repeat","background-position":"center center","background-size":"auto","background-attachment":"scroll","background-type":"","background-media":"","overlay-type":"","overlay-color":"","overlay-opacity":"","overlay-gradient":""}},"ast-content-background-meta":{"desktop":{"background-color":"var(--ast-global-color-5)","background-image":"","background-repeat":"repeat","background-position":"center center","background-size":"auto","background-attachment":"scroll","background-type":"","background-media":"","overlay-type":"","overlay-color":"","overlay-opacity":"","overlay-gradient":""},"tablet":{"background-color":"var(--ast-global-color-5)","background-image":"","background-repeat":"repeat","background-position":"center center","background-size":"auto","background-attachment":"scroll","background-type":"","background-media":"","overlay-type":"","overlay-color":"","overlay-opacity":"","overlay-gradient":""},"mobile":{"background-color":"var(--ast-global-color-5)","background-image":"","background-repeat":"repeat","background-position":"center center","background-size":"auto","background-attachment":"scroll","background-type":"","background-media":"","overlay-type":"","overlay-color":"","overlay-opacity":"","overlay-gradient":""}}},"product_brand":[],"product_cat":[30,24],"product_tag":[],"class_list":{"0":"post-564","1":"product","2":"type-product","3":"status-publish","4":"has-post-thumbnail","6":"product_cat-nega-podova","7":"product_cat-perfetto","8":"desktop-align-left","9":"tablet-align-left","10":"mobile-align-left","12":"first","13":"instock","14":"shipping-taxable","15":"product-type-simple"},"_links":{"self":[{"href":"https:\/\/europak.net\/de\/wp-json\/wp\/v2\/product\/564","targetHints":{"allow":["GET"]}}],"collection":[{"href":"https:\/\/europak.net\/de\/wp-json\/wp\/v2\/product"}],"about":[{"href":"https:\/\/europak.net\/de\/wp-json\/wp\/v2\/types\/product"}],"replies":[{"embeddable":true,"href":"https:\/\/europak.net\/de\/wp-json\/wp\/v2\/comments?post=564"}],"wp:featuredmedia":[{"embeddable":true,"href":"https:\/\/europak.net\/de\/wp-json\/wp\/v2\/media\/905"}],"wp:attachment":[{"href":"https:\/\/europak.net\/de\/wp-json\/wp\/v2\/media?parent=564"}],"wp:term":[{"taxonomy":"product_brand","embeddable":true,"href":"https:\/\/europak.net\/de\/wp-json\/wp\/v2\/product_brand?post=564"},{"taxonomy":"product_cat","embeddable":true,"href":"https:\/\/europak.net\/de\/wp-json\/wp\/v2\/product_cat?post=564"},{"taxonomy":"product_tag","embeddable":true,"href":"https:\/\/europak.net\/de\/wp-json\/wp\/v2\/product_tag?post=564"}],"curies":[{"name":"wp","href":"https:\/\/api.w.org\/{rel}","templated":true}]}}