{"id":565,"date":"2023-03-22T19:50:42","date_gmt":"2023-03-22T19:50:42","guid":{"rendered":"https:\/\/europak.net\/?post_type=product&#038;p=565"},"modified":"2023-12-22T09:36:52","modified_gmt":"2023-12-22T09:36:52","slug":"perfetto-dzoger","status":"publish","type":"product","link":"https:\/\/europak.net\/de\/proizvod\/perfetto-dzoger\/","title":{"rendered":"Der perfekte Jogger"},"content":{"rendered":"<ul>\n<li>Sehr saugf\u00e4higer Schwamm<\/li>\n<li>Einfach und bequem zu bedienen<\/li>\n<li>Der superabsorbierende Jogger erm\u00f6glicht es, gro\u00dfe Mengen Wasser von verschiedenen Arten von Oberfl\u00e4chen zu entfernen und diese vollst\u00e4ndig trocken zu lassen<\/li>\n<li>Die Entleerung des Kopfes des Joggers erfolgt \u00fcber einen speziellen Mechanismus, der die Entw\u00e4sserung auf die gew\u00fcnschte Luftfeuchtigkeit gew\u00e4hrleistet und gleichzeitig Ihre H\u00e4nde sauber h\u00e4lt.<\/li>\n<\/ul>","protected":false},"excerpt":{"rendered":"<p>Der hochsaugf\u00e4hige Schwamm-Jogger erm\u00f6glicht das Entfernen gro\u00dfer Fl\u00fcssigkeitsmengen auf einmal. Der Mopp ist vielseitig einsetzbar und f\u00fcr die Reinigung aller Bodenarten geeignet. Durch den innovativen Mechanismus kann der Schwamm so zusammengedr\u00fcckt werden, dass er die H\u00e4nde des Benutzers nicht verschmutzt. Dank seiner Schwammstruktur eignet er sich perfekt zum Entfernen von Haaren und Fell vom Boden.<\/p>","protected":false},"featured_media":858,"comment_status":"closed","ping_status":"closed","template":"","meta":{"site-sidebar-layout":"default","site-content-layout":"default","ast-site-content-layout":"default","site-content-style":"default","site-sidebar-style":"default","ast-global-header-display":"","ast-banner-title-visibility":"","ast-main-header-display":"","ast-hfb-above-header-display":"","ast-hfb-below-header-display":"","ast-hfb-mobile-header-display":"","site-post-title":"","ast-breadcrumbs-content":"","ast-featured-img":"","footer-sml-layout":"","ast-disable-related-posts":"","theme-transparent-header-meta":"default","adv-header-id-meta":"","stick-header-meta":"","header-above-stick-meta":"","header-main-stick-meta":"","header-below-stick-meta":"","astra-migrate-meta-layouts":"set","ast-page-background-enabled":"default","ast-page-background-meta":{"desktop":{"background-color":"var(--ast-global-color-4)","background-image":"","background-repeat":"repeat","background-position":"center center","background-size":"auto","background-attachment":"scroll","background-type":"","background-media":"","overlay-type":"","overlay-color":"","overlay-opacity":"","overlay-gradient":""},"tablet":{"background-color":"","background-image":"","background-repeat":"repeat","background-position":"center center","background-size":"auto","background-attachment":"scroll","background-type":"","background-media":"","overlay-type":"","overlay-color":"","overlay-opacity":"","overlay-gradient":""},"mobile":{"background-color":"","background-image":"","background-repeat":"repeat","background-position":"center center","background-size":"auto","background-attachment":"scroll","background-type":"","background-media":"","overlay-type":"","overlay-color":"","overlay-opacity":"","overlay-gradient":""}},"ast-content-background-meta":{"desktop":{"background-color":"var(--ast-global-color-5)","background-image":"","background-repeat":"repeat","background-position":"center center","background-size":"auto","background-attachment":"scroll","background-type":"","background-media":"","overlay-type":"","overlay-color":"","overlay-opacity":"","overlay-gradient":""},"tablet":{"background-color":"var(--ast-global-color-5)","background-image":"","background-repeat":"repeat","background-position":"center center","background-size":"auto","background-attachment":"scroll","background-type":"","background-media":"","overlay-type":"","overlay-color":"","overlay-opacity":"","overlay-gradient":""},"mobile":{"background-color":"var(--ast-global-color-5)","background-image":"","background-repeat":"repeat","background-position":"center center","background-size":"auto","background-attachment":"scroll","background-type":"","background-media":"","overlay-type":"","overlay-color":"","overlay-opacity":"","overlay-gradient":""}}},"product_brand":[],"product_cat":[30,24],"product_tag":[],"class_list":{"0":"post-565","1":"product","2":"type-product","3":"status-publish","4":"has-post-thumbnail","6":"product_cat-nega-podova","7":"product_cat-perfetto","8":"desktop-align-left","9":"tablet-align-left","10":"mobile-align-left","12":"first","13":"instock","14":"shipping-taxable","15":"product-type-simple"},"_links":{"self":[{"href":"https:\/\/europak.net\/de\/wp-json\/wp\/v2\/product\/565","targetHints":{"allow":["GET"]}}],"collection":[{"href":"https:\/\/europak.net\/de\/wp-json\/wp\/v2\/product"}],"about":[{"href":"https:\/\/europak.net\/de\/wp-json\/wp\/v2\/types\/product"}],"replies":[{"embeddable":true,"href":"https:\/\/europak.net\/de\/wp-json\/wp\/v2\/comments?post=565"}],"wp:featuredmedia":[{"embeddable":true,"href":"https:\/\/europak.net\/de\/wp-json\/wp\/v2\/media\/858"}],"wp:attachment":[{"href":"https:\/\/europak.net\/de\/wp-json\/wp\/v2\/media?parent=565"}],"wp:term":[{"taxonomy":"product_brand","embeddable":true,"href":"https:\/\/europak.net\/de\/wp-json\/wp\/v2\/product_brand?post=565"},{"taxonomy":"product_cat","embeddable":true,"href":"https:\/\/europak.net\/de\/wp-json\/wp\/v2\/product_cat?post=565"},{"taxonomy":"product_tag","embeddable":true,"href":"https:\/\/europak.net\/de\/wp-json\/wp\/v2\/product_tag?post=565"}],"curies":[{"name":"wp","href":"https:\/\/api.w.org\/{rel}","templated":true}]}}