{"id":567,"date":"2023-03-22T19:50:43","date_gmt":"2023-03-22T19:50:43","guid":{"rendered":"https:\/\/europak.net\/?post_type=product&#038;p=567"},"modified":"2023-12-22T09:35:11","modified_gmt":"2023-12-22T09:35:11","slug":"perfetto-rechteckiger-eimer-mit-abtropfflache","status":"publish","type":"product","link":"https:\/\/europak.net\/de\/proizvod\/perfetto-pravougaona-kofa-sa-ocedivacem\/","title":{"rendered":"Perfetto rechteckiger Eimer mit Abtropffl\u00e4che"},"content":{"rendered":"<ul>\n<li>Eine hochwertige Presse erm\u00f6glicht ein gutes Auswringen des Moppkopfes<\/li>\n<li>Der Mopp wird sehr gr\u00fcndlich ausgewrungen, wodurch der Boden schneller und fleckenfrei trocknet<\/li>\n<li>Im Inneren der Presse befindet sich eine Stelle zum Halten des Moppstiels<\/li>\n<li>Der Eimer verf\u00fcgt \u00fcber einen Ausguss, der das Entleeren des Inhalts erleichtert<\/li>\n<li>Der starke Griff sorgt f\u00fcr Komfort beim Tragen<\/li>\n<\/ul>","protected":false},"excerpt":{"rendered":"<p>Ein runder Eimer mit einem Fassungsverm\u00f6gen von 12 Litern und Abtropffl\u00e4che ist eine notwendige Ausr\u00fcstung f\u00fcr jeden Haushalt. Dank ihr ist es jetzt viel einfacher, die B\u00f6den sauber zu halten. Passend f\u00fcr einen klassischen Baumwollmopp mit Fransen.<\/p>","protected":false},"featured_media":963,"comment_status":"closed","ping_status":"closed","template":"","meta":{"site-sidebar-layout":"default","site-content-layout":"default","ast-site-content-layout":"default","site-content-style":"default","site-sidebar-style":"default","ast-global-header-display":"","ast-banner-title-visibility":"","ast-main-header-display":"","ast-hfb-above-header-display":"","ast-hfb-below-header-display":"","ast-hfb-mobile-header-display":"","site-post-title":"","ast-breadcrumbs-content":"","ast-featured-img":"","footer-sml-layout":"","ast-disable-related-posts":"","theme-transparent-header-meta":"default","adv-header-id-meta":"","stick-header-meta":"","header-above-stick-meta":"","header-main-stick-meta":"","header-below-stick-meta":"","astra-migrate-meta-layouts":"set","ast-page-background-enabled":"default","ast-page-background-meta":{"desktop":{"background-color":"var(--ast-global-color-4)","background-image":"","background-repeat":"repeat","background-position":"center center","background-size":"auto","background-attachment":"scroll","background-type":"","background-media":"","overlay-type":"","overlay-color":"","overlay-opacity":"","overlay-gradient":""},"tablet":{"background-color":"","background-image":"","background-repeat":"repeat","background-position":"center center","background-size":"auto","background-attachment":"scroll","background-type":"","background-media":"","overlay-type":"","overlay-color":"","overlay-opacity":"","overlay-gradient":""},"mobile":{"background-color":"","background-image":"","background-repeat":"repeat","background-position":"center center","background-size":"auto","background-attachment":"scroll","background-type":"","background-media":"","overlay-type":"","overlay-color":"","overlay-opacity":"","overlay-gradient":""}},"ast-content-background-meta":{"desktop":{"background-color":"var(--ast-global-color-5)","background-image":"","background-repeat":"repeat","background-position":"center center","background-size":"auto","background-attachment":"scroll","background-type":"","background-media":"","overlay-type":"","overlay-color":"","overlay-opacity":"","overlay-gradient":""},"tablet":{"background-color":"var(--ast-global-color-5)","background-image":"","background-repeat":"repeat","background-position":"center center","background-size":"auto","background-attachment":"scroll","background-type":"","background-media":"","overlay-type":"","overlay-color":"","overlay-opacity":"","overlay-gradient":""},"mobile":{"background-color":"var(--ast-global-color-5)","background-image":"","background-repeat":"repeat","background-position":"center center","background-size":"auto","background-attachment":"scroll","background-type":"","background-media":"","overlay-type":"","overlay-color":"","overlay-opacity":"","overlay-gradient":""}}},"product_brand":[],"product_cat":[30,24],"product_tag":[],"class_list":{"0":"post-567","1":"product","2":"type-product","3":"status-publish","4":"has-post-thumbnail","6":"product_cat-nega-podova","7":"product_cat-perfetto","8":"desktop-align-left","9":"tablet-align-left","10":"mobile-align-left","12":"first","13":"instock","14":"shipping-taxable","15":"product-type-simple"},"_links":{"self":[{"href":"https:\/\/europak.net\/de\/wp-json\/wp\/v2\/product\/567","targetHints":{"allow":["GET"]}}],"collection":[{"href":"https:\/\/europak.net\/de\/wp-json\/wp\/v2\/product"}],"about":[{"href":"https:\/\/europak.net\/de\/wp-json\/wp\/v2\/types\/product"}],"replies":[{"embeddable":true,"href":"https:\/\/europak.net\/de\/wp-json\/wp\/v2\/comments?post=567"}],"wp:featuredmedia":[{"embeddable":true,"href":"https:\/\/europak.net\/de\/wp-json\/wp\/v2\/media\/963"}],"wp:attachment":[{"href":"https:\/\/europak.net\/de\/wp-json\/wp\/v2\/media?parent=567"}],"wp:term":[{"taxonomy":"product_brand","embeddable":true,"href":"https:\/\/europak.net\/de\/wp-json\/wp\/v2\/product_brand?post=567"},{"taxonomy":"product_cat","embeddable":true,"href":"https:\/\/europak.net\/de\/wp-json\/wp\/v2\/product_cat?post=567"},{"taxonomy":"product_tag","embeddable":true,"href":"https:\/\/europak.net\/de\/wp-json\/wp\/v2\/product_tag?post=567"}],"curies":[{"name":"wp","href":"https:\/\/api.w.org\/{rel}","templated":true}]}}