{"id":572,"date":"2023-03-22T19:50:45","date_gmt":"2023-03-22T19:50:45","guid":{"rendered":"https:\/\/europak.net\/?post_type=product&#038;p=572"},"modified":"2023-12-22T09:32:22","modified_gmt":"2023-12-22T09:32:22","slug":"perfetto-gefrierbeutel-1kg-50-1","status":"publish","type":"product","link":"https:\/\/europak.net\/de\/proizvod\/perfetto-kese-za-zamrzivac-1kg-50-1\/","title":{"rendered":"Perfetto Gefrierbeutel 1kg 50\/1"},"content":{"rendered":"<ul>\n<li>Praktisch und einfach zu bedienen<\/li>\n<li>Sie halten Lebensmittel frisch<\/li>\n<li>Eine breite Palette von Haushaltsanwendungen<\/li>\n<\/ul>","protected":false},"excerpt":{"rendered":"<p>Perfetto-Gefrierbeutel sind sehr praktisch und einfach zu verwenden. Sie beanspruchen nur wenig Platz in der Schublade und sind in 4 Gr\u00f6\u00dfen erh\u00e4ltlich, um alle Ihre t\u00e4glichen Anforderungen an die Aufbewahrung und den Transport von Lebensmitteln zu erf\u00fcllen. Sie halten Lebensmittel frisch. Sie eignen sich ideal zum Verpacken von Essensresten, Geb\u00e4ck, aber auch gr\u00f6\u00dferen Fleischst\u00fccken.<\/p>","protected":false},"featured_media":999,"comment_status":"closed","ping_status":"closed","template":"","meta":{"site-sidebar-layout":"default","site-content-layout":"default","ast-site-content-layout":"default","site-content-style":"default","site-sidebar-style":"default","ast-global-header-display":"","ast-banner-title-visibility":"","ast-main-header-display":"","ast-hfb-above-header-display":"","ast-hfb-below-header-display":"","ast-hfb-mobile-header-display":"","site-post-title":"","ast-breadcrumbs-content":"","ast-featured-img":"","footer-sml-layout":"","ast-disable-related-posts":"","theme-transparent-header-meta":"default","adv-header-id-meta":"","stick-header-meta":"","header-above-stick-meta":"","header-main-stick-meta":"","header-below-stick-meta":"","astra-migrate-meta-layouts":"set","ast-page-background-enabled":"default","ast-page-background-meta":{"desktop":{"background-color":"var(--ast-global-color-4)","background-image":"","background-repeat":"repeat","background-position":"center center","background-size":"auto","background-attachment":"scroll","background-type":"","background-media":"","overlay-type":"","overlay-color":"","overlay-opacity":"","overlay-gradient":""},"tablet":{"background-color":"","background-image":"","background-repeat":"repeat","background-position":"center center","background-size":"auto","background-attachment":"scroll","background-type":"","background-media":"","overlay-type":"","overlay-color":"","overlay-opacity":"","overlay-gradient":""},"mobile":{"background-color":"","background-image":"","background-repeat":"repeat","background-position":"center center","background-size":"auto","background-attachment":"scroll","background-type":"","background-media":"","overlay-type":"","overlay-color":"","overlay-opacity":"","overlay-gradient":""}},"ast-content-background-meta":{"desktop":{"background-color":"var(--ast-global-color-5)","background-image":"","background-repeat":"repeat","background-position":"center center","background-size":"auto","background-attachment":"scroll","background-type":"","background-media":"","overlay-type":"","overlay-color":"","overlay-opacity":"","overlay-gradient":""},"tablet":{"background-color":"var(--ast-global-color-5)","background-image":"","background-repeat":"repeat","background-position":"center center","background-size":"auto","background-attachment":"scroll","background-type":"","background-media":"","overlay-type":"","overlay-color":"","overlay-opacity":"","overlay-gradient":""},"mobile":{"background-color":"var(--ast-global-color-5)","background-image":"","background-repeat":"repeat","background-position":"center center","background-size":"auto","background-attachment":"scroll","background-type":"","background-media":"","overlay-type":"","overlay-color":"","overlay-opacity":"","overlay-gradient":""}}},"product_brand":[],"product_cat":[35,24],"product_tag":[],"class_list":{"0":"post-572","1":"product","2":"type-product","3":"status-publish","4":"has-post-thumbnail","6":"product_cat-pakovanje-hrane","7":"product_cat-perfetto","8":"desktop-align-left","9":"tablet-align-left","10":"mobile-align-left","12":"first","13":"instock","14":"shipping-taxable","15":"product-type-simple"},"_links":{"self":[{"href":"https:\/\/europak.net\/de\/wp-json\/wp\/v2\/product\/572","targetHints":{"allow":["GET"]}}],"collection":[{"href":"https:\/\/europak.net\/de\/wp-json\/wp\/v2\/product"}],"about":[{"href":"https:\/\/europak.net\/de\/wp-json\/wp\/v2\/types\/product"}],"replies":[{"embeddable":true,"href":"https:\/\/europak.net\/de\/wp-json\/wp\/v2\/comments?post=572"}],"wp:featuredmedia":[{"embeddable":true,"href":"https:\/\/europak.net\/de\/wp-json\/wp\/v2\/media\/999"}],"wp:attachment":[{"href":"https:\/\/europak.net\/de\/wp-json\/wp\/v2\/media?parent=572"}],"wp:term":[{"taxonomy":"product_brand","embeddable":true,"href":"https:\/\/europak.net\/de\/wp-json\/wp\/v2\/product_brand?post=572"},{"taxonomy":"product_cat","embeddable":true,"href":"https:\/\/europak.net\/de\/wp-json\/wp\/v2\/product_cat?post=572"},{"taxonomy":"product_tag","embeddable":true,"href":"https:\/\/europak.net\/de\/wp-json\/wp\/v2\/product_tag?post=572"}],"curies":[{"name":"wp","href":"https:\/\/api.w.org\/{rel}","templated":true}]}}