{"id":595,"date":"2022-04-22T19:50:54","date_gmt":"2022-04-22T19:50:54","guid":{"rendered":"https:\/\/europak.net\/?post_type=product&#038;p=595"},"modified":"2024-01-11T10:33:43","modified_gmt":"2024-01-11T10:33:43","slug":"kendo-backpapier-in-blattern-20-1","status":"publish","type":"product","link":"https:\/\/europak.net\/de\/proizvod\/kendo-papir-za-pecenje-u-listovima-20-1\/","title":{"rendered":"Kendo-Backpapier in B\u00f6gen 20\/1"},"content":{"rendered":"<ul>\n<li>20 formatierte Backpapierbl\u00e4tter f\u00fcr die einfache und schnelle Verwendung<\/li>\n<li>Backpapier, ohne dass die Form eingefettet werden muss<\/li>\n<li>Auf beiden Seiten nicht klebend<\/li>\n<li>Hervorragend zum Backen von Kuchen, Geb\u00e4ck, Fleisch und anderen Gerichten geeignet<\/li>\n<li>Es kann im Backofen und in der Mikrowelle verwendet werden<\/li>\n<\/ul>","protected":false},"excerpt":{"rendered":"<p>Backpapier in Bogenform ist \u00e4u\u00dferst praktisch. Die Packung enth\u00e4lt 20 zugeschnittene Bl\u00e4tter Backpapier im Format 38 x 42 cm, passend f\u00fcr die meisten Standard-Backbleche. Dank der beidseitigen Antihaftbeschichtung gelingt das Backen schnell und ohne Anhaften. Sie ben\u00f6tigen kein \u00d6l zum Backen von Kuchen, Torten, Pizzen und anderen Teigen. Auch Fleisch, Gem\u00fcse und S\u00fc\u00dfspeisen lassen sich damit problemlos im Ofen zubereiten.<\/p>","protected":false},"featured_media":984,"comment_status":"closed","ping_status":"closed","template":"","meta":{"site-sidebar-layout":"default","site-content-layout":"default","ast-site-content-layout":"default","site-content-style":"default","site-sidebar-style":"default","ast-global-header-display":"","ast-banner-title-visibility":"","ast-main-header-display":"","ast-hfb-above-header-display":"","ast-hfb-below-header-display":"","ast-hfb-mobile-header-display":"","site-post-title":"","ast-breadcrumbs-content":"","ast-featured-img":"","footer-sml-layout":"","ast-disable-related-posts":"","theme-transparent-header-meta":"default","adv-header-id-meta":"","stick-header-meta":"","header-above-stick-meta":"","header-main-stick-meta":"","header-below-stick-meta":"","astra-migrate-meta-layouts":"set","ast-page-background-enabled":"default","ast-page-background-meta":{"desktop":{"background-color":"var(--ast-global-color-4)","background-image":"","background-repeat":"repeat","background-position":"center center","background-size":"auto","background-attachment":"scroll","background-type":"","background-media":"","overlay-type":"","overlay-color":"","overlay-opacity":"","overlay-gradient":""},"tablet":{"background-color":"","background-image":"","background-repeat":"repeat","background-position":"center center","background-size":"auto","background-attachment":"scroll","background-type":"","background-media":"","overlay-type":"","overlay-color":"","overlay-opacity":"","overlay-gradient":""},"mobile":{"background-color":"","background-image":"","background-repeat":"repeat","background-position":"center center","background-size":"auto","background-attachment":"scroll","background-type":"","background-media":"","overlay-type":"","overlay-color":"","overlay-opacity":"","overlay-gradient":""}},"ast-content-background-meta":{"desktop":{"background-color":"var(--ast-global-color-5)","background-image":"","background-repeat":"repeat","background-position":"center center","background-size":"auto","background-attachment":"scroll","background-type":"","background-media":"","overlay-type":"","overlay-color":"","overlay-opacity":"","overlay-gradient":""},"tablet":{"background-color":"var(--ast-global-color-5)","background-image":"","background-repeat":"repeat","background-position":"center center","background-size":"auto","background-attachment":"scroll","background-type":"","background-media":"","overlay-type":"","overlay-color":"","overlay-opacity":"","overlay-gradient":""},"mobile":{"background-color":"var(--ast-global-color-5)","background-image":"","background-repeat":"repeat","background-position":"center center","background-size":"auto","background-attachment":"scroll","background-type":"","background-media":"","overlay-type":"","overlay-color":"","overlay-opacity":"","overlay-gradient":""}}},"product_brand":[],"product_cat":[21,35],"product_tag":[],"class_list":{"0":"post-595","1":"product","2":"type-product","3":"status-publish","4":"has-post-thumbnail","6":"product_cat-kendo","7":"product_cat-pakovanje-hrane","8":"desktop-align-left","9":"tablet-align-left","10":"mobile-align-left","12":"first","13":"instock","14":"shipping-taxable","15":"product-type-simple"},"_links":{"self":[{"href":"https:\/\/europak.net\/de\/wp-json\/wp\/v2\/product\/595","targetHints":{"allow":["GET"]}}],"collection":[{"href":"https:\/\/europak.net\/de\/wp-json\/wp\/v2\/product"}],"about":[{"href":"https:\/\/europak.net\/de\/wp-json\/wp\/v2\/types\/product"}],"replies":[{"embeddable":true,"href":"https:\/\/europak.net\/de\/wp-json\/wp\/v2\/comments?post=595"}],"wp:featuredmedia":[{"embeddable":true,"href":"https:\/\/europak.net\/de\/wp-json\/wp\/v2\/media\/984"}],"wp:attachment":[{"href":"https:\/\/europak.net\/de\/wp-json\/wp\/v2\/media?parent=595"}],"wp:term":[{"taxonomy":"product_brand","embeddable":true,"href":"https:\/\/europak.net\/de\/wp-json\/wp\/v2\/product_brand?post=595"},{"taxonomy":"product_cat","embeddable":true,"href":"https:\/\/europak.net\/de\/wp-json\/wp\/v2\/product_cat?post=595"},{"taxonomy":"product_tag","embeddable":true,"href":"https:\/\/europak.net\/de\/wp-json\/wp\/v2\/product_tag?post=595"}],"curies":[{"name":"wp","href":"https:\/\/api.w.org\/{rel}","templated":true}]}}