{"id":2161,"date":"2024-01-11T13:57:49","date_gmt":"2024-01-11T13:57:49","guid":{"rendered":"https:\/\/europak.net\/product\/perfetto-mikrofiber-krpa-4-1\/"},"modified":"2024-02-02T12:52:53","modified_gmt":"2024-02-02T12:52:53","slug":"pano-de-microfibra-perfetto-4-1","status":"publish","type":"product","link":"https:\/\/europak.net\/es\/proizvod\/perfetto-mikrofiber-krpa-4-1\/","title":{"rendered":"Pa\u00f1o de microfibra Perfectetto 4\/1"},"content":{"rendered":"<ul>\n<li>Pa\u00f1o de microfibra de uso universal.<\/li>\n<li>Se puede utilizar para pulir superficies sensibles.<\/li>\n<li>Limpia la suciedad incrustada como grasa, cal...<\/li>\n<li>Absorbe muy bien el liquido<\/li>\n<\/ul>","protected":false},"excerpt":{"rendered":"<p>\u00daselo con o sin l\u00edquido limpiador. No remoje el pa\u00f1o en agua para quitar el polvo. Al retirar otras impurezas, moje el pa\u00f1o y esc\u00farralo bien. El pa\u00f1o no da\u00f1a las superficies al limpiar, pero es posible que durante la limpieza recoja part\u00edculas que puedan hacerlo.<\/p>","protected":false},"featured_media":0,"comment_status":"open","ping_status":"closed","template":"","meta":{"site-sidebar-layout":"default","site-content-layout":"","ast-site-content-layout":"default","site-content-style":"default","site-sidebar-style":"default","ast-global-header-display":"","ast-banner-title-visibility":"","ast-main-header-display":"","ast-hfb-above-header-display":"","ast-hfb-below-header-display":"","ast-hfb-mobile-header-display":"","site-post-title":"","ast-breadcrumbs-content":"","ast-featured-img":"","footer-sml-layout":"","ast-disable-related-posts":"","theme-transparent-header-meta":"default","adv-header-id-meta":"","stick-header-meta":"","header-above-stick-meta":"","header-main-stick-meta":"","header-below-stick-meta":"","astra-migrate-meta-layouts":"set","ast-page-background-enabled":"default","ast-page-background-meta":{"desktop":{"background-color":"var(--ast-global-color-4)","background-image":"","background-repeat":"repeat","background-position":"center center","background-size":"auto","background-attachment":"scroll","background-type":"","background-media":"","overlay-type":"","overlay-color":"","overlay-opacity":"","overlay-gradient":""},"tablet":{"background-color":"","background-image":"","background-repeat":"repeat","background-position":"center center","background-size":"auto","background-attachment":"scroll","background-type":"","background-media":"","overlay-type":"","overlay-color":"","overlay-opacity":"","overlay-gradient":""},"mobile":{"background-color":"","background-image":"","background-repeat":"repeat","background-position":"center center","background-size":"auto","background-attachment":"scroll","background-type":"","background-media":"","overlay-type":"","overlay-color":"","overlay-opacity":"","overlay-gradient":""}},"ast-content-background-meta":{"desktop":{"background-color":"var(--ast-global-color-5)","background-image":"","background-repeat":"repeat","background-position":"center center","background-size":"auto","background-attachment":"scroll","background-type":"","background-media":"","overlay-type":"","overlay-color":"","overlay-opacity":"","overlay-gradient":""},"tablet":{"background-color":"var(--ast-global-color-5)","background-image":"","background-repeat":"repeat","background-position":"center center","background-size":"auto","background-attachment":"scroll","background-type":"","background-media":"","overlay-type":"","overlay-color":"","overlay-opacity":"","overlay-gradient":""},"mobile":{"background-color":"var(--ast-global-color-5)","background-image":"","background-repeat":"repeat","background-position":"center center","background-size":"auto","background-attachment":"scroll","background-type":"","background-media":"","overlay-type":"","overlay-color":"","overlay-opacity":"","overlay-gradient":""}}},"product_brand":[],"product_cat":[25,24],"product_tag":[],"class_list":{"0":"post-2161","1":"product","2":"type-product","3":"status-publish","5":"product_cat-krpe","6":"product_cat-perfetto","7":"desktop-align-left","8":"tablet-align-left","9":"mobile-align-left","11":"first","12":"instock","13":"shipping-taxable","14":"product-type-simple"},"_links":{"self":[{"href":"https:\/\/europak.net\/es\/wp-json\/wp\/v2\/product\/2161","targetHints":{"allow":["GET"]}}],"collection":[{"href":"https:\/\/europak.net\/es\/wp-json\/wp\/v2\/product"}],"about":[{"href":"https:\/\/europak.net\/es\/wp-json\/wp\/v2\/types\/product"}],"replies":[{"embeddable":true,"href":"https:\/\/europak.net\/es\/wp-json\/wp\/v2\/comments?post=2161"}],"wp:attachment":[{"href":"https:\/\/europak.net\/es\/wp-json\/wp\/v2\/media?parent=2161"}],"wp:term":[{"taxonomy":"product_brand","embeddable":true,"href":"https:\/\/europak.net\/es\/wp-json\/wp\/v2\/product_brand?post=2161"},{"taxonomy":"product_cat","embeddable":true,"href":"https:\/\/europak.net\/es\/wp-json\/wp\/v2\/product_cat?post=2161"},{"taxonomy":"product_tag","embeddable":true,"href":"https:\/\/europak.net\/es\/wp-json\/wp\/v2\/product_tag?post=2161"}],"curies":[{"name":"wp","href":"https:\/\/api.w.org\/{rel}","templated":true}]}}