{"id":508,"date":"2023-03-22T19:50:26","date_gmt":"2023-03-22T19:50:26","guid":{"rendered":"https:\/\/europak.net\/?post_type=product&#038;p=508"},"modified":"2024-02-02T12:37:58","modified_gmt":"2024-02-02T12:37:58","slug":"papel-de-seda-infantil-10-1","status":"publish","type":"product","link":"https:\/\/europak.net\/es\/proizvod\/decje-papirne-maramice-10-1\/","title":{"rendered":"Pa\u00f1uelos de papel infantiles 10\/1"},"content":{"rendered":"<ul>\n<li>100% celulosa 3 capas<\/li>\n<li>Pa\u00f1uelos para los m\u00e1s peque\u00f1os<\/li>\n<li>El embalaje de bolsillo individual cabe f\u00e1cilmente en carteras, mochilas escolares, etc.<\/li>\n<li>Suave, de alta calidad y absorbente.<\/li>\n<\/ul>","protected":false},"excerpt":{"rendered":"<p>Los pa\u00f1uelos de papel Kendo cuidan con delicadeza y cuidado la piel de los ni\u00f1os. Est\u00e1n fabricados en celulosa pura, de tres capas de papel de calidad, lo que proporciona una sensaci\u00f3n de suavidad excepcional. La mochila de bolsillo es muy pr\u00e1ctica de usar y transportar. Caben f\u00e1cilmente en carteras, mochilas escolares, autom\u00f3viles y m\u00e1s.<\/p>","protected":false},"featured_media":864,"comment_status":"closed","ping_status":"closed","template":"","meta":{"site-sidebar-layout":"default","site-content-layout":"default","ast-site-content-layout":"default","site-content-style":"default","site-sidebar-style":"default","ast-global-header-display":"","ast-banner-title-visibility":"","ast-main-header-display":"","ast-hfb-above-header-display":"","ast-hfb-below-header-display":"","ast-hfb-mobile-header-display":"","site-post-title":"","ast-breadcrumbs-content":"","ast-featured-img":"","footer-sml-layout":"","ast-disable-related-posts":"","theme-transparent-header-meta":"default","adv-header-id-meta":"","stick-header-meta":"","header-above-stick-meta":"","header-main-stick-meta":"","header-below-stick-meta":"","astra-migrate-meta-layouts":"set","ast-page-background-enabled":"default","ast-page-background-meta":{"desktop":{"background-color":"var(--ast-global-color-4)","background-image":"","background-repeat":"repeat","background-position":"center center","background-size":"auto","background-attachment":"scroll","background-type":"","background-media":"","overlay-type":"","overlay-color":"","overlay-opacity":"","overlay-gradient":""},"tablet":{"background-color":"","background-image":"","background-repeat":"repeat","background-position":"center center","background-size":"auto","background-attachment":"scroll","background-type":"","background-media":"","overlay-type":"","overlay-color":"","overlay-opacity":"","overlay-gradient":""},"mobile":{"background-color":"","background-image":"","background-repeat":"repeat","background-position":"center center","background-size":"auto","background-attachment":"scroll","background-type":"","background-media":"","overlay-type":"","overlay-color":"","overlay-opacity":"","overlay-gradient":""}},"ast-content-background-meta":{"desktop":{"background-color":"var(--ast-global-color-5)","background-image":"","background-repeat":"repeat","background-position":"center center","background-size":"auto","background-attachment":"scroll","background-type":"","background-media":"","overlay-type":"","overlay-color":"","overlay-opacity":"","overlay-gradient":""},"tablet":{"background-color":"var(--ast-global-color-5)","background-image":"","background-repeat":"repeat","background-position":"center center","background-size":"auto","background-attachment":"scroll","background-type":"","background-media":"","overlay-type":"","overlay-color":"","overlay-opacity":"","overlay-gradient":""},"mobile":{"background-color":"var(--ast-global-color-5)","background-image":"","background-repeat":"repeat","background-position":"center center","background-size":"auto","background-attachment":"scroll","background-type":"","background-media":"","overlay-type":"","overlay-color":"","overlay-opacity":"","overlay-gradient":""}}},"product_brand":[],"product_cat":[21,23],"product_tag":[],"class_list":{"0":"post-508","1":"product","2":"type-product","3":"status-publish","4":"has-post-thumbnail","6":"product_cat-kendo","7":"product_cat-papirni-program","8":"desktop-align-left","9":"tablet-align-left","10":"mobile-align-left","12":"first","13":"instock","14":"shipping-taxable","15":"product-type-simple"},"_links":{"self":[{"href":"https:\/\/europak.net\/es\/wp-json\/wp\/v2\/product\/508","targetHints":{"allow":["GET"]}}],"collection":[{"href":"https:\/\/europak.net\/es\/wp-json\/wp\/v2\/product"}],"about":[{"href":"https:\/\/europak.net\/es\/wp-json\/wp\/v2\/types\/product"}],"replies":[{"embeddable":true,"href":"https:\/\/europak.net\/es\/wp-json\/wp\/v2\/comments?post=508"}],"wp:featuredmedia":[{"embeddable":true,"href":"https:\/\/europak.net\/es\/wp-json\/wp\/v2\/media\/864"}],"wp:attachment":[{"href":"https:\/\/europak.net\/es\/wp-json\/wp\/v2\/media?parent=508"}],"wp:term":[{"taxonomy":"product_brand","embeddable":true,"href":"https:\/\/europak.net\/es\/wp-json\/wp\/v2\/product_brand?post=508"},{"taxonomy":"product_cat","embeddable":true,"href":"https:\/\/europak.net\/es\/wp-json\/wp\/v2\/product_cat?post=508"},{"taxonomy":"product_tag","embeddable":true,"href":"https:\/\/europak.net\/es\/wp-json\/wp\/v2\/product_tag?post=508"}],"curies":[{"name":"wp","href":"https:\/\/api.w.org\/{rel}","templated":true}]}}