{"id":544,"date":"2023-03-22T19:50:31","date_gmt":"2023-03-22T19:50:31","guid":{"rendered":"https:\/\/europak.net\/?post_type=product&#038;p=544"},"modified":"2023-12-22T10:05:12","modified_gmt":"2023-12-22T10:05:12","slug":"almohada-perfecta-de-acero-inoxidable-1-1","status":"publish","type":"product","link":"https:\/\/europak.net\/es\/proizvod\/perfetto-inox-jastuce-1-1\/","title":{"rendered":"Almohadas de acero inoxidable Perfetto 1\/1"},"content":{"rendered":"<ul>\n<li>Un centavo como una esponja, un pez como un alambre.<\/li>\n<li>Esponja recubierta de una malla met\u00e1lica especial.<\/li>\n<li>Dise\u00f1ado para limpiar superficies delicadas como tefl\u00f3n, acero inoxidable y vajilla de porcelana.<\/li>\n<li>No da\u00f1a la capa protectora de ollas y sartenes.<\/li>\n<li>No deja marcas ni manchas.<\/li>\n<li>Larga duraci\u00f3n y resistencia<\/li>\n<\/ul>","protected":false},"excerpt":{"rendered":"<p>Las esponjas de acero inoxidable est\u00e1n dise\u00f1adas para eliminar la suciedad incrustada en superficies delicadas. La esponja est\u00e1 recubierta de una malla met\u00e1lica especial que permite limpiar superficies delicadas como el tefl\u00f3n y el acero inoxidable. Son aptas para limpiar sartenes, hornos y otras superficies delicadas como porcelana y vidrio. No da\u00f1an ni rayan. Se utilizan con detergente lavavajillas y se enjuagan f\u00e1cilmente.<\/p>","protected":false},"featured_media":909,"comment_status":"closed","ping_status":"closed","template":"","meta":{"site-sidebar-layout":"default","site-content-layout":"default","ast-site-content-layout":"default","site-content-style":"default","site-sidebar-style":"default","ast-global-header-display":"","ast-banner-title-visibility":"","ast-main-header-display":"","ast-hfb-above-header-display":"","ast-hfb-below-header-display":"","ast-hfb-mobile-header-display":"","site-post-title":"","ast-breadcrumbs-content":"","ast-featured-img":"","footer-sml-layout":"","ast-disable-related-posts":"","theme-transparent-header-meta":"default","adv-header-id-meta":"","stick-header-meta":"","header-above-stick-meta":"","header-main-stick-meta":"","header-below-stick-meta":"","astra-migrate-meta-layouts":"set","ast-page-background-enabled":"default","ast-page-background-meta":{"desktop":{"background-color":"var(--ast-global-color-4)","background-image":"","background-repeat":"repeat","background-position":"center center","background-size":"auto","background-attachment":"scroll","background-type":"","background-media":"","overlay-type":"","overlay-color":"","overlay-opacity":"","overlay-gradient":""},"tablet":{"background-color":"","background-image":"","background-repeat":"repeat","background-position":"center center","background-size":"auto","background-attachment":"scroll","background-type":"","background-media":"","overlay-type":"","overlay-color":"","overlay-opacity":"","overlay-gradient":""},"mobile":{"background-color":"","background-image":"","background-repeat":"repeat","background-position":"center center","background-size":"auto","background-attachment":"scroll","background-type":"","background-media":"","overlay-type":"","overlay-color":"","overlay-opacity":"","overlay-gradient":""}},"ast-content-background-meta":{"desktop":{"background-color":"var(--ast-global-color-5)","background-image":"","background-repeat":"repeat","background-position":"center center","background-size":"auto","background-attachment":"scroll","background-type":"","background-media":"","overlay-type":"","overlay-color":"","overlay-opacity":"","overlay-gradient":""},"tablet":{"background-color":"var(--ast-global-color-5)","background-image":"","background-repeat":"repeat","background-position":"center center","background-size":"auto","background-attachment":"scroll","background-type":"","background-media":"","overlay-type":"","overlay-color":"","overlay-opacity":"","overlay-gradient":""},"mobile":{"background-color":"var(--ast-global-color-5)","background-image":"","background-repeat":"repeat","background-position":"center center","background-size":"auto","background-attachment":"scroll","background-type":"","background-media":"","overlay-type":"","overlay-color":"","overlay-opacity":"","overlay-gradient":""}}},"product_brand":[],"product_cat":[24,28],"product_tag":[],"class_list":{"0":"post-544","1":"product","2":"type-product","3":"status-publish","4":"has-post-thumbnail","6":"product_cat-perfetto","7":"product_cat-zice","8":"desktop-align-left","9":"tablet-align-left","10":"mobile-align-left","12":"first","13":"instock","14":"shipping-taxable","15":"product-type-simple"},"_links":{"self":[{"href":"https:\/\/europak.net\/es\/wp-json\/wp\/v2\/product\/544","targetHints":{"allow":["GET"]}}],"collection":[{"href":"https:\/\/europak.net\/es\/wp-json\/wp\/v2\/product"}],"about":[{"href":"https:\/\/europak.net\/es\/wp-json\/wp\/v2\/types\/product"}],"replies":[{"embeddable":true,"href":"https:\/\/europak.net\/es\/wp-json\/wp\/v2\/comments?post=544"}],"wp:featuredmedia":[{"embeddable":true,"href":"https:\/\/europak.net\/es\/wp-json\/wp\/v2\/media\/909"}],"wp:attachment":[{"href":"https:\/\/europak.net\/es\/wp-json\/wp\/v2\/media?parent=544"}],"wp:term":[{"taxonomy":"product_brand","embeddable":true,"href":"https:\/\/europak.net\/es\/wp-json\/wp\/v2\/product_brand?post=544"},{"taxonomy":"product_cat","embeddable":true,"href":"https:\/\/europak.net\/es\/wp-json\/wp\/v2\/product_cat?post=544"},{"taxonomy":"product_tag","embeddable":true,"href":"https:\/\/europak.net\/es\/wp-json\/wp\/v2\/product_tag?post=544"}],"curies":[{"name":"wp","href":"https:\/\/api.w.org\/{rel}","templated":true}]}}