{"id":558,"date":"2023-03-22T19:50:39","date_gmt":"2023-03-22T19:50:39","guid":{"rendered":"https:\/\/europak.net\/?post_type=product&#038;p=558"},"modified":"2023-12-22T09:47:18","modified_gmt":"2023-12-22T09:47:18","slug":"juego-de-mopa-magnetica-de-microfibra-kendo","status":"publish","type":"product","link":"https:\/\/europak.net\/es\/proizvod\/kendo-magnentni-mikrofiber-mop-set\/","title":{"rendered":"Juego de fregona magn\u00e9tica de microfibra Kendo."},"content":{"rendered":"<ul>\n<li>Cierre pr\u00e1ctico: gracias al cierre magn\u00e9tico, el soporte plegable para fregona se puede bloquear f\u00e1cilmente.<\/li>\n<li>El mango telesc\u00f3pico se puede ajustar seg\u00fan la altura del usuario.<\/li>\n<li>Un pa\u00f1o de microfibra extremadamente absorbente que recoge toda la suciedad.<\/li>\n<li>Llega a los lugares m\u00e1s peque\u00f1os y de dif\u00edcil acceso, como los rincones de la habitaci\u00f3n y debajo de los muebles.<\/li>\n<\/ul>","protected":false},"excerpt":{"rendered":"<p>El set de mopa magn\u00e9tica de microfibra Kendo, con un mango telesc\u00f3pico resistente y un cabezal grande, ofrece una forma f\u00e1cil y r\u00e1pida de limpiar los pisos. Una mopa sencilla y funcional llega a los lugares m\u00e1s dif\u00edciles, recogiendo toda la suciedad. Apta para usar en seco (para quitar el polvo) o en h\u00famedo (para limpiar pisos). El pa\u00f1o de microfibra es extremadamente absorbente y limpia eficazmente cualquier suciedad.<\/p>","protected":false},"featured_media":893,"comment_status":"closed","ping_status":"closed","template":"","meta":{"site-sidebar-layout":"default","site-content-layout":"default","ast-site-content-layout":"default","site-content-style":"default","site-sidebar-style":"default","ast-global-header-display":"","ast-banner-title-visibility":"","ast-main-header-display":"","ast-hfb-above-header-display":"","ast-hfb-below-header-display":"","ast-hfb-mobile-header-display":"","site-post-title":"","ast-breadcrumbs-content":"","ast-featured-img":"","footer-sml-layout":"","ast-disable-related-posts":"","theme-transparent-header-meta":"default","adv-header-id-meta":"","stick-header-meta":"","header-above-stick-meta":"","header-main-stick-meta":"","header-below-stick-meta":"","astra-migrate-meta-layouts":"set","ast-page-background-enabled":"default","ast-page-background-meta":{"desktop":{"background-color":"var(--ast-global-color-4)","background-image":"","background-repeat":"repeat","background-position":"center center","background-size":"auto","background-attachment":"scroll","background-type":"","background-media":"","overlay-type":"","overlay-color":"","overlay-opacity":"","overlay-gradient":""},"tablet":{"background-color":"","background-image":"","background-repeat":"repeat","background-position":"center center","background-size":"auto","background-attachment":"scroll","background-type":"","background-media":"","overlay-type":"","overlay-color":"","overlay-opacity":"","overlay-gradient":""},"mobile":{"background-color":"","background-image":"","background-repeat":"repeat","background-position":"center center","background-size":"auto","background-attachment":"scroll","background-type":"","background-media":"","overlay-type":"","overlay-color":"","overlay-opacity":"","overlay-gradient":""}},"ast-content-background-meta":{"desktop":{"background-color":"var(--ast-global-color-5)","background-image":"","background-repeat":"repeat","background-position":"center center","background-size":"auto","background-attachment":"scroll","background-type":"","background-media":"","overlay-type":"","overlay-color":"","overlay-opacity":"","overlay-gradient":""},"tablet":{"background-color":"var(--ast-global-color-5)","background-image":"","background-repeat":"repeat","background-position":"center center","background-size":"auto","background-attachment":"scroll","background-type":"","background-media":"","overlay-type":"","overlay-color":"","overlay-opacity":"","overlay-gradient":""},"mobile":{"background-color":"var(--ast-global-color-5)","background-image":"","background-repeat":"repeat","background-position":"center center","background-size":"auto","background-attachment":"scroll","background-type":"","background-media":"","overlay-type":"","overlay-color":"","overlay-opacity":"","overlay-gradient":""}}},"product_brand":[],"product_cat":[21,30],"product_tag":[],"class_list":{"0":"post-558","1":"product","2":"type-product","3":"status-publish","4":"has-post-thumbnail","6":"product_cat-kendo","7":"product_cat-nega-podova","8":"desktop-align-left","9":"tablet-align-left","10":"mobile-align-left","12":"first","13":"instock","14":"shipping-taxable","15":"product-type-simple"},"_links":{"self":[{"href":"https:\/\/europak.net\/es\/wp-json\/wp\/v2\/product\/558","targetHints":{"allow":["GET"]}}],"collection":[{"href":"https:\/\/europak.net\/es\/wp-json\/wp\/v2\/product"}],"about":[{"href":"https:\/\/europak.net\/es\/wp-json\/wp\/v2\/types\/product"}],"replies":[{"embeddable":true,"href":"https:\/\/europak.net\/es\/wp-json\/wp\/v2\/comments?post=558"}],"wp:featuredmedia":[{"embeddable":true,"href":"https:\/\/europak.net\/es\/wp-json\/wp\/v2\/media\/893"}],"wp:attachment":[{"href":"https:\/\/europak.net\/es\/wp-json\/wp\/v2\/media?parent=558"}],"wp:term":[{"taxonomy":"product_brand","embeddable":true,"href":"https:\/\/europak.net\/es\/wp-json\/wp\/v2\/product_brand?post=558"},{"taxonomy":"product_cat","embeddable":true,"href":"https:\/\/europak.net\/es\/wp-json\/wp\/v2\/product_cat?post=558"},{"taxonomy":"product_tag","embeddable":true,"href":"https:\/\/europak.net\/es\/wp-json\/wp\/v2\/product_tag?post=558"}],"curies":[{"name":"wp","href":"https:\/\/api.w.org\/{rel}","templated":true}]}}