{"id":2228,"date":"2024-01-12T10:57:54","date_gmt":"2024-01-12T10:57:54","guid":{"rendered":"https:\/\/europak.net\/product\/sundjer-abrazivni-2-1-zuto-cvece\/"},"modified":"2024-02-02T14:18:39","modified_gmt":"2024-02-02T14:18:39","slug":"eponge-abrasive-2-1-fleurs-jaunes","status":"publish","type":"product","link":"https:\/\/europak.net\/fr\/proizvod\/sundjer-abrazivni-2-1-zuto-cvece\/","title":{"rendered":"Eponge abrasive 2\/1 fleurs jaunes"},"content":{"rendered":"<ul>\n<li>\u00c9ponge \u00e0 quatre couches pour un nettoyage efficace<\/li>\n<li>Con\u00e7u pour nettoyer facilement tous les types de salet\u00e9s<\/li>\n<li>Disponible dans une vari\u00e9t\u00e9 de parfums fruit\u00e9s et floraux rafra\u00eechissants<\/li>\n<li>Les fleurs imprim\u00e9es sur le tissu correspondent au parfum de l&#039;\u00e9ponge<\/li>\n<li>La partie abrasive tr\u00e8s efficace nettoie les salet\u00e9s tenaces<\/li>\n<li>Des performances durables<\/li>\n<\/ul>","protected":false},"excerpt":{"rendered":"<p>Notre \u00e9ponge innovante parfum\u00e9e Kendo 4 couches est une v\u00e9ritable r\u00e9volution en mati\u00e8re de nettoyage ! Con\u00e7u pour nettoyer et entretenir en m\u00eame temps les surfaces d\u00e9licates. Il se compose de deux types d&#039;\u00e9ponges pour un nettoyage efficace, de chiffons imprim\u00e9s aux parfums adapt\u00e9s pour une sensation de fra\u00eecheur et d&#039;une partie abrasive pour lutter contre les salissures tenaces. Am\u00e9liorez votre exp\u00e9rience de nettoyage et apportez un parfum merveilleux \u00e0 votre cuisine \u00e0 chaque mouvement.<\/p>","protected":false},"featured_media":2293,"comment_status":"open","ping_status":"closed","template":"","meta":{"site-sidebar-layout":"default","site-content-layout":"","ast-site-content-layout":"default","site-content-style":"default","site-sidebar-style":"default","ast-global-header-display":"","ast-banner-title-visibility":"","ast-main-header-display":"","ast-hfb-above-header-display":"","ast-hfb-below-header-display":"","ast-hfb-mobile-header-display":"","site-post-title":"","ast-breadcrumbs-content":"","ast-featured-img":"","footer-sml-layout":"","ast-disable-related-posts":"","theme-transparent-header-meta":"default","adv-header-id-meta":"","stick-header-meta":"","header-above-stick-meta":"","header-main-stick-meta":"","header-below-stick-meta":"","astra-migrate-meta-layouts":"set","ast-page-background-enabled":"default","ast-page-background-meta":{"desktop":{"background-color":"var(--ast-global-color-4)","background-image":"","background-repeat":"repeat","background-position":"center center","background-size":"auto","background-attachment":"scroll","background-type":"","background-media":"","overlay-type":"","overlay-color":"","overlay-opacity":"","overlay-gradient":""},"tablet":{"background-color":"","background-image":"","background-repeat":"repeat","background-position":"center center","background-size":"auto","background-attachment":"scroll","background-type":"","background-media":"","overlay-type":"","overlay-color":"","overlay-opacity":"","overlay-gradient":""},"mobile":{"background-color":"","background-image":"","background-repeat":"repeat","background-position":"center center","background-size":"auto","background-attachment":"scroll","background-type":"","background-media":"","overlay-type":"","overlay-color":"","overlay-opacity":"","overlay-gradient":""}},"ast-content-background-meta":{"desktop":{"background-color":"var(--ast-global-color-5)","background-image":"","background-repeat":"repeat","background-position":"center center","background-size":"auto","background-attachment":"scroll","background-type":"","background-media":"","overlay-type":"","overlay-color":"","overlay-opacity":"","overlay-gradient":""},"tablet":{"background-color":"var(--ast-global-color-5)","background-image":"","background-repeat":"repeat","background-position":"center center","background-size":"auto","background-attachment":"scroll","background-type":"","background-media":"","overlay-type":"","overlay-color":"","overlay-opacity":"","overlay-gradient":""},"mobile":{"background-color":"var(--ast-global-color-5)","background-image":"","background-repeat":"repeat","background-position":"center center","background-size":"auto","background-attachment":"scroll","background-type":"","background-media":"","overlay-type":"","overlay-color":"","overlay-opacity":"","overlay-gradient":""}}},"product_brand":[],"product_cat":[21,22],"product_tag":[],"class_list":{"0":"post-2228","1":"product","2":"type-product","3":"status-publish","4":"has-post-thumbnail","6":"product_cat-kendo","7":"product_cat-sunderi","8":"desktop-align-left","9":"tablet-align-left","10":"mobile-align-left","12":"first","13":"instock","14":"shipping-taxable","15":"product-type-simple"},"_links":{"self":[{"href":"https:\/\/europak.net\/fr\/wp-json\/wp\/v2\/product\/2228","targetHints":{"allow":["GET"]}}],"collection":[{"href":"https:\/\/europak.net\/fr\/wp-json\/wp\/v2\/product"}],"about":[{"href":"https:\/\/europak.net\/fr\/wp-json\/wp\/v2\/types\/product"}],"replies":[{"embeddable":true,"href":"https:\/\/europak.net\/fr\/wp-json\/wp\/v2\/comments?post=2228"}],"wp:featuredmedia":[{"embeddable":true,"href":"https:\/\/europak.net\/fr\/wp-json\/wp\/v2\/media\/2293"}],"wp:attachment":[{"href":"https:\/\/europak.net\/fr\/wp-json\/wp\/v2\/media?parent=2228"}],"wp:term":[{"taxonomy":"product_brand","embeddable":true,"href":"https:\/\/europak.net\/fr\/wp-json\/wp\/v2\/product_brand?post=2228"},{"taxonomy":"product_cat","embeddable":true,"href":"https:\/\/europak.net\/fr\/wp-json\/wp\/v2\/product_cat?post=2228"},{"taxonomy":"product_tag","embeddable":true,"href":"https:\/\/europak.net\/fr\/wp-json\/wp\/v2\/product_tag?post=2228"}],"curies":[{"name":"wp","href":"https:\/\/api.w.org\/{rel}","templated":true}]}}