{"id":2273,"date":"2024-01-12T10:58:23","date_gmt":"2024-01-12T10:58:23","guid":{"rendered":"https:\/\/europak.net\/product\/perfetto-prasko-sa-teleskopskom-drskom\/"},"modified":"2024-02-02T14:19:51","modified_gmt":"2024-02-02T14:19:51","slug":"perfetto-prasko-avec-manche-telescopique","status":"publish","type":"product","link":"https:\/\/europak.net\/fr\/proizvod\/perfetto-prasko-sa-teleskopskom-drskom\/","title":{"rendered":"Poudre Perfetto avec manche t\u00e9lescopique"},"content":{"rendered":"<ul>\n<li>Il attire la poussi\u00e8re comme un aimant et la retient<\/li>\n<li>Les fibres douces s&#039;adaptent \u00e0 toutes les surfaces<\/li>\n<li>Utilisez-le sur les meubles, les \u00e9tag\u00e8res, les appareils \u00e9lectroniques, les stores, les ventilateurs de plafond, etc.<\/li>\n<li>Le noyau interne est en m\u00e9tal durable, mais se plie facilement dans n&#039;importe quelle forme<\/li>\n<li>La poign\u00e9e s&#039;\u00e9tend pour que vous puissiez essuyer les endroits difficiles d&#039;acc\u00e8s<\/li>\n<\/ul>","protected":false},"excerpt":{"rendered":"<p>La poussi\u00e8re Perfetto \u00e9limine efficacement la poussi\u00e8re gr\u00e2ce \u00e0 l&#039;\u00e9lectricit\u00e9 statique. Contrairement \u00e0 d&#039;autres produits de d\u00e9poussi\u00e9rage qui ne font que repousser la poussi\u00e8re, la poudre est con\u00e7ue pour attirer et retenir la poussi\u00e8re, ce qui la rend tr\u00e8s efficace pour d\u00e9poussi\u00e9rer une vari\u00e9t\u00e9 de surfaces. La poign\u00e9e t\u00e9lescopique vous permet d&#039;atteindre des endroits hauts et difficiles d&#039;acc\u00e8s.<\/p>","protected":false},"featured_media":2400,"comment_status":"open","ping_status":"closed","template":"","meta":{"site-sidebar-layout":"default","site-content-layout":"","ast-site-content-layout":"default","site-content-style":"default","site-sidebar-style":"default","ast-global-header-display":"","ast-banner-title-visibility":"","ast-main-header-display":"","ast-hfb-above-header-display":"","ast-hfb-below-header-display":"","ast-hfb-mobile-header-display":"","site-post-title":"","ast-breadcrumbs-content":"","ast-featured-img":"","footer-sml-layout":"","ast-disable-related-posts":"","theme-transparent-header-meta":"default","adv-header-id-meta":"","stick-header-meta":"","header-above-stick-meta":"","header-main-stick-meta":"","header-below-stick-meta":"","astra-migrate-meta-layouts":"set","ast-page-background-enabled":"default","ast-page-background-meta":{"desktop":{"background-color":"var(--ast-global-color-4)","background-image":"","background-repeat":"repeat","background-position":"center center","background-size":"auto","background-attachment":"scroll","background-type":"","background-media":"","overlay-type":"","overlay-color":"","overlay-opacity":"","overlay-gradient":""},"tablet":{"background-color":"","background-image":"","background-repeat":"repeat","background-position":"center center","background-size":"auto","background-attachment":"scroll","background-type":"","background-media":"","overlay-type":"","overlay-color":"","overlay-opacity":"","overlay-gradient":""},"mobile":{"background-color":"","background-image":"","background-repeat":"repeat","background-position":"center center","background-size":"auto","background-attachment":"scroll","background-type":"","background-media":"","overlay-type":"","overlay-color":"","overlay-opacity":"","overlay-gradient":""}},"ast-content-background-meta":{"desktop":{"background-color":"var(--ast-global-color-5)","background-image":"","background-repeat":"repeat","background-position":"center center","background-size":"auto","background-attachment":"scroll","background-type":"","background-media":"","overlay-type":"","overlay-color":"","overlay-opacity":"","overlay-gradient":""},"tablet":{"background-color":"var(--ast-global-color-5)","background-image":"","background-repeat":"repeat","background-position":"center center","background-size":"auto","background-attachment":"scroll","background-type":"","background-media":"","overlay-type":"","overlay-color":"","overlay-opacity":"","overlay-gradient":""},"mobile":{"background-color":"var(--ast-global-color-5)","background-image":"","background-repeat":"repeat","background-position":"center center","background-size":"auto","background-attachment":"scroll","background-type":"","background-media":"","overlay-type":"","overlay-color":"","overlay-opacity":"","overlay-gradient":""}}},"product_brand":[],"product_cat":[25,24],"product_tag":[],"class_list":{"0":"post-2273","1":"product","2":"type-product","3":"status-publish","4":"has-post-thumbnail","6":"product_cat-krpe","7":"product_cat-perfetto","8":"desktop-align-left","9":"tablet-align-left","10":"mobile-align-left","12":"first","13":"instock","14":"shipping-taxable","15":"product-type-simple"},"_links":{"self":[{"href":"https:\/\/europak.net\/fr\/wp-json\/wp\/v2\/product\/2273","targetHints":{"allow":["GET"]}}],"collection":[{"href":"https:\/\/europak.net\/fr\/wp-json\/wp\/v2\/product"}],"about":[{"href":"https:\/\/europak.net\/fr\/wp-json\/wp\/v2\/types\/product"}],"replies":[{"embeddable":true,"href":"https:\/\/europak.net\/fr\/wp-json\/wp\/v2\/comments?post=2273"}],"wp:featuredmedia":[{"embeddable":true,"href":"https:\/\/europak.net\/fr\/wp-json\/wp\/v2\/media\/2400"}],"wp:attachment":[{"href":"https:\/\/europak.net\/fr\/wp-json\/wp\/v2\/media?parent=2273"}],"wp:term":[{"taxonomy":"product_brand","embeddable":true,"href":"https:\/\/europak.net\/fr\/wp-json\/wp\/v2\/product_brand?post=2273"},{"taxonomy":"product_cat","embeddable":true,"href":"https:\/\/europak.net\/fr\/wp-json\/wp\/v2\/product_cat?post=2273"},{"taxonomy":"product_tag","embeddable":true,"href":"https:\/\/europak.net\/fr\/wp-json\/wp\/v2\/product_tag?post=2273"}],"curies":[{"name":"wp","href":"https:\/\/api.w.org\/{rel}","templated":true}]}}