{"id":540,"date":"2023-03-22T19:50:29","date_gmt":"2023-03-22T19:50:29","guid":{"rendered":"https:\/\/europak.net\/?post_type=product&#038;p=540"},"modified":"2023-12-22T10:09:28","modified_gmt":"2023-12-22T10:09:28","slug":"serpilliere-en-coton-perfetto-1-1","status":"publish","type":"product","link":"https:\/\/europak.net\/fr\/proizvod\/perfetto-pamucna-krpa-za-pod-1-1\/","title":{"rendered":"Serpilli\u00e8re en coton Perfetto 1\/1"},"content":{"rendered":"<ul>\n<li>Chiffon destin\u00e9 au nettoyage sec et humide des sols<\/li>\n<li>Nettoie efficacement diff\u00e9rents types de sols<\/li>\n<li>Il absorbe tr\u00e8s bien les liquides car il contient un pourcentage \u00e9lev\u00e9 de coton<\/li>\n<li>Tiss\u00e9 en longueur et en travers<\/li>\n<li>Pour un meilleur effet, il est recommand\u00e9 de l&#039;utiliser en combinaison avec des d\u00e9tergents et d&#039;autres agents chimiques.<\/li>\n<\/ul>","protected":false},"excerpt":{"rendered":"<p>La serpill\u00e8re Perfetto est fabriqu\u00e9e dans un mat\u00e9riau solide et absorbant. Il peut \u00eatre utilis\u00e9 pour le nettoyage sec et humide des sols. Il nettoie bien le carrelage, le parquet, le stratifi\u00e9 et convient \u00e9galement pour une utilisation dans le garage ou la cour.<\/p>","protected":false},"featured_media":719,"comment_status":"closed","ping_status":"closed","template":"","meta":{"site-sidebar-layout":"default","site-content-layout":"default","ast-site-content-layout":"default","site-content-style":"default","site-sidebar-style":"default","ast-global-header-display":"","ast-banner-title-visibility":"","ast-main-header-display":"","ast-hfb-above-header-display":"","ast-hfb-below-header-display":"","ast-hfb-mobile-header-display":"","site-post-title":"","ast-breadcrumbs-content":"","ast-featured-img":"","footer-sml-layout":"","ast-disable-related-posts":"","theme-transparent-header-meta":"default","adv-header-id-meta":"","stick-header-meta":"","header-above-stick-meta":"","header-main-stick-meta":"","header-below-stick-meta":"","astra-migrate-meta-layouts":"set","ast-page-background-enabled":"default","ast-page-background-meta":{"desktop":{"background-color":"var(--ast-global-color-4)","background-image":"","background-repeat":"repeat","background-position":"center center","background-size":"auto","background-attachment":"scroll","background-type":"","background-media":"","overlay-type":"","overlay-color":"","overlay-opacity":"","overlay-gradient":""},"tablet":{"background-color":"","background-image":"","background-repeat":"repeat","background-position":"center center","background-size":"auto","background-attachment":"scroll","background-type":"","background-media":"","overlay-type":"","overlay-color":"","overlay-opacity":"","overlay-gradient":""},"mobile":{"background-color":"","background-image":"","background-repeat":"repeat","background-position":"center center","background-size":"auto","background-attachment":"scroll","background-type":"","background-media":"","overlay-type":"","overlay-color":"","overlay-opacity":"","overlay-gradient":""}},"ast-content-background-meta":{"desktop":{"background-color":"var(--ast-global-color-5)","background-image":"","background-repeat":"repeat","background-position":"center center","background-size":"auto","background-attachment":"scroll","background-type":"","background-media":"","overlay-type":"","overlay-color":"","overlay-opacity":"","overlay-gradient":""},"tablet":{"background-color":"var(--ast-global-color-5)","background-image":"","background-repeat":"repeat","background-position":"center center","background-size":"auto","background-attachment":"scroll","background-type":"","background-media":"","overlay-type":"","overlay-color":"","overlay-opacity":"","overlay-gradient":""},"mobile":{"background-color":"var(--ast-global-color-5)","background-image":"","background-repeat":"repeat","background-position":"center center","background-size":"auto","background-attachment":"scroll","background-type":"","background-media":"","overlay-type":"","overlay-color":"","overlay-opacity":"","overlay-gradient":""}}},"product_brand":[],"product_cat":[25,24],"product_tag":[],"class_list":{"0":"post-540","1":"product","2":"type-product","3":"status-publish","4":"has-post-thumbnail","6":"product_cat-krpe","7":"product_cat-perfetto","8":"desktop-align-left","9":"tablet-align-left","10":"mobile-align-left","12":"first","13":"instock","14":"shipping-taxable","15":"product-type-simple"},"_links":{"self":[{"href":"https:\/\/europak.net\/fr\/wp-json\/wp\/v2\/product\/540","targetHints":{"allow":["GET"]}}],"collection":[{"href":"https:\/\/europak.net\/fr\/wp-json\/wp\/v2\/product"}],"about":[{"href":"https:\/\/europak.net\/fr\/wp-json\/wp\/v2\/types\/product"}],"replies":[{"embeddable":true,"href":"https:\/\/europak.net\/fr\/wp-json\/wp\/v2\/comments?post=540"}],"wp:featuredmedia":[{"embeddable":true,"href":"https:\/\/europak.net\/fr\/wp-json\/wp\/v2\/media\/719"}],"wp:attachment":[{"href":"https:\/\/europak.net\/fr\/wp-json\/wp\/v2\/media?parent=540"}],"wp:term":[{"taxonomy":"product_brand","embeddable":true,"href":"https:\/\/europak.net\/fr\/wp-json\/wp\/v2\/product_brand?post=540"},{"taxonomy":"product_cat","embeddable":true,"href":"https:\/\/europak.net\/fr\/wp-json\/wp\/v2\/product_cat?post=540"},{"taxonomy":"product_tag","embeddable":true,"href":"https:\/\/europak.net\/fr\/wp-json\/wp\/v2\/product_tag?post=540"}],"curies":[{"name":"wp","href":"https:\/\/api.w.org\/{rel}","templated":true}]}}