{"id":544,"date":"2023-03-22T19:50:31","date_gmt":"2023-03-22T19:50:31","guid":{"rendered":"https:\/\/europak.net\/?post_type=product&#038;p=544"},"modified":"2023-12-22T10:05:12","modified_gmt":"2023-12-22T10:05:12","slug":"oreillers-perfetto-inox-1-1","status":"publish","type":"product","link":"https:\/\/europak.net\/fr\/proizvod\/perfetto-inox-jastuce-1-1\/","title":{"rendered":"Oreillers Perfetto en acier inoxydable 1\/1"},"content":{"rendered":"<ul>\n<li>Un sou comme une \u00e9ponge, un poisson comme un fil<\/li>\n<li>\u00c9ponge recouverte d&#039;un treillis m\u00e9tallique sp\u00e9cial<\/li>\n<li>Destin\u00e9 au nettoyage des surfaces d\u00e9licates telles que la vaisselle en t\u00e9flon, en inox et en porcelaine<\/li>\n<li>N&#039;endommage pas la couche protectrice des casseroles et po\u00eales<\/li>\n<li>Ne laisse pas de traces ni de taches<\/li>\n<li>Durable et durable<\/li>\n<\/ul>","protected":false},"excerpt":{"rendered":"<p>Les tampons en acier inoxydable sont destin\u00e9s au lavage des d\u00e9p\u00f4ts tenaces sur les surfaces d\u00e9licates. L&#039;\u00e9ponge est recouverte d&#039;un treillis m\u00e9tallique sp\u00e9cial qui permet de laver les surfaces d\u00e9licates telles que le t\u00e9flon et l&#039;acier inoxydable. Convient pour nettoyer les po\u00eales, les fours et autres surfaces sensibles telles que la porcelaine et le verre. N&#039;ab\u00eeme pas et ne laisse pas de rayures. Il s&#039;utilise avec du d\u00e9tergent \u00e0 vaisselle et se rince facilement.<\/p>","protected":false},"featured_media":909,"comment_status":"closed","ping_status":"closed","template":"","meta":{"site-sidebar-layout":"default","site-content-layout":"default","ast-site-content-layout":"default","site-content-style":"default","site-sidebar-style":"default","ast-global-header-display":"","ast-banner-title-visibility":"","ast-main-header-display":"","ast-hfb-above-header-display":"","ast-hfb-below-header-display":"","ast-hfb-mobile-header-display":"","site-post-title":"","ast-breadcrumbs-content":"","ast-featured-img":"","footer-sml-layout":"","ast-disable-related-posts":"","theme-transparent-header-meta":"default","adv-header-id-meta":"","stick-header-meta":"","header-above-stick-meta":"","header-main-stick-meta":"","header-below-stick-meta":"","astra-migrate-meta-layouts":"set","ast-page-background-enabled":"default","ast-page-background-meta":{"desktop":{"background-color":"var(--ast-global-color-4)","background-image":"","background-repeat":"repeat","background-position":"center center","background-size":"auto","background-attachment":"scroll","background-type":"","background-media":"","overlay-type":"","overlay-color":"","overlay-opacity":"","overlay-gradient":""},"tablet":{"background-color":"","background-image":"","background-repeat":"repeat","background-position":"center center","background-size":"auto","background-attachment":"scroll","background-type":"","background-media":"","overlay-type":"","overlay-color":"","overlay-opacity":"","overlay-gradient":""},"mobile":{"background-color":"","background-image":"","background-repeat":"repeat","background-position":"center center","background-size":"auto","background-attachment":"scroll","background-type":"","background-media":"","overlay-type":"","overlay-color":"","overlay-opacity":"","overlay-gradient":""}},"ast-content-background-meta":{"desktop":{"background-color":"var(--ast-global-color-5)","background-image":"","background-repeat":"repeat","background-position":"center center","background-size":"auto","background-attachment":"scroll","background-type":"","background-media":"","overlay-type":"","overlay-color":"","overlay-opacity":"","overlay-gradient":""},"tablet":{"background-color":"var(--ast-global-color-5)","background-image":"","background-repeat":"repeat","background-position":"center center","background-size":"auto","background-attachment":"scroll","background-type":"","background-media":"","overlay-type":"","overlay-color":"","overlay-opacity":"","overlay-gradient":""},"mobile":{"background-color":"var(--ast-global-color-5)","background-image":"","background-repeat":"repeat","background-position":"center center","background-size":"auto","background-attachment":"scroll","background-type":"","background-media":"","overlay-type":"","overlay-color":"","overlay-opacity":"","overlay-gradient":""}}},"product_brand":[],"product_cat":[24,28],"product_tag":[],"class_list":{"0":"post-544","1":"product","2":"type-product","3":"status-publish","4":"has-post-thumbnail","6":"product_cat-perfetto","7":"product_cat-zice","8":"desktop-align-left","9":"tablet-align-left","10":"mobile-align-left","12":"first","13":"instock","14":"shipping-taxable","15":"product-type-simple"},"_links":{"self":[{"href":"https:\/\/europak.net\/fr\/wp-json\/wp\/v2\/product\/544","targetHints":{"allow":["GET"]}}],"collection":[{"href":"https:\/\/europak.net\/fr\/wp-json\/wp\/v2\/product"}],"about":[{"href":"https:\/\/europak.net\/fr\/wp-json\/wp\/v2\/types\/product"}],"replies":[{"embeddable":true,"href":"https:\/\/europak.net\/fr\/wp-json\/wp\/v2\/comments?post=544"}],"wp:featuredmedia":[{"embeddable":true,"href":"https:\/\/europak.net\/fr\/wp-json\/wp\/v2\/media\/909"}],"wp:attachment":[{"href":"https:\/\/europak.net\/fr\/wp-json\/wp\/v2\/media?parent=544"}],"wp:term":[{"taxonomy":"product_brand","embeddable":true,"href":"https:\/\/europak.net\/fr\/wp-json\/wp\/v2\/product_brand?post=544"},{"taxonomy":"product_cat","embeddable":true,"href":"https:\/\/europak.net\/fr\/wp-json\/wp\/v2\/product_cat?post=544"},{"taxonomy":"product_tag","embeddable":true,"href":"https:\/\/europak.net\/fr\/wp-json\/wp\/v2\/product_tag?post=544"}],"curies":[{"name":"wp","href":"https:\/\/api.w.org\/{rel}","templated":true}]}}