{"id":556,"date":"2023-03-22T19:50:38","date_gmt":"2023-03-22T19:50:38","guid":{"rendered":"https:\/\/europak.net\/?post_type=product&#038;p=556"},"modified":"2023-12-22T10:00:13","modified_gmt":"2023-12-22T10:00:13","slug":"vadrouille-en-coton-kendo-250-g","status":"publish","type":"product","link":"https:\/\/europak.net\/fr\/proizvod\/kendo-pamucni-mop-250-g\/","title":{"rendered":"Vadrouille en coton Kendo 250 g"},"content":{"rendered":"<ul>\n<li>Les pompons en coton de la meilleure qualit\u00e9<\/li>\n<li>Nettoie de grandes surfaces en un seul passage<\/li>\n<li>Coton extr\u00eamement r\u00e9sistant<\/li>\n<li>Tr\u00e8s absorbant<\/li>\n<li>Pour nettoyer les carrelages, les stratifi\u00e9s et les terres cuites<\/li>\n<li>Il peut \u00eatre utilis\u00e9 avec des d\u00e9tergents et autres produits de nettoyage<\/li>\n<\/ul>","protected":false},"excerpt":{"rendered":"<p>Serpill\u00e8re extr\u00eamement absorbante en coton de haute qualit\u00e9. La taille accrue de la vadrouille permet un nettoyage efficace de grandes surfaces. Il retient la salet\u00e9 jusqu&#039;\u00e0 ce qu&#039;elle soit \u00e9limin\u00e9e et ne la r\u00e9pand pas sur la surface nettoy\u00e9e. Il convient \u00e0 une utilisation avec des produits de nettoyage. Destin\u00e9 au nettoyage des carrelages, stratifi\u00e9s, sols coul\u00e9s et terres cuites.<\/p>","protected":false},"featured_media":0,"comment_status":"closed","ping_status":"closed","template":"","meta":{"site-sidebar-layout":"default","site-content-layout":"default","ast-site-content-layout":"default","site-content-style":"default","site-sidebar-style":"default","ast-global-header-display":"","ast-banner-title-visibility":"","ast-main-header-display":"","ast-hfb-above-header-display":"","ast-hfb-below-header-display":"","ast-hfb-mobile-header-display":"","site-post-title":"","ast-breadcrumbs-content":"","ast-featured-img":"","footer-sml-layout":"","ast-disable-related-posts":"","theme-transparent-header-meta":"default","adv-header-id-meta":"","stick-header-meta":"","header-above-stick-meta":"","header-main-stick-meta":"","header-below-stick-meta":"","astra-migrate-meta-layouts":"set","ast-page-background-enabled":"default","ast-page-background-meta":{"desktop":{"background-color":"var(--ast-global-color-4)","background-image":"","background-repeat":"repeat","background-position":"center center","background-size":"auto","background-attachment":"scroll","background-type":"","background-media":"","overlay-type":"","overlay-color":"","overlay-opacity":"","overlay-gradient":""},"tablet":{"background-color":"","background-image":"","background-repeat":"repeat","background-position":"center center","background-size":"auto","background-attachment":"scroll","background-type":"","background-media":"","overlay-type":"","overlay-color":"","overlay-opacity":"","overlay-gradient":""},"mobile":{"background-color":"","background-image":"","background-repeat":"repeat","background-position":"center center","background-size":"auto","background-attachment":"scroll","background-type":"","background-media":"","overlay-type":"","overlay-color":"","overlay-opacity":"","overlay-gradient":""}},"ast-content-background-meta":{"desktop":{"background-color":"var(--ast-global-color-5)","background-image":"","background-repeat":"repeat","background-position":"center center","background-size":"auto","background-attachment":"scroll","background-type":"","background-media":"","overlay-type":"","overlay-color":"","overlay-opacity":"","overlay-gradient":""},"tablet":{"background-color":"var(--ast-global-color-5)","background-image":"","background-repeat":"repeat","background-position":"center center","background-size":"auto","background-attachment":"scroll","background-type":"","background-media":"","overlay-type":"","overlay-color":"","overlay-opacity":"","overlay-gradient":""},"mobile":{"background-color":"var(--ast-global-color-5)","background-image":"","background-repeat":"repeat","background-position":"center center","background-size":"auto","background-attachment":"scroll","background-type":"","background-media":"","overlay-type":"","overlay-color":"","overlay-opacity":"","overlay-gradient":""}}},"product_brand":[],"product_cat":[21,30],"product_tag":[],"class_list":{"0":"post-556","1":"product","2":"type-product","3":"status-publish","5":"product_cat-kendo","6":"product_cat-nega-podova","7":"desktop-align-left","8":"tablet-align-left","9":"mobile-align-left","11":"first","12":"instock","13":"shipping-taxable","14":"product-type-simple"},"_links":{"self":[{"href":"https:\/\/europak.net\/fr\/wp-json\/wp\/v2\/product\/556","targetHints":{"allow":["GET"]}}],"collection":[{"href":"https:\/\/europak.net\/fr\/wp-json\/wp\/v2\/product"}],"about":[{"href":"https:\/\/europak.net\/fr\/wp-json\/wp\/v2\/types\/product"}],"replies":[{"embeddable":true,"href":"https:\/\/europak.net\/fr\/wp-json\/wp\/v2\/comments?post=556"}],"wp:attachment":[{"href":"https:\/\/europak.net\/fr\/wp-json\/wp\/v2\/media?parent=556"}],"wp:term":[{"taxonomy":"product_brand","embeddable":true,"href":"https:\/\/europak.net\/fr\/wp-json\/wp\/v2\/product_brand?post=556"},{"taxonomy":"product_cat","embeddable":true,"href":"https:\/\/europak.net\/fr\/wp-json\/wp\/v2\/product_cat?post=556"},{"taxonomy":"product_tag","embeddable":true,"href":"https:\/\/europak.net\/fr\/wp-json\/wp\/v2\/product_tag?post=556"}],"curies":[{"name":"wp","href":"https:\/\/api.w.org\/{rel}","templated":true}]}}