{"id":559,"date":"2023-03-22T19:50:40","date_gmt":"2023-03-22T19:50:40","guid":{"rendered":"https:\/\/europak.net\/?post_type=product&#038;p=559"},"modified":"2023-12-22T09:40:46","modified_gmt":"2023-12-22T09:40:46","slug":"recharge-de-vadrouille-kendo-pour-ensemble-magnetique","status":"publish","type":"product","link":"https:\/\/europak.net\/fr\/proizvod\/kendo-mop-refil-za-magnetni-set\/","title":{"rendered":"Recharge de vadrouille Kendo pour ensemble magn\u00e9tique"},"content":{"rendered":"<ul>\n<li>Un chiffon en microfibre extr\u00eamement absorbant qui ramasse toutes les salet\u00e9s<\/li>\n<li>\u00c0 utiliser avec l&#039;ensemble de vadrouille magn\u00e9tique Kendo<\/li>\n<li>Il atteint les plus petits endroits difficiles d&#039;acc\u00e8s comme les coins de la pi\u00e8ce et sous les meubles<\/li>\n<\/ul>","protected":false},"excerpt":{"rendered":"<p>La recharge pour vadrouille en microfibre Kendo vous permet de profiter de sols propres dans votre maison. Il est utilis\u00e9 avec le set de vadrouille magn\u00e9tique Kendo qui atteint les endroits difficiles d&#039;acc\u00e8s, collectant toute la salet\u00e9. Convient pour une utilisation \u00e0 sec \u2013 pour d\u00e9poussi\u00e9rer ou une utilisation humide \u2013 pour le nettoyage des sols. Le chiffon en microfibre est extr\u00eamement absorbant et nettoie efficacement toute salet\u00e9.<\/p>","protected":false},"featured_media":894,"comment_status":"closed","ping_status":"closed","template":"","meta":{"site-sidebar-layout":"default","site-content-layout":"default","ast-site-content-layout":"default","site-content-style":"default","site-sidebar-style":"default","ast-global-header-display":"","ast-banner-title-visibility":"","ast-main-header-display":"","ast-hfb-above-header-display":"","ast-hfb-below-header-display":"","ast-hfb-mobile-header-display":"","site-post-title":"","ast-breadcrumbs-content":"","ast-featured-img":"","footer-sml-layout":"","ast-disable-related-posts":"","theme-transparent-header-meta":"default","adv-header-id-meta":"","stick-header-meta":"","header-above-stick-meta":"","header-main-stick-meta":"","header-below-stick-meta":"","astra-migrate-meta-layouts":"set","ast-page-background-enabled":"default","ast-page-background-meta":{"desktop":{"background-color":"var(--ast-global-color-4)","background-image":"","background-repeat":"repeat","background-position":"center center","background-size":"auto","background-attachment":"scroll","background-type":"","background-media":"","overlay-type":"","overlay-color":"","overlay-opacity":"","overlay-gradient":""},"tablet":{"background-color":"","background-image":"","background-repeat":"repeat","background-position":"center center","background-size":"auto","background-attachment":"scroll","background-type":"","background-media":"","overlay-type":"","overlay-color":"","overlay-opacity":"","overlay-gradient":""},"mobile":{"background-color":"","background-image":"","background-repeat":"repeat","background-position":"center center","background-size":"auto","background-attachment":"scroll","background-type":"","background-media":"","overlay-type":"","overlay-color":"","overlay-opacity":"","overlay-gradient":""}},"ast-content-background-meta":{"desktop":{"background-color":"var(--ast-global-color-5)","background-image":"","background-repeat":"repeat","background-position":"center center","background-size":"auto","background-attachment":"scroll","background-type":"","background-media":"","overlay-type":"","overlay-color":"","overlay-opacity":"","overlay-gradient":""},"tablet":{"background-color":"var(--ast-global-color-5)","background-image":"","background-repeat":"repeat","background-position":"center center","background-size":"auto","background-attachment":"scroll","background-type":"","background-media":"","overlay-type":"","overlay-color":"","overlay-opacity":"","overlay-gradient":""},"mobile":{"background-color":"var(--ast-global-color-5)","background-image":"","background-repeat":"repeat","background-position":"center center","background-size":"auto","background-attachment":"scroll","background-type":"","background-media":"","overlay-type":"","overlay-color":"","overlay-opacity":"","overlay-gradient":""}}},"product_brand":[],"product_cat":[21,30],"product_tag":[],"class_list":{"0":"post-559","1":"product","2":"type-product","3":"status-publish","4":"has-post-thumbnail","6":"product_cat-kendo","7":"product_cat-nega-podova","8":"desktop-align-left","9":"tablet-align-left","10":"mobile-align-left","12":"first","13":"instock","14":"shipping-taxable","15":"product-type-simple"},"_links":{"self":[{"href":"https:\/\/europak.net\/fr\/wp-json\/wp\/v2\/product\/559","targetHints":{"allow":["GET"]}}],"collection":[{"href":"https:\/\/europak.net\/fr\/wp-json\/wp\/v2\/product"}],"about":[{"href":"https:\/\/europak.net\/fr\/wp-json\/wp\/v2\/types\/product"}],"replies":[{"embeddable":true,"href":"https:\/\/europak.net\/fr\/wp-json\/wp\/v2\/comments?post=559"}],"wp:featuredmedia":[{"embeddable":true,"href":"https:\/\/europak.net\/fr\/wp-json\/wp\/v2\/media\/894"}],"wp:attachment":[{"href":"https:\/\/europak.net\/fr\/wp-json\/wp\/v2\/media?parent=559"}],"wp:term":[{"taxonomy":"product_brand","embeddable":true,"href":"https:\/\/europak.net\/fr\/wp-json\/wp\/v2\/product_brand?post=559"},{"taxonomy":"product_cat","embeddable":true,"href":"https:\/\/europak.net\/fr\/wp-json\/wp\/v2\/product_cat?post=559"},{"taxonomy":"product_tag","embeddable":true,"href":"https:\/\/europak.net\/fr\/wp-json\/wp\/v2\/product_tag?post=559"}],"curies":[{"name":"wp","href":"https:\/\/api.w.org\/{rel}","templated":true}]}}