{"id":563,"date":"2023-03-22T19:50:41","date_gmt":"2023-03-22T19:50:41","guid":{"rendered":"https:\/\/europak.net\/?post_type=product&#038;p=563"},"modified":"2023-12-22T09:38:13","modified_gmt":"2023-12-22T09:38:13","slug":"ensemble-de-balai-parfait","status":"publish","type":"product","link":"https:\/\/europak.net\/fr\/proizvod\/perfetto-mop-set\/","title":{"rendered":"Ensemble de vadrouille Perfetto"},"content":{"rendered":"<ul>\n<li>La poign\u00e9e t\u00e9lescopique peut \u00eatre ajust\u00e9e en fonction de la taille de l&#039;utilisateur<\/li>\n<li>Un chiffon absorbant en microfibre ramasse toute la salet\u00e9<\/li>\n<li>Il atteint les endroits difficiles d&#039;acc\u00e8s tels que les coins des pi\u00e8ces et sous les meubles.<\/li>\n<\/ul>","protected":false},"excerpt":{"rendered":"<p>Le balai \u00e0 franges en microfibre Perfetto, dot\u00e9 d&#039;un manche t\u00e9lescopique r\u00e9sistant, permet de nettoyer les sols facilement et rapidement. Simple et fonctionnel, il atteint les endroits difficiles d&#039;acc\u00e8s et capture toute la salet\u00e9. Utilisable \u00e0 sec (pour d\u00e9poussi\u00e9rer) ou humide (pour nettoyer les sols), son tissu en microfibre est extr\u00eamement absorbant et \u00e9limine efficacement toutes les salet\u00e9s.<\/p>","protected":false},"featured_media":901,"comment_status":"closed","ping_status":"closed","template":"","meta":{"site-sidebar-layout":"default","site-content-layout":"default","ast-site-content-layout":"default","site-content-style":"default","site-sidebar-style":"default","ast-global-header-display":"","ast-banner-title-visibility":"","ast-main-header-display":"","ast-hfb-above-header-display":"","ast-hfb-below-header-display":"","ast-hfb-mobile-header-display":"","site-post-title":"","ast-breadcrumbs-content":"","ast-featured-img":"","footer-sml-layout":"","ast-disable-related-posts":"","theme-transparent-header-meta":"default","adv-header-id-meta":"","stick-header-meta":"","header-above-stick-meta":"","header-main-stick-meta":"","header-below-stick-meta":"","astra-migrate-meta-layouts":"set","ast-page-background-enabled":"default","ast-page-background-meta":{"desktop":{"background-color":"var(--ast-global-color-4)","background-image":"","background-repeat":"repeat","background-position":"center center","background-size":"auto","background-attachment":"scroll","background-type":"","background-media":"","overlay-type":"","overlay-color":"","overlay-opacity":"","overlay-gradient":""},"tablet":{"background-color":"","background-image":"","background-repeat":"repeat","background-position":"center center","background-size":"auto","background-attachment":"scroll","background-type":"","background-media":"","overlay-type":"","overlay-color":"","overlay-opacity":"","overlay-gradient":""},"mobile":{"background-color":"","background-image":"","background-repeat":"repeat","background-position":"center center","background-size":"auto","background-attachment":"scroll","background-type":"","background-media":"","overlay-type":"","overlay-color":"","overlay-opacity":"","overlay-gradient":""}},"ast-content-background-meta":{"desktop":{"background-color":"var(--ast-global-color-5)","background-image":"","background-repeat":"repeat","background-position":"center center","background-size":"auto","background-attachment":"scroll","background-type":"","background-media":"","overlay-type":"","overlay-color":"","overlay-opacity":"","overlay-gradient":""},"tablet":{"background-color":"var(--ast-global-color-5)","background-image":"","background-repeat":"repeat","background-position":"center center","background-size":"auto","background-attachment":"scroll","background-type":"","background-media":"","overlay-type":"","overlay-color":"","overlay-opacity":"","overlay-gradient":""},"mobile":{"background-color":"var(--ast-global-color-5)","background-image":"","background-repeat":"repeat","background-position":"center center","background-size":"auto","background-attachment":"scroll","background-type":"","background-media":"","overlay-type":"","overlay-color":"","overlay-opacity":"","overlay-gradient":""}}},"product_brand":[],"product_cat":[30,24],"product_tag":[],"class_list":{"0":"post-563","1":"product","2":"type-product","3":"status-publish","4":"has-post-thumbnail","6":"product_cat-nega-podova","7":"product_cat-perfetto","8":"desktop-align-left","9":"tablet-align-left","10":"mobile-align-left","12":"first","13":"instock","14":"shipping-taxable","15":"product-type-simple"},"_links":{"self":[{"href":"https:\/\/europak.net\/fr\/wp-json\/wp\/v2\/product\/563","targetHints":{"allow":["GET"]}}],"collection":[{"href":"https:\/\/europak.net\/fr\/wp-json\/wp\/v2\/product"}],"about":[{"href":"https:\/\/europak.net\/fr\/wp-json\/wp\/v2\/types\/product"}],"replies":[{"embeddable":true,"href":"https:\/\/europak.net\/fr\/wp-json\/wp\/v2\/comments?post=563"}],"wp:featuredmedia":[{"embeddable":true,"href":"https:\/\/europak.net\/fr\/wp-json\/wp\/v2\/media\/901"}],"wp:attachment":[{"href":"https:\/\/europak.net\/fr\/wp-json\/wp\/v2\/media?parent=563"}],"wp:term":[{"taxonomy":"product_brand","embeddable":true,"href":"https:\/\/europak.net\/fr\/wp-json\/wp\/v2\/product_brand?post=563"},{"taxonomy":"product_cat","embeddable":true,"href":"https:\/\/europak.net\/fr\/wp-json\/wp\/v2\/product_cat?post=563"},{"taxonomy":"product_tag","embeddable":true,"href":"https:\/\/europak.net\/fr\/wp-json\/wp\/v2\/product_tag?post=563"}],"curies":[{"name":"wp","href":"https:\/\/api.w.org\/{rel}","templated":true}]}}