{"id":579,"date":"2023-03-22T19:50:48","date_gmt":"2023-03-22T19:50:48","guid":{"rendered":"https:\/\/europak.net\/?post_type=product&#038;p=579"},"modified":"2023-12-22T09:28:07","modified_gmt":"2023-12-22T09:28:07","slug":"pacco-aluminijumska-folija-20-m","status":"publish","type":"product","link":"https:\/\/europak.net\/fr\/proizvod\/pacco-aluminijumska-folija-20-m\/","title":{"rendered":"Feuille d&#039;aluminium Pacco 20 m"},"content":{"rendered":"<ul>\n<li>Feuille d&#039;aluminium durable, solide et r\u00e9sistante<\/li>\n<li>\u00c0 emballer et \u00e0 conserver au r\u00e9frig\u00e9rateur<\/li>\n<li>Pour la cuisson au four et sur le grill<\/li>\n<li>Garde les aliments frais<\/li>\n<\/ul>","protected":false},"excerpt":{"rendered":"<p>Le papier d&#039;aluminium Kendo est id\u00e9al pour l&#039;emballage, le stockage et la cuisson quotidiens des aliments. Gr\u00e2ce \u00e0 la qualit\u00e9 exceptionnelle de l&#039;aluminium, le film Kendo garde les aliments au frais tout en les prot\u00e9geant des odeurs l\u00e9g\u00e8res et d\u00e9sagr\u00e9ables. Il existe en plusieurs tailles pour r\u00e9pondre aux besoins de tous les utilisateurs. Les plats pr\u00e9par\u00e9s et conserv\u00e9s dans cette feuille conservent leur go\u00fbt et leur ar\u00f4me naturels, sont cuits uniform\u00e9ment, ne salissent pas le four ou le gril, et les aliments stock\u00e9s ne se dess\u00e8chent pas, ne perdent pas leur go\u00fbt et conservent longtemps leur temp\u00e9rature. temps.<\/p>","protected":false},"featured_media":1351,"comment_status":"closed","ping_status":"closed","template":"","meta":{"site-sidebar-layout":"default","site-content-layout":"default","ast-site-content-layout":"default","site-content-style":"default","site-sidebar-style":"default","ast-global-header-display":"","ast-banner-title-visibility":"","ast-main-header-display":"","ast-hfb-above-header-display":"","ast-hfb-below-header-display":"","ast-hfb-mobile-header-display":"","site-post-title":"","ast-breadcrumbs-content":"","ast-featured-img":"","footer-sml-layout":"","ast-disable-related-posts":"","theme-transparent-header-meta":"default","adv-header-id-meta":"","stick-header-meta":"","header-above-stick-meta":"","header-main-stick-meta":"","header-below-stick-meta":"","astra-migrate-meta-layouts":"set","ast-page-background-enabled":"default","ast-page-background-meta":{"desktop":{"background-color":"var(--ast-global-color-4)","background-image":"","background-repeat":"repeat","background-position":"center center","background-size":"auto","background-attachment":"scroll","background-type":"","background-media":"","overlay-type":"","overlay-color":"","overlay-opacity":"","overlay-gradient":""},"tablet":{"background-color":"","background-image":"","background-repeat":"repeat","background-position":"center center","background-size":"auto","background-attachment":"scroll","background-type":"","background-media":"","overlay-type":"","overlay-color":"","overlay-opacity":"","overlay-gradient":""},"mobile":{"background-color":"","background-image":"","background-repeat":"repeat","background-position":"center center","background-size":"auto","background-attachment":"scroll","background-type":"","background-media":"","overlay-type":"","overlay-color":"","overlay-opacity":"","overlay-gradient":""}},"ast-content-background-meta":{"desktop":{"background-color":"var(--ast-global-color-5)","background-image":"","background-repeat":"repeat","background-position":"center center","background-size":"auto","background-attachment":"scroll","background-type":"","background-media":"","overlay-type":"","overlay-color":"","overlay-opacity":"","overlay-gradient":""},"tablet":{"background-color":"var(--ast-global-color-5)","background-image":"","background-repeat":"repeat","background-position":"center center","background-size":"auto","background-attachment":"scroll","background-type":"","background-media":"","overlay-type":"","overlay-color":"","overlay-opacity":"","overlay-gradient":""},"mobile":{"background-color":"var(--ast-global-color-5)","background-image":"","background-repeat":"repeat","background-position":"center center","background-size":"auto","background-attachment":"scroll","background-type":"","background-media":"","overlay-type":"","overlay-color":"","overlay-opacity":"","overlay-gradient":""}}},"product_brand":[],"product_cat":[38,35],"product_tag":[],"class_list":{"0":"post-579","1":"product","2":"type-product","3":"status-publish","4":"has-post-thumbnail","6":"product_cat-pacco","7":"product_cat-pakovanje-hrane","8":"desktop-align-left","9":"tablet-align-left","10":"mobile-align-left","12":"first","13":"instock","14":"shipping-taxable","15":"product-type-simple"},"_links":{"self":[{"href":"https:\/\/europak.net\/fr\/wp-json\/wp\/v2\/product\/579","targetHints":{"allow":["GET"]}}],"collection":[{"href":"https:\/\/europak.net\/fr\/wp-json\/wp\/v2\/product"}],"about":[{"href":"https:\/\/europak.net\/fr\/wp-json\/wp\/v2\/types\/product"}],"replies":[{"embeddable":true,"href":"https:\/\/europak.net\/fr\/wp-json\/wp\/v2\/comments?post=579"}],"wp:featuredmedia":[{"embeddable":true,"href":"https:\/\/europak.net\/fr\/wp-json\/wp\/v2\/media\/1351"}],"wp:attachment":[{"href":"https:\/\/europak.net\/fr\/wp-json\/wp\/v2\/media?parent=579"}],"wp:term":[{"taxonomy":"product_brand","embeddable":true,"href":"https:\/\/europak.net\/fr\/wp-json\/wp\/v2\/product_brand?post=579"},{"taxonomy":"product_cat","embeddable":true,"href":"https:\/\/europak.net\/fr\/wp-json\/wp\/v2\/product_cat?post=579"},{"taxonomy":"product_tag","embeddable":true,"href":"https:\/\/europak.net\/fr\/wp-json\/wp\/v2\/product_tag?post=579"}],"curies":[{"name":"wp","href":"https:\/\/api.w.org\/{rel}","templated":true}]}}