{"id":586,"date":"2022-08-22T19:50:51","date_gmt":"2022-08-22T19:50:51","guid":{"rendered":"https:\/\/europak.net\/?post_type=product&#038;p=586"},"modified":"2024-01-11T10:35:35","modified_gmt":"2024-01-11T10:35:35","slug":"film-alimentaire-kendo-30-par-boite","status":"publish","type":"product","link":"https:\/\/europak.net\/fr\/proizvod\/kendo-prijanjajuca-folija-30-mu-kutiji\/","title":{"rendered":"Film alimentaire Kendo 30 par bo\u00eete"},"content":{"rendered":"<ul>\n<li>film souple et adh\u00e9sif<\/li>\n<li>facilement s\u00e9par\u00e9 du rouleau<\/li>\n<li>ne se d\u00e9chire pas au d\u00e9ballage<\/li>\n<li>assure la fra\u00eecheur du produit<\/li>\n<li>prot\u00e8ge du dess\u00e8chement<\/li>\n<\/ul>","protected":false},"excerpt":{"rendered":"<p>Le film alimentaire Kendo assure un stockage pratique et prolonge la fra\u00eecheur des aliments en emp\u00eachant les aliments de se dess\u00e9cher et de se g\u00e2ter. Il est extr\u00eamement extensible et ne se d\u00e9chire pas une fois d\u00e9roul\u00e9. Il adh\u00e8re parfaitement aux produits emball\u00e9s, il est donc tr\u00e8s pratique pour emballer des sandwichs, des l\u00e9gumes, des fromages, de la viande et d&#039;autres produits expos\u00e9s au s\u00e9chage. La bo\u00eete en carton est \u00e9quip\u00e9e d&#039;une scie gr\u00e2ce \u00e0 laquelle un morceau de papier d&#039;aluminium peut \u00eatre facilement d\u00e9coup\u00e9.<\/p>","protected":false},"featured_media":666,"comment_status":"closed","ping_status":"closed","template":"","meta":{"site-sidebar-layout":"default","site-content-layout":"default","ast-site-content-layout":"default","site-content-style":"default","site-sidebar-style":"default","ast-global-header-display":"","ast-banner-title-visibility":"","ast-main-header-display":"","ast-hfb-above-header-display":"","ast-hfb-below-header-display":"","ast-hfb-mobile-header-display":"","site-post-title":"","ast-breadcrumbs-content":"","ast-featured-img":"","footer-sml-layout":"","ast-disable-related-posts":"","theme-transparent-header-meta":"default","adv-header-id-meta":"","stick-header-meta":"","header-above-stick-meta":"","header-main-stick-meta":"","header-below-stick-meta":"","astra-migrate-meta-layouts":"set","ast-page-background-enabled":"default","ast-page-background-meta":{"desktop":{"background-color":"var(--ast-global-color-4)","background-image":"","background-repeat":"repeat","background-position":"center center","background-size":"auto","background-attachment":"scroll","background-type":"","background-media":"","overlay-type":"","overlay-color":"","overlay-opacity":"","overlay-gradient":""},"tablet":{"background-color":"","background-image":"","background-repeat":"repeat","background-position":"center center","background-size":"auto","background-attachment":"scroll","background-type":"","background-media":"","overlay-type":"","overlay-color":"","overlay-opacity":"","overlay-gradient":""},"mobile":{"background-color":"","background-image":"","background-repeat":"repeat","background-position":"center center","background-size":"auto","background-attachment":"scroll","background-type":"","background-media":"","overlay-type":"","overlay-color":"","overlay-opacity":"","overlay-gradient":""}},"ast-content-background-meta":{"desktop":{"background-color":"var(--ast-global-color-5)","background-image":"","background-repeat":"repeat","background-position":"center center","background-size":"auto","background-attachment":"scroll","background-type":"","background-media":"","overlay-type":"","overlay-color":"","overlay-opacity":"","overlay-gradient":""},"tablet":{"background-color":"var(--ast-global-color-5)","background-image":"","background-repeat":"repeat","background-position":"center center","background-size":"auto","background-attachment":"scroll","background-type":"","background-media":"","overlay-type":"","overlay-color":"","overlay-opacity":"","overlay-gradient":""},"mobile":{"background-color":"var(--ast-global-color-5)","background-image":"","background-repeat":"repeat","background-position":"center center","background-size":"auto","background-attachment":"scroll","background-type":"","background-media":"","overlay-type":"","overlay-color":"","overlay-opacity":"","overlay-gradient":""}}},"product_brand":[],"product_cat":[21,35],"product_tag":[],"class_list":{"0":"post-586","1":"product","2":"type-product","3":"status-publish","4":"has-post-thumbnail","6":"product_cat-kendo","7":"product_cat-pakovanje-hrane","8":"desktop-align-left","9":"tablet-align-left","10":"mobile-align-left","12":"first","13":"instock","14":"shipping-taxable","15":"product-type-simple"},"_links":{"self":[{"href":"https:\/\/europak.net\/fr\/wp-json\/wp\/v2\/product\/586","targetHints":{"allow":["GET"]}}],"collection":[{"href":"https:\/\/europak.net\/fr\/wp-json\/wp\/v2\/product"}],"about":[{"href":"https:\/\/europak.net\/fr\/wp-json\/wp\/v2\/types\/product"}],"replies":[{"embeddable":true,"href":"https:\/\/europak.net\/fr\/wp-json\/wp\/v2\/comments?post=586"}],"wp:featuredmedia":[{"embeddable":true,"href":"https:\/\/europak.net\/fr\/wp-json\/wp\/v2\/media\/666"}],"wp:attachment":[{"href":"https:\/\/europak.net\/fr\/wp-json\/wp\/v2\/media?parent=586"}],"wp:term":[{"taxonomy":"product_brand","embeddable":true,"href":"https:\/\/europak.net\/fr\/wp-json\/wp\/v2\/product_brand?post=586"},{"taxonomy":"product_cat","embeddable":true,"href":"https:\/\/europak.net\/fr\/wp-json\/wp\/v2\/product_cat?post=586"},{"taxonomy":"product_tag","embeddable":true,"href":"https:\/\/europak.net\/fr\/wp-json\/wp\/v2\/product_tag?post=586"}],"curies":[{"name":"wp","href":"https:\/\/api.w.org\/{rel}","templated":true}]}}