{"id":595,"date":"2022-04-22T19:50:54","date_gmt":"2022-04-22T19:50:54","guid":{"rendered":"https:\/\/europak.net\/?post_type=product&#038;p=595"},"modified":"2024-01-11T10:33:43","modified_gmt":"2024-01-11T10:33:43","slug":"papier-sulfurise-kendo-en-feuilles-20-1","status":"publish","type":"product","link":"https:\/\/europak.net\/fr\/proizvod\/kendo-papir-za-pecenje-u-listovima-20-1\/","title":{"rendered":"Papier sulfuris\u00e9 Kendo en feuilles 20\/1"},"content":{"rendered":"<ul>\n<li>20 feuilles de papier sulfuris\u00e9 format\u00e9es pour une utilisation facile et rapide<\/li>\n<li>Du papier sulfuris\u00e9 sans avoir besoin de graisser le moule<\/li>\n<li>Non collant des deux c\u00f4t\u00e9s<\/li>\n<li>Excellent pour la cuisson de g\u00e2teaux, p\u00e2tisseries, viandes et autres plats<\/li>\n<li>Il peut \u00eatre utilis\u00e9 au four et au four \u00e0 micro-ondes<\/li>\n<\/ul>","protected":false},"excerpt":{"rendered":"<p>Papir za pe\u010denje u listovima je izuzetno prakti\u010dan za upotrebu. Pakovanje sadr\u017ei 20 ise\u010denih listova papira za pe\u010denje u rerni dimenzije 38&#215;42 cm \u0161to odgovara ve\u0107ini standardnih plehova. Obostrano je nelepljiv \u0161to omogu\u0107ava brzo pe\u010denje bez lepljenja hrane za pleh ili tepsiju. Ne zahteva kori\u0161\u0107enje ulja pri pe\u010denju kola\u010da, pita, pica i ostalih testa. Omogu\u0107ava lako pe\u010denje svih vrsta mesa, povr\u0107a i slatkih jela u rerni.<\/p>","protected":false},"featured_media":984,"comment_status":"closed","ping_status":"closed","template":"","meta":{"site-sidebar-layout":"default","site-content-layout":"default","ast-site-content-layout":"default","site-content-style":"default","site-sidebar-style":"default","ast-global-header-display":"","ast-banner-title-visibility":"","ast-main-header-display":"","ast-hfb-above-header-display":"","ast-hfb-below-header-display":"","ast-hfb-mobile-header-display":"","site-post-title":"","ast-breadcrumbs-content":"","ast-featured-img":"","footer-sml-layout":"","ast-disable-related-posts":"","theme-transparent-header-meta":"default","adv-header-id-meta":"","stick-header-meta":"","header-above-stick-meta":"","header-main-stick-meta":"","header-below-stick-meta":"","astra-migrate-meta-layouts":"set","ast-page-background-enabled":"default","ast-page-background-meta":{"desktop":{"background-color":"var(--ast-global-color-4)","background-image":"","background-repeat":"repeat","background-position":"center center","background-size":"auto","background-attachment":"scroll","background-type":"","background-media":"","overlay-type":"","overlay-color":"","overlay-opacity":"","overlay-gradient":""},"tablet":{"background-color":"","background-image":"","background-repeat":"repeat","background-position":"center center","background-size":"auto","background-attachment":"scroll","background-type":"","background-media":"","overlay-type":"","overlay-color":"","overlay-opacity":"","overlay-gradient":""},"mobile":{"background-color":"","background-image":"","background-repeat":"repeat","background-position":"center center","background-size":"auto","background-attachment":"scroll","background-type":"","background-media":"","overlay-type":"","overlay-color":"","overlay-opacity":"","overlay-gradient":""}},"ast-content-background-meta":{"desktop":{"background-color":"var(--ast-global-color-5)","background-image":"","background-repeat":"repeat","background-position":"center center","background-size":"auto","background-attachment":"scroll","background-type":"","background-media":"","overlay-type":"","overlay-color":"","overlay-opacity":"","overlay-gradient":""},"tablet":{"background-color":"var(--ast-global-color-5)","background-image":"","background-repeat":"repeat","background-position":"center center","background-size":"auto","background-attachment":"scroll","background-type":"","background-media":"","overlay-type":"","overlay-color":"","overlay-opacity":"","overlay-gradient":""},"mobile":{"background-color":"var(--ast-global-color-5)","background-image":"","background-repeat":"repeat","background-position":"center center","background-size":"auto","background-attachment":"scroll","background-type":"","background-media":"","overlay-type":"","overlay-color":"","overlay-opacity":"","overlay-gradient":""}}},"product_brand":[],"product_cat":[21,35],"product_tag":[],"class_list":{"0":"post-595","1":"product","2":"type-product","3":"status-publish","4":"has-post-thumbnail","6":"product_cat-kendo","7":"product_cat-pakovanje-hrane","8":"desktop-align-left","9":"tablet-align-left","10":"mobile-align-left","12":"first","13":"instock","14":"shipping-taxable","15":"product-type-simple"},"_links":{"self":[{"href":"https:\/\/europak.net\/fr\/wp-json\/wp\/v2\/product\/595","targetHints":{"allow":["GET"]}}],"collection":[{"href":"https:\/\/europak.net\/fr\/wp-json\/wp\/v2\/product"}],"about":[{"href":"https:\/\/europak.net\/fr\/wp-json\/wp\/v2\/types\/product"}],"replies":[{"embeddable":true,"href":"https:\/\/europak.net\/fr\/wp-json\/wp\/v2\/comments?post=595"}],"wp:featuredmedia":[{"embeddable":true,"href":"https:\/\/europak.net\/fr\/wp-json\/wp\/v2\/media\/984"}],"wp:attachment":[{"href":"https:\/\/europak.net\/fr\/wp-json\/wp\/v2\/media?parent=595"}],"wp:term":[{"taxonomy":"product_brand","embeddable":true,"href":"https:\/\/europak.net\/fr\/wp-json\/wp\/v2\/product_brand?post=595"},{"taxonomy":"product_cat","embeddable":true,"href":"https:\/\/europak.net\/fr\/wp-json\/wp\/v2\/product_cat?post=595"},{"taxonomy":"product_tag","embeddable":true,"href":"https:\/\/europak.net\/fr\/wp-json\/wp\/v2\/product_tag?post=595"}],"curies":[{"name":"wp","href":"https:\/\/api.w.org\/{rel}","templated":true}]}}