{"id":625,"date":"2023-03-22T19:51:07","date_gmt":"2023-03-22T19:51:07","guid":{"rendered":"https:\/\/europak.net\/?post_type=product&#038;p=625"},"modified":"2023-12-06T12:20:09","modified_gmt":"2023-12-06T12:20:09","slug":"gants-en-vinyle-perfetto-m-10-1","status":"publish","type":"product","link":"https:\/\/europak.net\/fr\/proizvod\/perfetto-vinil-rukavice-m-10-1\/","title":{"rendered":"Gants en vinyle Perfetto M 10\/1"},"content":{"rendered":"<ul>\n<li>Ils existent en tailles : S, M, L<\/li>\n<li>Pack de 10 paires de gants<\/li>\n<li>Gants en vinyle avec talc ajout\u00e9<\/li>\n<li>Gants jetables \u00e0 usage polyvalent<\/li>\n<\/ul>","protected":false},"excerpt":{"rendered":"<p>Les gants en vinyle sont id\u00e9aux pour une utilisation fr\u00e9quente dans des intervalles de temps plus courts. Ils constituent une excellente alternative aux gants en latex, ils sont donc id\u00e9aux pour les personnes sujettes aux allergies. Ils peuvent \u00eatre utilis\u00e9s \u00e0 la maison, dans les salons de coiffure et de beaut\u00e9, dans l&#039;industrie alimentaire pour le contact avec des aliments faibles en gras ainsi que dans l&#039;industrie pharmaceutique. Ils contiennent du talc.<\/p>","protected":false},"featured_media":0,"comment_status":"closed","ping_status":"closed","template":"","meta":{"site-sidebar-layout":"default","site-content-layout":"default","ast-site-content-layout":"default","site-content-style":"default","site-sidebar-style":"default","ast-global-header-display":"","ast-banner-title-visibility":"","ast-main-header-display":"","ast-hfb-above-header-display":"","ast-hfb-below-header-display":"","ast-hfb-mobile-header-display":"","site-post-title":"","ast-breadcrumbs-content":"","ast-featured-img":"","footer-sml-layout":"","ast-disable-related-posts":"","theme-transparent-header-meta":"default","adv-header-id-meta":"","stick-header-meta":"","header-above-stick-meta":"","header-main-stick-meta":"","header-below-stick-meta":"","astra-migrate-meta-layouts":"set","ast-page-background-enabled":"default","ast-page-background-meta":{"desktop":{"background-color":"var(--ast-global-color-4)","background-image":"","background-repeat":"repeat","background-position":"center center","background-size":"auto","background-attachment":"scroll","background-type":"","background-media":"","overlay-type":"","overlay-color":"","overlay-opacity":"","overlay-gradient":""},"tablet":{"background-color":"","background-image":"","background-repeat":"repeat","background-position":"center center","background-size":"auto","background-attachment":"scroll","background-type":"","background-media":"","overlay-type":"","overlay-color":"","overlay-opacity":"","overlay-gradient":""},"mobile":{"background-color":"","background-image":"","background-repeat":"repeat","background-position":"center center","background-size":"auto","background-attachment":"scroll","background-type":"","background-media":"","overlay-type":"","overlay-color":"","overlay-opacity":"","overlay-gradient":""}},"ast-content-background-meta":{"desktop":{"background-color":"var(--ast-global-color-5)","background-image":"","background-repeat":"repeat","background-position":"center center","background-size":"auto","background-attachment":"scroll","background-type":"","background-media":"","overlay-type":"","overlay-color":"","overlay-opacity":"","overlay-gradient":""},"tablet":{"background-color":"var(--ast-global-color-5)","background-image":"","background-repeat":"repeat","background-position":"center center","background-size":"auto","background-attachment":"scroll","background-type":"","background-media":"","overlay-type":"","overlay-color":"","overlay-opacity":"","overlay-gradient":""},"mobile":{"background-color":"var(--ast-global-color-5)","background-image":"","background-repeat":"repeat","background-position":"center center","background-size":"auto","background-attachment":"scroll","background-type":"","background-media":"","overlay-type":"","overlay-color":"","overlay-opacity":"","overlay-gradient":""}}},"product_brand":[],"product_cat":[24,41],"product_tag":[],"class_list":{"0":"post-625","1":"product","2":"type-product","3":"status-publish","5":"product_cat-perfetto","6":"product_cat-rukavice","7":"desktop-align-left","8":"tablet-align-left","9":"mobile-align-left","11":"first","12":"instock","13":"shipping-taxable","14":"product-type-simple"},"_links":{"self":[{"href":"https:\/\/europak.net\/fr\/wp-json\/wp\/v2\/product\/625","targetHints":{"allow":["GET"]}}],"collection":[{"href":"https:\/\/europak.net\/fr\/wp-json\/wp\/v2\/product"}],"about":[{"href":"https:\/\/europak.net\/fr\/wp-json\/wp\/v2\/types\/product"}],"replies":[{"embeddable":true,"href":"https:\/\/europak.net\/fr\/wp-json\/wp\/v2\/comments?post=625"}],"wp:attachment":[{"href":"https:\/\/europak.net\/fr\/wp-json\/wp\/v2\/media?parent=625"}],"wp:term":[{"taxonomy":"product_brand","embeddable":true,"href":"https:\/\/europak.net\/fr\/wp-json\/wp\/v2\/product_brand?post=625"},{"taxonomy":"product_cat","embeddable":true,"href":"https:\/\/europak.net\/fr\/wp-json\/wp\/v2\/product_cat?post=625"},{"taxonomy":"product_tag","embeddable":true,"href":"https:\/\/europak.net\/fr\/wp-json\/wp\/v2\/product_tag?post=625"}],"curies":[{"name":"wp","href":"https:\/\/api.w.org\/{rel}","templated":true}]}}