{"id":638,"date":"2023-03-22T19:51:12","date_gmt":"2023-03-22T19:51:12","guid":{"rendered":"https:\/\/europak.net\/?post_type=product&#038;p=638"},"modified":"2023-12-06T12:14:24","modified_gmt":"2023-12-06T12:14:24","slug":"etriers-nina-24-1","status":"publish","type":"product","link":"https:\/\/europak.net\/fr\/proizvod\/stipaljke-nina-24-1\/","title":{"rendered":"\u00c9pingles Nina 24\/1"},"content":{"rendered":"<ul>\n<li>Ils viennent en diff\u00e9rentes couleurs et emballages<\/li>\n<li>Ils peuvent \u00eatre utilis\u00e9s \u00e0 l&#039;int\u00e9rieur de la maison sur des s\u00e8che-linge, mais aussi \u00e0 l&#039;ext\u00e9rieur sur une ligne.<\/li>\n<li>Ils ne laissent pas de traces sur les v\u00eatements<\/li>\n<li>Facile \u00e0 utiliser<\/li>\n<\/ul>","protected":false},"excerpt":{"rendered":"<p>Les pinces \u00e0 linge en plastique sont un \u00e9l\u00e9ment indispensable de tout \u00e9quipement m\u00e9nager. Ils sont n\u00e9cessaires pour suspendre le linge aussi bien sur des supports \u00e0 linge int\u00e9rieurs que sur des cordes dans la cour. Gr\u00e2ce \u00e0 eux, le linge s\u00e9ch\u00e9 \u00e0 l&#039;ext\u00e9rieur ne tombera pas de la corde \u00e0 linge m\u00eame sous une rafale de vent fort. Ils peuvent \u00e9galement \u00eatre utilis\u00e9s pour s\u00e9curiser les couvertures et les couvertures sur la terrasse ou le balcon afin d&#039;\u00e9viter qu&#039;elles ne glissent.<\/p>","protected":false},"featured_media":924,"comment_status":"closed","ping_status":"closed","template":"","meta":{"site-sidebar-layout":"default","site-content-layout":"default","ast-site-content-layout":"default","site-content-style":"default","site-sidebar-style":"default","ast-global-header-display":"","ast-banner-title-visibility":"","ast-main-header-display":"","ast-hfb-above-header-display":"","ast-hfb-below-header-display":"","ast-hfb-mobile-header-display":"","site-post-title":"","ast-breadcrumbs-content":"","ast-featured-img":"","footer-sml-layout":"","ast-disable-related-posts":"","theme-transparent-header-meta":"default","adv-header-id-meta":"","stick-header-meta":"","header-above-stick-meta":"","header-main-stick-meta":"","header-below-stick-meta":"","astra-migrate-meta-layouts":"set","ast-page-background-enabled":"default","ast-page-background-meta":{"desktop":{"background-color":"var(--ast-global-color-4)","background-image":"","background-repeat":"repeat","background-position":"center center","background-size":"auto","background-attachment":"scroll","background-type":"","background-media":"","overlay-type":"","overlay-color":"","overlay-opacity":"","overlay-gradient":""},"tablet":{"background-color":"","background-image":"","background-repeat":"repeat","background-position":"center center","background-size":"auto","background-attachment":"scroll","background-type":"","background-media":"","overlay-type":"","overlay-color":"","overlay-opacity":"","overlay-gradient":""},"mobile":{"background-color":"","background-image":"","background-repeat":"repeat","background-position":"center center","background-size":"auto","background-attachment":"scroll","background-type":"","background-media":"","overlay-type":"","overlay-color":"","overlay-opacity":"","overlay-gradient":""}},"ast-content-background-meta":{"desktop":{"background-color":"var(--ast-global-color-5)","background-image":"","background-repeat":"repeat","background-position":"center center","background-size":"auto","background-attachment":"scroll","background-type":"","background-media":"","overlay-type":"","overlay-color":"","overlay-opacity":"","overlay-gradient":""},"tablet":{"background-color":"var(--ast-global-color-5)","background-image":"","background-repeat":"repeat","background-position":"center center","background-size":"auto","background-attachment":"scroll","background-type":"","background-media":"","overlay-type":"","overlay-color":"","overlay-opacity":"","overlay-gradient":""},"mobile":{"background-color":"var(--ast-global-color-5)","background-image":"","background-repeat":"repeat","background-position":"center center","background-size":"auto","background-attachment":"scroll","background-type":"","background-media":"","overlay-type":"","overlay-color":"","overlay-opacity":"","overlay-gradient":""}}},"product_brand":[],"product_cat":[21,42],"product_tag":[],"class_list":{"0":"post-638","1":"product","2":"type-product","3":"status-publish","4":"has-post-thumbnail","6":"product_cat-kendo","7":"product_cat-odrzavanje-odece","8":"desktop-align-left","9":"tablet-align-left","10":"mobile-align-left","12":"first","13":"instock","14":"shipping-taxable","15":"product-type-simple"},"_links":{"self":[{"href":"https:\/\/europak.net\/fr\/wp-json\/wp\/v2\/product\/638","targetHints":{"allow":["GET"]}}],"collection":[{"href":"https:\/\/europak.net\/fr\/wp-json\/wp\/v2\/product"}],"about":[{"href":"https:\/\/europak.net\/fr\/wp-json\/wp\/v2\/types\/product"}],"replies":[{"embeddable":true,"href":"https:\/\/europak.net\/fr\/wp-json\/wp\/v2\/comments?post=638"}],"wp:featuredmedia":[{"embeddable":true,"href":"https:\/\/europak.net\/fr\/wp-json\/wp\/v2\/media\/924"}],"wp:attachment":[{"href":"https:\/\/europak.net\/fr\/wp-json\/wp\/v2\/media?parent=638"}],"wp:term":[{"taxonomy":"product_brand","embeddable":true,"href":"https:\/\/europak.net\/fr\/wp-json\/wp\/v2\/product_brand?post=638"},{"taxonomy":"product_cat","embeddable":true,"href":"https:\/\/europak.net\/fr\/wp-json\/wp\/v2\/product_cat?post=638"},{"taxonomy":"product_tag","embeddable":true,"href":"https:\/\/europak.net\/fr\/wp-json\/wp\/v2\/product_tag?post=638"}],"curies":[{"name":"wp","href":"https:\/\/api.w.org\/{rel}","templated":true}]}}