{"id":1203,"date":"2023-06-19T12:45:53","date_gmt":"2023-06-19T12:45:53","guid":{"rendered":"https:\/\/europak.net\/?post_type=product&#038;p=1203"},"modified":"2023-12-06T12:11:42","modified_gmt":"2023-12-06T12:11:42","slug":"djubrovnik-set","status":"publish","type":"product","link":"https:\/\/europak.net\/it\/proizvod\/djubrovnik-set\/","title":{"rendered":"Set di fertilizzanti"},"content":{"rendered":"<ul>\n<li>Set funzionale: una spazzola ergonomica e una tramoggia per il fertilizzante sufficientemente capiente<\/li>\n<li>Il set \u00e8 realizzato in plastica resistente<\/li>\n<li>Il sistema &quot;click&quot; consente di agganciare il pennello alla spatola per riporlo facilmente<\/li>\n<li>Sia la spazzola che lo spandiconcime sono dotati di un foro nel manico che permette di appendere i prodotti ad un gancio<\/li>\n<\/ul>","protected":false},"excerpt":{"rendered":"<p>Univerzalni komplet za \u010di\u0161c\u0301enje, koji se sastoji od ergonomske metlice i izdr\u017eljivog i dovoljno velikog \u0111ubrovnika. Set je savr\u0161en za \u010di\u0161c\u0301enje manjih i vec\u0301ih povr\u0161ina u svakom domac\u0301instvu. &#8222;klik&#8220; sistem vam omoguc\u0301ava da pri\u010dvrstite \u010detku na lopaticu za smec\u0301e i tako lako odlo\u017eite set.<\/p>","protected":false},"featured_media":1200,"comment_status":"closed","ping_status":"closed","template":"","meta":{"site-sidebar-layout":"default","site-content-layout":"default","ast-site-content-layout":"default","site-content-style":"default","site-sidebar-style":"default","ast-global-header-display":"","ast-banner-title-visibility":"","ast-main-header-display":"","ast-hfb-above-header-display":"","ast-hfb-below-header-display":"","ast-hfb-mobile-header-display":"","site-post-title":"","ast-breadcrumbs-content":"","ast-featured-img":"","footer-sml-layout":"","ast-disable-related-posts":"","theme-transparent-header-meta":"default","adv-header-id-meta":"","stick-header-meta":"","header-above-stick-meta":"","header-main-stick-meta":"","header-below-stick-meta":"","astra-migrate-meta-layouts":"set","ast-page-background-enabled":"default","ast-page-background-meta":{"desktop":{"background-color":"var(--ast-global-color-4)","background-image":"","background-repeat":"repeat","background-position":"center center","background-size":"auto","background-attachment":"scroll","background-type":"","background-media":"","overlay-type":"","overlay-color":"","overlay-opacity":"","overlay-gradient":""},"tablet":{"background-color":"","background-image":"","background-repeat":"repeat","background-position":"center center","background-size":"auto","background-attachment":"scroll","background-type":"","background-media":"","overlay-type":"","overlay-color":"","overlay-opacity":"","overlay-gradient":""},"mobile":{"background-color":"","background-image":"","background-repeat":"repeat","background-position":"center center","background-size":"auto","background-attachment":"scroll","background-type":"","background-media":"","overlay-type":"","overlay-color":"","overlay-opacity":"","overlay-gradient":""}},"ast-content-background-meta":{"desktop":{"background-color":"var(--ast-global-color-5)","background-image":"","background-repeat":"repeat","background-position":"center center","background-size":"auto","background-attachment":"scroll","background-type":"","background-media":"","overlay-type":"","overlay-color":"","overlay-opacity":"","overlay-gradient":""},"tablet":{"background-color":"var(--ast-global-color-5)","background-image":"","background-repeat":"repeat","background-position":"center center","background-size":"auto","background-attachment":"scroll","background-type":"","background-media":"","overlay-type":"","overlay-color":"","overlay-opacity":"","overlay-gradient":""},"mobile":{"background-color":"var(--ast-global-color-5)","background-image":"","background-repeat":"repeat","background-position":"center center","background-size":"auto","background-attachment":"scroll","background-type":"","background-media":"","overlay-type":"","overlay-color":"","overlay-opacity":"","overlay-gradient":""}}},"product_brand":[],"product_cat":[21,30],"product_tag":[],"class_list":{"0":"post-1203","1":"product","2":"type-product","3":"status-publish","4":"has-post-thumbnail","6":"product_cat-kendo","7":"product_cat-nega-podova","8":"desktop-align-left","9":"tablet-align-left","10":"mobile-align-left","12":"first","13":"instock","14":"shipping-taxable","15":"product-type-simple"},"_links":{"self":[{"href":"https:\/\/europak.net\/it\/wp-json\/wp\/v2\/product\/1203","targetHints":{"allow":["GET"]}}],"collection":[{"href":"https:\/\/europak.net\/it\/wp-json\/wp\/v2\/product"}],"about":[{"href":"https:\/\/europak.net\/it\/wp-json\/wp\/v2\/types\/product"}],"replies":[{"embeddable":true,"href":"https:\/\/europak.net\/it\/wp-json\/wp\/v2\/comments?post=1203"}],"wp:featuredmedia":[{"embeddable":true,"href":"https:\/\/europak.net\/it\/wp-json\/wp\/v2\/media\/1200"}],"wp:attachment":[{"href":"https:\/\/europak.net\/it\/wp-json\/wp\/v2\/media?parent=1203"}],"wp:term":[{"taxonomy":"product_brand","embeddable":true,"href":"https:\/\/europak.net\/it\/wp-json\/wp\/v2\/product_brand?post=1203"},{"taxonomy":"product_cat","embeddable":true,"href":"https:\/\/europak.net\/it\/wp-json\/wp\/v2\/product_cat?post=1203"},{"taxonomy":"product_tag","embeddable":true,"href":"https:\/\/europak.net\/it\/wp-json\/wp\/v2\/product_tag?post=1203"}],"curies":[{"name":"wp","href":"https:\/\/api.w.org\/{rel}","templated":true}]}}