{"id":2162,"date":"2024-01-11T13:57:50","date_gmt":"2024-01-11T13:57:50","guid":{"rendered":"https:\/\/europak.net\/product\/pacco-aluminijumska-folija-20-m-2\/"},"modified":"2024-02-02T12:54:16","modified_gmt":"2024-02-02T12:54:16","slug":"pacco-foglio-di-alluminio-20-m2","status":"publish","type":"product","link":"https:\/\/europak.net\/it\/proizvod\/pacco-aluminijumska-folija-20-m-2\/","title":{"rendered":"Pacco foglio di alluminio 20 mt"},"content":{"rendered":"<ul>\n<li>Foglio di alluminio durevole, forte e resistente<\/li>\n<li>Per confezionare e conservare in frigorifero<\/li>\n<li>Per cotture al forno e alla griglia<\/li>\n<li>Mantiene il cibo fresco<\/li>\n<\/ul>","protected":false},"excerpt":{"rendered":"<p>Il foglio di alluminio Kendo \u00e8 ideale per il confezionamento, la conservazione e la cottura quotidiana degli alimenti. Grazie all&#039;eccezionale qualit\u00e0 dell&#039;alluminio, la pellicola Kendo mantiene il cibo fresco proteggendolo dalla luce e dagli odori sgradevoli. \u00c8 disponibile in pi\u00f9 dimensioni per soddisfare le esigenze di tutti gli utenti. I piatti preparati e conservati in questa pellicola mantengono il loro gusto e aroma naturali, vengono cotti in modo uniforme, non sporcano il forno o la griglia, gli alimenti conservati non si seccano, non perdono il sapore e mantengono la temperatura per un a lungo.<\/p>","protected":false},"featured_media":0,"comment_status":"open","ping_status":"closed","template":"","meta":{"site-sidebar-layout":"default","site-content-layout":"","ast-site-content-layout":"default","site-content-style":"default","site-sidebar-style":"default","ast-global-header-display":"","ast-banner-title-visibility":"","ast-main-header-display":"","ast-hfb-above-header-display":"","ast-hfb-below-header-display":"","ast-hfb-mobile-header-display":"","site-post-title":"","ast-breadcrumbs-content":"","ast-featured-img":"","footer-sml-layout":"","ast-disable-related-posts":"","theme-transparent-header-meta":"default","adv-header-id-meta":"","stick-header-meta":"","header-above-stick-meta":"","header-main-stick-meta":"","header-below-stick-meta":"","astra-migrate-meta-layouts":"set","ast-page-background-enabled":"default","ast-page-background-meta":{"desktop":{"background-color":"var(--ast-global-color-4)","background-image":"","background-repeat":"repeat","background-position":"center center","background-size":"auto","background-attachment":"scroll","background-type":"","background-media":"","overlay-type":"","overlay-color":"","overlay-opacity":"","overlay-gradient":""},"tablet":{"background-color":"","background-image":"","background-repeat":"repeat","background-position":"center center","background-size":"auto","background-attachment":"scroll","background-type":"","background-media":"","overlay-type":"","overlay-color":"","overlay-opacity":"","overlay-gradient":""},"mobile":{"background-color":"","background-image":"","background-repeat":"repeat","background-position":"center center","background-size":"auto","background-attachment":"scroll","background-type":"","background-media":"","overlay-type":"","overlay-color":"","overlay-opacity":"","overlay-gradient":""}},"ast-content-background-meta":{"desktop":{"background-color":"var(--ast-global-color-5)","background-image":"","background-repeat":"repeat","background-position":"center center","background-size":"auto","background-attachment":"scroll","background-type":"","background-media":"","overlay-type":"","overlay-color":"","overlay-opacity":"","overlay-gradient":""},"tablet":{"background-color":"var(--ast-global-color-5)","background-image":"","background-repeat":"repeat","background-position":"center center","background-size":"auto","background-attachment":"scroll","background-type":"","background-media":"","overlay-type":"","overlay-color":"","overlay-opacity":"","overlay-gradient":""},"mobile":{"background-color":"var(--ast-global-color-5)","background-image":"","background-repeat":"repeat","background-position":"center center","background-size":"auto","background-attachment":"scroll","background-type":"","background-media":"","overlay-type":"","overlay-color":"","overlay-opacity":"","overlay-gradient":""}}},"product_brand":[],"product_cat":[38,35],"product_tag":[],"class_list":{"0":"post-2162","1":"product","2":"type-product","3":"status-publish","5":"product_cat-pacco","6":"product_cat-pakovanje-hrane","7":"desktop-align-left","8":"tablet-align-left","9":"mobile-align-left","11":"first","12":"instock","13":"shipping-taxable","14":"product-type-simple"},"_links":{"self":[{"href":"https:\/\/europak.net\/it\/wp-json\/wp\/v2\/product\/2162","targetHints":{"allow":["GET"]}}],"collection":[{"href":"https:\/\/europak.net\/it\/wp-json\/wp\/v2\/product"}],"about":[{"href":"https:\/\/europak.net\/it\/wp-json\/wp\/v2\/types\/product"}],"replies":[{"embeddable":true,"href":"https:\/\/europak.net\/it\/wp-json\/wp\/v2\/comments?post=2162"}],"wp:attachment":[{"href":"https:\/\/europak.net\/it\/wp-json\/wp\/v2\/media?parent=2162"}],"wp:term":[{"taxonomy":"product_brand","embeddable":true,"href":"https:\/\/europak.net\/it\/wp-json\/wp\/v2\/product_brand?post=2162"},{"taxonomy":"product_cat","embeddable":true,"href":"https:\/\/europak.net\/it\/wp-json\/wp\/v2\/product_cat?post=2162"},{"taxonomy":"product_tag","embeddable":true,"href":"https:\/\/europak.net\/it\/wp-json\/wp\/v2\/product_tag?post=2162"}],"curies":[{"name":"wp","href":"https:\/\/api.w.org\/{rel}","templated":true}]}}