{"id":2248,"date":"2024-01-12T10:58:08","date_gmt":"2024-01-12T10:58:08","guid":{"rendered":"https:\/\/europak.net\/product\/abrazivni-sundjer-2-1-extra-clean\/"},"modified":"2024-02-02T14:20:59","modified_gmt":"2024-02-02T14:20:59","slug":"abrazivni-sundjer-2-1-extra-clean","status":"publish","type":"product","link":"https:\/\/europak.net\/it\/proizvod\/abrazivni-sundjer-2-1-extra-clean\/","title":{"rendered":"Spugna abrasiva 2\/1 extra pulita"},"content":{"rendered":"<ul>\n<li>Realizzato in spugna e abrasivi di qualit\u00e0<\/li>\n<li>Rimuove efficacemente residui di cibo, grasso e macchie da una variet\u00e0 di superfici, inclusi piatti, pentole, padelle e piani di lavoro.<\/li>\n<li>Il design ergonomico garantisce facilit\u00e0 d&#039;uso e presa salda<\/li>\n<li>Questa spugna da cucina \u00e8 costruita per durare. Non dovrai cambiarlo spesso, il che non \u00e8 solo conveniente ma anche rispettoso dell&#039;ambiente.<\/li>\n<li>Facile da pulire. Basta sciacquarlo accuratamente ed \u00e8 pronto per la successiva operazione di pulizia; extra large per pulire in una volta sola<\/li>\n<\/ul>","protected":false},"excerpt":{"rendered":"<p>Perfetto profilisani kuhinjski sun\u0111er kombinuje funkcionalnost, izdr\u017eljivost i ergonomski dizajn za vrhunsko iskustvo \u010di\u0161c\u0301enja.<\/p>","protected":false},"featured_media":2379,"comment_status":"open","ping_status":"closed","template":"","meta":{"site-sidebar-layout":"default","site-content-layout":"","ast-site-content-layout":"default","site-content-style":"default","site-sidebar-style":"default","ast-global-header-display":"","ast-banner-title-visibility":"","ast-main-header-display":"","ast-hfb-above-header-display":"","ast-hfb-below-header-display":"","ast-hfb-mobile-header-display":"","site-post-title":"","ast-breadcrumbs-content":"","ast-featured-img":"","footer-sml-layout":"","ast-disable-related-posts":"","theme-transparent-header-meta":"default","adv-header-id-meta":"","stick-header-meta":"","header-above-stick-meta":"","header-main-stick-meta":"","header-below-stick-meta":"","astra-migrate-meta-layouts":"set","ast-page-background-enabled":"default","ast-page-background-meta":{"desktop":{"background-color":"var(--ast-global-color-4)","background-image":"","background-repeat":"repeat","background-position":"center center","background-size":"auto","background-attachment":"scroll","background-type":"","background-media":"","overlay-type":"","overlay-color":"","overlay-opacity":"","overlay-gradient":""},"tablet":{"background-color":"","background-image":"","background-repeat":"repeat","background-position":"center center","background-size":"auto","background-attachment":"scroll","background-type":"","background-media":"","overlay-type":"","overlay-color":"","overlay-opacity":"","overlay-gradient":""},"mobile":{"background-color":"","background-image":"","background-repeat":"repeat","background-position":"center center","background-size":"auto","background-attachment":"scroll","background-type":"","background-media":"","overlay-type":"","overlay-color":"","overlay-opacity":"","overlay-gradient":""}},"ast-content-background-meta":{"desktop":{"background-color":"var(--ast-global-color-5)","background-image":"","background-repeat":"repeat","background-position":"center center","background-size":"auto","background-attachment":"scroll","background-type":"","background-media":"","overlay-type":"","overlay-color":"","overlay-opacity":"","overlay-gradient":""},"tablet":{"background-color":"var(--ast-global-color-5)","background-image":"","background-repeat":"repeat","background-position":"center center","background-size":"auto","background-attachment":"scroll","background-type":"","background-media":"","overlay-type":"","overlay-color":"","overlay-opacity":"","overlay-gradient":""},"mobile":{"background-color":"var(--ast-global-color-5)","background-image":"","background-repeat":"repeat","background-position":"center center","background-size":"auto","background-attachment":"scroll","background-type":"","background-media":"","overlay-type":"","overlay-color":"","overlay-opacity":"","overlay-gradient":""}}},"product_brand":[],"product_cat":[24,22],"product_tag":[],"class_list":{"0":"post-2248","1":"product","2":"type-product","3":"status-publish","4":"has-post-thumbnail","6":"product_cat-perfetto","7":"product_cat-sunderi","8":"desktop-align-left","9":"tablet-align-left","10":"mobile-align-left","12":"first","13":"instock","14":"shipping-taxable","15":"product-type-simple"},"_links":{"self":[{"href":"https:\/\/europak.net\/it\/wp-json\/wp\/v2\/product\/2248","targetHints":{"allow":["GET"]}}],"collection":[{"href":"https:\/\/europak.net\/it\/wp-json\/wp\/v2\/product"}],"about":[{"href":"https:\/\/europak.net\/it\/wp-json\/wp\/v2\/types\/product"}],"replies":[{"embeddable":true,"href":"https:\/\/europak.net\/it\/wp-json\/wp\/v2\/comments?post=2248"}],"wp:featuredmedia":[{"embeddable":true,"href":"https:\/\/europak.net\/it\/wp-json\/wp\/v2\/media\/2379"}],"wp:attachment":[{"href":"https:\/\/europak.net\/it\/wp-json\/wp\/v2\/media?parent=2248"}],"wp:term":[{"taxonomy":"product_brand","embeddable":true,"href":"https:\/\/europak.net\/it\/wp-json\/wp\/v2\/product_brand?post=2248"},{"taxonomy":"product_cat","embeddable":true,"href":"https:\/\/europak.net\/it\/wp-json\/wp\/v2\/product_cat?post=2248"},{"taxonomy":"product_tag","embeddable":true,"href":"https:\/\/europak.net\/it\/wp-json\/wp\/v2\/product_tag?post=2248"}],"curies":[{"name":"wp","href":"https:\/\/api.w.org\/{rel}","templated":true}]}}