{"id":540,"date":"2023-03-22T19:50:29","date_gmt":"2023-03-22T19:50:29","guid":{"rendered":"https:\/\/europak.net\/?post_type=product&#038;p=540"},"modified":"2023-12-22T10:09:28","modified_gmt":"2023-12-22T10:09:28","slug":"perfetto-panno-pavimenti-in-cotone-1-1","status":"publish","type":"product","link":"https:\/\/europak.net\/it\/proizvod\/perfetto-pamucna-krpa-za-pod-1-1\/","title":{"rendered":"Panno pavimenti perfetto in cotone 1\/1"},"content":{"rendered":"<ul>\n<li>Panno destinato alla pulizia a secco e ad umido dei pavimenti<\/li>\n<li>Pulisce efficacemente diversi tipi di pavimenti<\/li>\n<li>Assorbe molto bene i liquidi perch\u00e9 contiene un&#039;alta percentuale di cotone<\/li>\n<li>Tessuto longitudinalmente e trasversalmente<\/li>\n<li>Per un effetto migliore si consiglia l&#039;utilizzo in combinazione con detersivi e altri agenti chimici<\/li>\n<\/ul>","protected":false},"excerpt":{"rendered":"<p>Il panno pavimento Perfetto \u00e8 realizzato in materiale resistente e assorbente. Pu\u00f2 essere utilizzato per la pulizia a secco e ad umido dei pavimenti. Pulisce bene piastrelle, parquet, laminato ed \u00e8 adatto anche per l&#039;uso in garage o cortile.<\/p>","protected":false},"featured_media":719,"comment_status":"closed","ping_status":"closed","template":"","meta":{"site-sidebar-layout":"default","site-content-layout":"default","ast-site-content-layout":"default","site-content-style":"default","site-sidebar-style":"default","ast-global-header-display":"","ast-banner-title-visibility":"","ast-main-header-display":"","ast-hfb-above-header-display":"","ast-hfb-below-header-display":"","ast-hfb-mobile-header-display":"","site-post-title":"","ast-breadcrumbs-content":"","ast-featured-img":"","footer-sml-layout":"","ast-disable-related-posts":"","theme-transparent-header-meta":"default","adv-header-id-meta":"","stick-header-meta":"","header-above-stick-meta":"","header-main-stick-meta":"","header-below-stick-meta":"","astra-migrate-meta-layouts":"set","ast-page-background-enabled":"default","ast-page-background-meta":{"desktop":{"background-color":"var(--ast-global-color-4)","background-image":"","background-repeat":"repeat","background-position":"center center","background-size":"auto","background-attachment":"scroll","background-type":"","background-media":"","overlay-type":"","overlay-color":"","overlay-opacity":"","overlay-gradient":""},"tablet":{"background-color":"","background-image":"","background-repeat":"repeat","background-position":"center center","background-size":"auto","background-attachment":"scroll","background-type":"","background-media":"","overlay-type":"","overlay-color":"","overlay-opacity":"","overlay-gradient":""},"mobile":{"background-color":"","background-image":"","background-repeat":"repeat","background-position":"center center","background-size":"auto","background-attachment":"scroll","background-type":"","background-media":"","overlay-type":"","overlay-color":"","overlay-opacity":"","overlay-gradient":""}},"ast-content-background-meta":{"desktop":{"background-color":"var(--ast-global-color-5)","background-image":"","background-repeat":"repeat","background-position":"center center","background-size":"auto","background-attachment":"scroll","background-type":"","background-media":"","overlay-type":"","overlay-color":"","overlay-opacity":"","overlay-gradient":""},"tablet":{"background-color":"var(--ast-global-color-5)","background-image":"","background-repeat":"repeat","background-position":"center center","background-size":"auto","background-attachment":"scroll","background-type":"","background-media":"","overlay-type":"","overlay-color":"","overlay-opacity":"","overlay-gradient":""},"mobile":{"background-color":"var(--ast-global-color-5)","background-image":"","background-repeat":"repeat","background-position":"center center","background-size":"auto","background-attachment":"scroll","background-type":"","background-media":"","overlay-type":"","overlay-color":"","overlay-opacity":"","overlay-gradient":""}}},"product_brand":[],"product_cat":[25,24],"product_tag":[],"class_list":{"0":"post-540","1":"product","2":"type-product","3":"status-publish","4":"has-post-thumbnail","6":"product_cat-krpe","7":"product_cat-perfetto","8":"desktop-align-left","9":"tablet-align-left","10":"mobile-align-left","12":"first","13":"instock","14":"shipping-taxable","15":"product-type-simple"},"_links":{"self":[{"href":"https:\/\/europak.net\/it\/wp-json\/wp\/v2\/product\/540","targetHints":{"allow":["GET"]}}],"collection":[{"href":"https:\/\/europak.net\/it\/wp-json\/wp\/v2\/product"}],"about":[{"href":"https:\/\/europak.net\/it\/wp-json\/wp\/v2\/types\/product"}],"replies":[{"embeddable":true,"href":"https:\/\/europak.net\/it\/wp-json\/wp\/v2\/comments?post=540"}],"wp:featuredmedia":[{"embeddable":true,"href":"https:\/\/europak.net\/it\/wp-json\/wp\/v2\/media\/719"}],"wp:attachment":[{"href":"https:\/\/europak.net\/it\/wp-json\/wp\/v2\/media?parent=540"}],"wp:term":[{"taxonomy":"product_brand","embeddable":true,"href":"https:\/\/europak.net\/it\/wp-json\/wp\/v2\/product_brand?post=540"},{"taxonomy":"product_cat","embeddable":true,"href":"https:\/\/europak.net\/it\/wp-json\/wp\/v2\/product_cat?post=540"},{"taxonomy":"product_tag","embeddable":true,"href":"https:\/\/europak.net\/it\/wp-json\/wp\/v2\/product_tag?post=540"}],"curies":[{"name":"wp","href":"https:\/\/api.w.org\/{rel}","templated":true}]}}