{"id":566,"date":"2023-03-22T19:50:42","date_gmt":"2023-03-22T19:50:42","guid":{"rendered":"https:\/\/europak.net\/?post_type=product&#038;p=566"},"modified":"2023-12-22T09:37:22","modified_gmt":"2023-12-22T09:37:22","slug":"perfetto-secchiello-tondo-con-gocciolatoio-12-l","status":"publish","type":"product","link":"https:\/\/europak.net\/it\/proizvod\/perfetto-okrugla-kofa-sa-ocedivacem-12-l\/","title":{"rendered":"Secchio tondo Perfetto con gocciolatoio 12 l"},"content":{"rendered":"<ul>\n<li>Uno strizzatoio di qualit\u00e0 consente una buona strizzatura della testa del mocio<\/li>\n<li>Strizza molto bene il mocio, grazie al quale il pavimento si asciuga pi\u00f9 velocemente e senza macchie<\/li>\n<li>All&#039;interno dello strizzatoio c&#039;\u00e8 un posto dove tenere il manico del mop<\/li>\n<li>Il secchio \u00e8 dotato di un beccuccio che rende pi\u00f9 comodo lo svuotamento del contenuto<\/li>\n<li>La robusta maniglia garantisce comfort durante il trasporto<\/li>\n<\/ul>","protected":false},"excerpt":{"rendered":"<p>Un secchio rotondo con una capacit\u00e0 di 12 litri con scolapiatti \u00e8 un&#039;attrezzatura necessaria per ogni famiglia. Grazie a lei, mantenere i pavimenti puliti ora \u00e8 molto pi\u00f9 semplice. Adatto per il classico mop in cotone con frange.<\/p>","protected":false},"featured_media":958,"comment_status":"closed","ping_status":"closed","template":"","meta":{"site-sidebar-layout":"default","site-content-layout":"default","ast-site-content-layout":"default","site-content-style":"default","site-sidebar-style":"default","ast-global-header-display":"","ast-banner-title-visibility":"","ast-main-header-display":"","ast-hfb-above-header-display":"","ast-hfb-below-header-display":"","ast-hfb-mobile-header-display":"","site-post-title":"","ast-breadcrumbs-content":"","ast-featured-img":"","footer-sml-layout":"","ast-disable-related-posts":"","theme-transparent-header-meta":"default","adv-header-id-meta":"","stick-header-meta":"","header-above-stick-meta":"","header-main-stick-meta":"","header-below-stick-meta":"","astra-migrate-meta-layouts":"set","ast-page-background-enabled":"default","ast-page-background-meta":{"desktop":{"background-color":"var(--ast-global-color-4)","background-image":"","background-repeat":"repeat","background-position":"center center","background-size":"auto","background-attachment":"scroll","background-type":"","background-media":"","overlay-type":"","overlay-color":"","overlay-opacity":"","overlay-gradient":""},"tablet":{"background-color":"","background-image":"","background-repeat":"repeat","background-position":"center center","background-size":"auto","background-attachment":"scroll","background-type":"","background-media":"","overlay-type":"","overlay-color":"","overlay-opacity":"","overlay-gradient":""},"mobile":{"background-color":"","background-image":"","background-repeat":"repeat","background-position":"center center","background-size":"auto","background-attachment":"scroll","background-type":"","background-media":"","overlay-type":"","overlay-color":"","overlay-opacity":"","overlay-gradient":""}},"ast-content-background-meta":{"desktop":{"background-color":"var(--ast-global-color-5)","background-image":"","background-repeat":"repeat","background-position":"center center","background-size":"auto","background-attachment":"scroll","background-type":"","background-media":"","overlay-type":"","overlay-color":"","overlay-opacity":"","overlay-gradient":""},"tablet":{"background-color":"var(--ast-global-color-5)","background-image":"","background-repeat":"repeat","background-position":"center center","background-size":"auto","background-attachment":"scroll","background-type":"","background-media":"","overlay-type":"","overlay-color":"","overlay-opacity":"","overlay-gradient":""},"mobile":{"background-color":"var(--ast-global-color-5)","background-image":"","background-repeat":"repeat","background-position":"center center","background-size":"auto","background-attachment":"scroll","background-type":"","background-media":"","overlay-type":"","overlay-color":"","overlay-opacity":"","overlay-gradient":""}}},"product_brand":[],"product_cat":[30,24],"product_tag":[],"class_list":{"0":"post-566","1":"product","2":"type-product","3":"status-publish","4":"has-post-thumbnail","6":"product_cat-nega-podova","7":"product_cat-perfetto","8":"desktop-align-left","9":"tablet-align-left","10":"mobile-align-left","12":"first","13":"instock","14":"shipping-taxable","15":"product-type-simple"},"_links":{"self":[{"href":"https:\/\/europak.net\/it\/wp-json\/wp\/v2\/product\/566","targetHints":{"allow":["GET"]}}],"collection":[{"href":"https:\/\/europak.net\/it\/wp-json\/wp\/v2\/product"}],"about":[{"href":"https:\/\/europak.net\/it\/wp-json\/wp\/v2\/types\/product"}],"replies":[{"embeddable":true,"href":"https:\/\/europak.net\/it\/wp-json\/wp\/v2\/comments?post=566"}],"wp:featuredmedia":[{"embeddable":true,"href":"https:\/\/europak.net\/it\/wp-json\/wp\/v2\/media\/958"}],"wp:attachment":[{"href":"https:\/\/europak.net\/it\/wp-json\/wp\/v2\/media?parent=566"}],"wp:term":[{"taxonomy":"product_brand","embeddable":true,"href":"https:\/\/europak.net\/it\/wp-json\/wp\/v2\/product_brand?post=566"},{"taxonomy":"product_cat","embeddable":true,"href":"https:\/\/europak.net\/it\/wp-json\/wp\/v2\/product_cat?post=566"},{"taxonomy":"product_tag","embeddable":true,"href":"https:\/\/europak.net\/it\/wp-json\/wp\/v2\/product_tag?post=566"}],"curies":[{"name":"wp","href":"https:\/\/api.w.org\/{rel}","templated":true}]}}