{"id":548,"date":"2023-03-22T19:50:33","date_gmt":"2023-03-22T19:50:33","guid":{"rendered":"https:\/\/europak.net\/?post_type=product&#038;p=548"},"modified":"2023-12-22T10:02:11","modified_gmt":"2023-12-22T10:02:11","slug":"kendo-celicna-vuna-sa-pastom-6-1","status":"publish","type":"product","link":"https:\/\/europak.net\/ru\/proizvod\/kendo-celicna-vuna-sa-pastom-6-1\/","title":{"rendered":"\u041a\u0435\u043d\u0434\u043e \u0441\u0442\u0430\u043b\u044c\u043d\u0430\u044f \u0432\u0430\u0442\u0430 \u0441 \u043f\u0430\u0441\u0442\u043e\u0439 6\/1"},"content":{"rendered":"<ul>\n<li>Jastu\u010dic\u0301i od \u010deli\u010dne vune natopljeni sapunom<\/li>\n<li>Ne zahteva upotrebu dodatnih deterd\u017eenata tokom \u010di\u0161c\u0301enja<\/li>\n<li>Za jako zaprljane povr\u0161ine i osu\u0161enu ili zagorenu prljav\u0161tinu<\/li>\n<li>Za blistavo \u010diste rezultate u kuhinji \u2013 \u010disti posu\u0111e, rerne i re\u0161etke\u2026<\/li>\n<li>Neka va\u0161 ro\u0161tilj, ba\u0161tenski alati i ba\u0161tenski name\u0161taj budu sjajni i \u010disti<\/li>\n<\/ul>","protected":false},"excerpt":{"rendered":"<p>Kendo \u010deli\u010dna vuna vrhusnkog kvaliteta namenjena je za uklanjanje velikih ne\u010disto\u0107a sa posu\u0111a, tiganja, \u0161erpi,rerni, ringli, re\u0161etaka&#8230; Zbog dodatka paste, nije potrebno koristiti deterd\u017eent.<\/p>","protected":false},"featured_media":778,"comment_status":"closed","ping_status":"closed","template":"","meta":{"site-sidebar-layout":"default","site-content-layout":"default","ast-site-content-layout":"default","site-content-style":"default","site-sidebar-style":"default","ast-global-header-display":"","ast-banner-title-visibility":"","ast-main-header-display":"","ast-hfb-above-header-display":"","ast-hfb-below-header-display":"","ast-hfb-mobile-header-display":"","site-post-title":"","ast-breadcrumbs-content":"","ast-featured-img":"","footer-sml-layout":"","ast-disable-related-posts":"","theme-transparent-header-meta":"default","adv-header-id-meta":"","stick-header-meta":"","header-above-stick-meta":"","header-main-stick-meta":"","header-below-stick-meta":"","astra-migrate-meta-layouts":"set","ast-page-background-enabled":"default","ast-page-background-meta":{"desktop":{"background-color":"var(--ast-global-color-4)","background-image":"","background-repeat":"repeat","background-position":"center center","background-size":"auto","background-attachment":"scroll","background-type":"","background-media":"","overlay-type":"","overlay-color":"","overlay-opacity":"","overlay-gradient":""},"tablet":{"background-color":"","background-image":"","background-repeat":"repeat","background-position":"center center","background-size":"auto","background-attachment":"scroll","background-type":"","background-media":"","overlay-type":"","overlay-color":"","overlay-opacity":"","overlay-gradient":""},"mobile":{"background-color":"","background-image":"","background-repeat":"repeat","background-position":"center center","background-size":"auto","background-attachment":"scroll","background-type":"","background-media":"","overlay-type":"","overlay-color":"","overlay-opacity":"","overlay-gradient":""}},"ast-content-background-meta":{"desktop":{"background-color":"var(--ast-global-color-5)","background-image":"","background-repeat":"repeat","background-position":"center center","background-size":"auto","background-attachment":"scroll","background-type":"","background-media":"","overlay-type":"","overlay-color":"","overlay-opacity":"","overlay-gradient":""},"tablet":{"background-color":"var(--ast-global-color-5)","background-image":"","background-repeat":"repeat","background-position":"center center","background-size":"auto","background-attachment":"scroll","background-type":"","background-media":"","overlay-type":"","overlay-color":"","overlay-opacity":"","overlay-gradient":""},"mobile":{"background-color":"var(--ast-global-color-5)","background-image":"","background-repeat":"repeat","background-position":"center center","background-size":"auto","background-attachment":"scroll","background-type":"","background-media":"","overlay-type":"","overlay-color":"","overlay-opacity":"","overlay-gradient":""}}},"product_brand":[],"product_cat":[21,28],"product_tag":[],"class_list":{"0":"post-548","1":"product","2":"type-product","3":"status-publish","4":"has-post-thumbnail","6":"product_cat-kendo","7":"product_cat-zice","8":"desktop-align-left","9":"tablet-align-left","10":"mobile-align-left","12":"first","13":"instock","14":"shipping-taxable","15":"product-type-simple"},"_links":{"self":[{"href":"https:\/\/europak.net\/ru\/wp-json\/wp\/v2\/product\/548","targetHints":{"allow":["GET"]}}],"collection":[{"href":"https:\/\/europak.net\/ru\/wp-json\/wp\/v2\/product"}],"about":[{"href":"https:\/\/europak.net\/ru\/wp-json\/wp\/v2\/types\/product"}],"replies":[{"embeddable":true,"href":"https:\/\/europak.net\/ru\/wp-json\/wp\/v2\/comments?post=548"}],"wp:featuredmedia":[{"embeddable":true,"href":"https:\/\/europak.net\/ru\/wp-json\/wp\/v2\/media\/778"}],"wp:attachment":[{"href":"https:\/\/europak.net\/ru\/wp-json\/wp\/v2\/media?parent=548"}],"wp:term":[{"taxonomy":"product_brand","embeddable":true,"href":"https:\/\/europak.net\/ru\/wp-json\/wp\/v2\/product_brand?post=548"},{"taxonomy":"product_cat","embeddable":true,"href":"https:\/\/europak.net\/ru\/wp-json\/wp\/v2\/product_cat?post=548"},{"taxonomy":"product_tag","embeddable":true,"href":"https:\/\/europak.net\/ru\/wp-json\/wp\/v2\/product_tag?post=548"}],"curies":[{"name":"wp","href":"https:\/\/api.w.org\/{rel}","templated":true}]}}