{"id":558,"date":"2023-03-22T19:50:39","date_gmt":"2023-03-22T19:50:39","guid":{"rendered":"https:\/\/europak.net\/?post_type=product&#038;p=558"},"modified":"2023-12-22T09:47:18","modified_gmt":"2023-12-22T09:47:18","slug":"kendo-magnentni-mikrofiber-mop-set","status":"publish","type":"product","link":"https:\/\/europak.net\/ru\/proizvod\/kendo-magnentni-mikrofiber-mop-set\/","title":{"rendered":"\u041d\u0430\u0431\u043e\u0440 \u043c\u0430\u0433\u043d\u0438\u0442\u043d\u044b\u0445 \u0448\u0432\u0430\u0431\u0440 Kendo \u0438\u0437 \u043c\u0438\u043a\u0440\u043e\u0444\u0438\u0431\u0440\u044b"},"content":{"rendered":"<ul>\n<li>Prakti\u010dno zatvaranje: zahvaljujuc\u0301i magnetnom zatvara\u010du, sklopivi dr\u017ea\u010d mopa mo\u017ee se lako zaklju\u010dati.<\/li>\n<li>\u0422\u0435\u043b\u0435\u0441\u043a\u043e\u043f\u0438\u0447\u0435\u0441\u043a\u0443\u044e \u0440\u0443\u0447\u043a\u0443 \u043c\u043e\u0436\u043d\u043e \u0440\u0435\u0433\u0443\u043b\u0438\u0440\u043e\u0432\u0430\u0442\u044c \u0432 \u0437\u0430\u0432\u0438\u0441\u0438\u043c\u043e\u0441\u0442\u0438 \u043e\u0442 \u0440\u043e\u0441\u0442\u0430 \u043f\u043e\u043b\u044c\u0437\u043e\u0432\u0430\u0442\u0435\u043b\u044f.<\/li>\n<li>\u0427\u0440\u0435\u0437\u0432\u044b\u0447\u0430\u0439\u043d\u043e \u0432\u043f\u0438\u0442\u044b\u0432\u0430\u044e\u0449\u0430\u044f \u0441\u0430\u043b\u0444\u0435\u0442\u043a\u0430 \u0438\u0437 \u043c\u0438\u043a\u0440\u043e\u0444\u0438\u0431\u0440\u044b, \u043a\u043e\u0442\u043e\u0440\u0430\u044f \u0441\u043e\u0431\u0438\u0440\u0430\u0435\u0442 \u0432\u0441\u044e \u0433\u0440\u044f\u0437\u044c.<\/li>\n<li>\u041e\u043d \u0434\u043e\u0441\u0442\u0438\u0433\u0430\u0435\u0442 \u0441\u0430\u043c\u044b\u0445 \u043c\u0430\u043b\u0435\u043d\u044c\u043a\u0438\u0445 \u0442\u0440\u0443\u0434\u043d\u043e\u0434\u043e\u0441\u0442\u0443\u043f\u043d\u044b\u0445 \u043c\u0435\u0441\u0442, \u0442\u0430\u043a\u0438\u0445 \u043a\u0430\u043a \u0443\u0433\u043b\u044b \u043a\u043e\u043c\u043d\u0430\u0442\u044b \u0438 \u043f\u043e\u0434 \u043c\u0435\u0431\u0435\u043b\u044c\u044e.<\/li>\n<\/ul>","protected":false},"excerpt":{"rendered":"<p>Kendo magnetni mop set od mikrfibera sa izdr\u017eljivom teleskopskom dr\u0161kom i velikom glavom za brisanje pru\u017ea lak i brz na\u010din za \u010di\u0161c\u0301enje podova. Jednostavan i funkcionalan mop dopire i do te\u0161ko dostupnih mesta, sakupljajuc\u0301i svu prljav\u0161tinu. Pogodno za suvu upotrebu \u2013 za brisanje pra\u0161ine ili mokru upotrebu \u2013 za \u010di\u0161c\u0301enje podova. Mikrofiber krpa izuzetno upija i efikasno \u010disti svaku prljav\u0161tinu.<\/p>","protected":false},"featured_media":893,"comment_status":"closed","ping_status":"closed","template":"","meta":{"site-sidebar-layout":"default","site-content-layout":"default","ast-site-content-layout":"default","site-content-style":"default","site-sidebar-style":"default","ast-global-header-display":"","ast-banner-title-visibility":"","ast-main-header-display":"","ast-hfb-above-header-display":"","ast-hfb-below-header-display":"","ast-hfb-mobile-header-display":"","site-post-title":"","ast-breadcrumbs-content":"","ast-featured-img":"","footer-sml-layout":"","ast-disable-related-posts":"","theme-transparent-header-meta":"default","adv-header-id-meta":"","stick-header-meta":"","header-above-stick-meta":"","header-main-stick-meta":"","header-below-stick-meta":"","astra-migrate-meta-layouts":"set","ast-page-background-enabled":"default","ast-page-background-meta":{"desktop":{"background-color":"var(--ast-global-color-4)","background-image":"","background-repeat":"repeat","background-position":"center center","background-size":"auto","background-attachment":"scroll","background-type":"","background-media":"","overlay-type":"","overlay-color":"","overlay-opacity":"","overlay-gradient":""},"tablet":{"background-color":"","background-image":"","background-repeat":"repeat","background-position":"center center","background-size":"auto","background-attachment":"scroll","background-type":"","background-media":"","overlay-type":"","overlay-color":"","overlay-opacity":"","overlay-gradient":""},"mobile":{"background-color":"","background-image":"","background-repeat":"repeat","background-position":"center center","background-size":"auto","background-attachment":"scroll","background-type":"","background-media":"","overlay-type":"","overlay-color":"","overlay-opacity":"","overlay-gradient":""}},"ast-content-background-meta":{"desktop":{"background-color":"var(--ast-global-color-5)","background-image":"","background-repeat":"repeat","background-position":"center center","background-size":"auto","background-attachment":"scroll","background-type":"","background-media":"","overlay-type":"","overlay-color":"","overlay-opacity":"","overlay-gradient":""},"tablet":{"background-color":"var(--ast-global-color-5)","background-image":"","background-repeat":"repeat","background-position":"center center","background-size":"auto","background-attachment":"scroll","background-type":"","background-media":"","overlay-type":"","overlay-color":"","overlay-opacity":"","overlay-gradient":""},"mobile":{"background-color":"var(--ast-global-color-5)","background-image":"","background-repeat":"repeat","background-position":"center center","background-size":"auto","background-attachment":"scroll","background-type":"","background-media":"","overlay-type":"","overlay-color":"","overlay-opacity":"","overlay-gradient":""}}},"product_brand":[],"product_cat":[21,30],"product_tag":[],"class_list":{"0":"post-558","1":"product","2":"type-product","3":"status-publish","4":"has-post-thumbnail","6":"product_cat-kendo","7":"product_cat-nega-podova","8":"desktop-align-left","9":"tablet-align-left","10":"mobile-align-left","12":"first","13":"instock","14":"shipping-taxable","15":"product-type-simple"},"_links":{"self":[{"href":"https:\/\/europak.net\/ru\/wp-json\/wp\/v2\/product\/558","targetHints":{"allow":["GET"]}}],"collection":[{"href":"https:\/\/europak.net\/ru\/wp-json\/wp\/v2\/product"}],"about":[{"href":"https:\/\/europak.net\/ru\/wp-json\/wp\/v2\/types\/product"}],"replies":[{"embeddable":true,"href":"https:\/\/europak.net\/ru\/wp-json\/wp\/v2\/comments?post=558"}],"wp:featuredmedia":[{"embeddable":true,"href":"https:\/\/europak.net\/ru\/wp-json\/wp\/v2\/media\/893"}],"wp:attachment":[{"href":"https:\/\/europak.net\/ru\/wp-json\/wp\/v2\/media?parent=558"}],"wp:term":[{"taxonomy":"product_brand","embeddable":true,"href":"https:\/\/europak.net\/ru\/wp-json\/wp\/v2\/product_brand?post=558"},{"taxonomy":"product_cat","embeddable":true,"href":"https:\/\/europak.net\/ru\/wp-json\/wp\/v2\/product_cat?post=558"},{"taxonomy":"product_tag","embeddable":true,"href":"https:\/\/europak.net\/ru\/wp-json\/wp\/v2\/product_tag?post=558"}],"curies":[{"name":"wp","href":"https:\/\/api.w.org\/{rel}","templated":true}]}}